{"id":8052,"date":"2022-04-01T17:01:59","date_gmt":"2022-04-01T15:01:59","guid":{"rendered":"https:\/\/profertil-female.eu\/imprint\/"},"modified":"2022-04-06T17:25:03","modified_gmt":"2022-04-06T15:25:03","slug":"imprint","status":"publish","type":"page","link":"https:\/\/profertil-female.eu\/pl\/imprint\/","title":{"rendered":"Imprint"},"content":{"rendered":"\n<p>Ulica: Seeb\u00f6ckgasse 59<br>Kod pocztowy \/ Miasto: 1160 Wiede\u0144<br>Telefon: +43 1 405 14 19<br>Faks: +43 1 405 14 19 DW 20<br>Strona g\u0142\u00f3wna: www.lenuspharma.com<br>E-mail: <a href=\"mailto:office@lenuspharma.com\">office@lenuspharma.com<\/a><br>E-mail: polska@lenuspharma.com<\/p>\n\n\n\n<p>UID: ATU 628 08 368<\/p>\n\n\n\n<p>VAT nr: 282 292 K<\/p>\n\n\n\n<p>Rejestr firmy: Handelsgericht Wien<\/p>\n\n\n\n<p>Organ w\u0142a\u015bciwy wg. ECL: Magistratisches<br>Bezirksamt des IX. Bezirkes<\/p>\n\n\n\n<p>Siedziba: Wiede\u0144<\/p>\n\n\n\n<p>Dyrektor zarz\u0105dzaj\u0105cy: mgr Brigitte Annerl<\/p>\n\n\n\n<p>Wszelkie prawa zastrze\u017cone.<\/p>\n\n\n\n<p>LENUS Pharma GesmbH nie ponosi odpowiedzialno\u015bci za zawarto\u015b\u0107 stron, do kt\u00f3rych prowadz\u0105 linki!<\/p>\n","protected":false},"excerpt":{"rendered":"<p>Ulica: Seeb\u00f6ckgasse 59Kod pocztowy \/ Miasto: 1160 Wiede\u0144Telefon: +43 1 405 14 19Faks: +43 1 405 14 19 DW 20Strona g\u0142\u00f3wna: www.lenuspharma.comE-mail: office@lenuspharma.comE-mail: polska@lenuspharma.com UID: ATU 628 08 368 VAT nr: 282 292 K Rejestr firmy: Handelsgericht Wien Organ w\u0142a\u015bciwy wg. ECL: MagistratischesBezirksamt des IX. Bezirkes Siedziba: Wiede\u0144 Dyrektor zarz\u0105dzaj\u0105cy: mgr Brigitte Annerl Wszelkie prawa<a class=\"excerpt-read-more\" href=\"https:\/\/profertil-female.eu\/pl\/imprint\/\" title=\"ReadImprint\">&#8230; Read more &raquo;<\/a><\/p>\n","protected":false},"author":1,"featured_media":0,"parent":0,"menu_order":0,"comment_status":"closed","ping_status":"closed","template":"","meta":{"_acf_changed":false,"pgc_sgb_lightbox_settings":"","footnotes":""},"categories":[],"tags":[],"class_list":["post-8052","page","type-page","status-publish","hentry"],"acf":[],"yoast_head":"<!-- This site is optimized with the Yoast SEO plugin v24.7 - https:\/\/yoast.com\/wordpress\/plugins\/seo\/ -->\n<title>Imprint - PROFERTIL\u00ae female<\/title>\n<meta name=\"robots\" content=\"index, follow, max-snippet:-1, max-image-preview:large, max-video-preview:-1\" \/>\n<link rel=\"canonical\" href=\"https:\/\/profertil-female.eu\/pl\/imprint\/\" \/>\n<meta property=\"og:locale\" content=\"pl_PL\" \/>\n<meta property=\"og:type\" content=\"article\" \/>\n<meta property=\"og:title\" content=\"Imprint - PROFERTIL\u00ae female\" \/>\n<meta property=\"og:description\" content=\"Ulica: Seeb\u00f6ckgasse 59Kod pocztowy \/ Miasto: 1160 Wiede\u0144Telefon: +43 1 405 14 19Faks: +43 1 405 14 19 DW 20Strona g\u0142\u00f3wna: www.lenuspharma.comE-mail: office@lenuspharma.comE-mail: polska@lenuspharma.com UID: ATU 628 08 368 VAT nr: 282 292 K Rejestr firmy: Handelsgericht Wien Organ w\u0142a\u015bciwy wg. ECL: MagistratischesBezirksamt des IX. Bezirkes Siedziba: Wiede\u0144 Dyrektor zarz\u0105dzaj\u0105cy: mgr Brigitte Annerl Wszelkie prawa... Read more &raquo;\" \/>\n<meta property=\"og:url\" content=\"https:\/\/profertil-female.eu\/pl\/imprint\/\" \/>\n<meta property=\"og:site_name\" content=\"PROFERTIL\u00ae female\" \/>\n<meta property=\"article:modified_time\" content=\"2022-04-06T15:25:03+00:00\" \/>\n<meta name=\"twitter:card\" content=\"summary_large_image\" \/>\n<script type=\"application\/ld+json\" class=\"yoast-schema-graph\">{\"@context\":\"https:\/\/schema.org\",\"@graph\":[{\"@type\":\"WebPage\",\"@id\":\"https:\/\/profertil-female.eu\/pl\/imprint\/\",\"url\":\"https:\/\/profertil-female.eu\/pl\/imprint\/\",\"name\":\"Imprint - PROFERTIL\u00ae female\",\"isPartOf\":{\"@id\":\"https:\/\/profertil-female.eu\/pl\/#website\"},\"datePublished\":\"2022-04-01T15:01:59+00:00\",\"dateModified\":\"2022-04-06T15:25:03+00:00\",\"breadcrumb\":{\"@id\":\"https:\/\/profertil-female.eu\/pl\/imprint\/#breadcrumb\"},\"inLanguage\":\"pl-PL\",\"potentialAction\":[{\"@type\":\"ReadAction\",\"target\":[\"https:\/\/profertil-female.eu\/pl\/imprint\/\"]}]},{\"@type\":\"BreadcrumbList\",\"@id\":\"https:\/\/profertil-female.eu\/pl\/imprint\/#breadcrumb\",\"itemListElement\":[{\"@type\":\"ListItem\",\"position\":1,\"name\":\"Home\",\"item\":\"https:\/\/profertil-female.eu\/pl\/\"},{\"@type\":\"ListItem\",\"position\":2,\"name\":\"Imprint\"}]},{\"@type\":\"WebSite\",\"@id\":\"https:\/\/profertil-female.eu\/pl\/#website\",\"url\":\"https:\/\/profertil-female.eu\/pl\/\",\"name\":\"PROFERTIL\u00ae female\",\"description\":\"The fertility pill for women\",\"potentialAction\":[{\"@type\":\"SearchAction\",\"target\":{\"@type\":\"EntryPoint\",\"urlTemplate\":\"https:\/\/profertil-female.eu\/pl\/?s={search_term_string}\"},\"query-input\":{\"@type\":\"PropertyValueSpecification\",\"valueRequired\":true,\"valueName\":\"search_term_string\"}}],\"inLanguage\":\"pl-PL\"}]}<\/script>\n<!-- \/ Yoast SEO plugin. -->","yoast_head_json":{"title":"Imprint - PROFERTIL\u00ae female","robots":{"index":"index","follow":"follow","max-snippet":"max-snippet:-1","max-image-preview":"max-image-preview:large","max-video-preview":"max-video-preview:-1"},"canonical":"https:\/\/profertil-female.eu\/pl\/imprint\/","og_locale":"pl_PL","og_type":"article","og_title":"Imprint - PROFERTIL\u00ae female","og_description":"Ulica: Seeb\u00f6ckgasse 59Kod pocztowy \/ Miasto: 1160 Wiede\u0144Telefon: +43 1 405 14 19Faks: +43 1 405 14 19 DW 20Strona g\u0142\u00f3wna: www.lenuspharma.comE-mail: office@lenuspharma.comE-mail: polska@lenuspharma.com UID: ATU 628 08 368 VAT nr: 282 292 K Rejestr firmy: Handelsgericht Wien Organ w\u0142a\u015bciwy wg. ECL: MagistratischesBezirksamt des IX. Bezirkes Siedziba: Wiede\u0144 Dyrektor zarz\u0105dzaj\u0105cy: mgr Brigitte Annerl Wszelkie prawa... Read more &raquo;","og_url":"https:\/\/profertil-female.eu\/pl\/imprint\/","og_site_name":"PROFERTIL\u00ae female","article_modified_time":"2022-04-06T15:25:03+00:00","twitter_card":"summary_large_image","schema":{"@context":"https:\/\/schema.org","@graph":[{"@type":"WebPage","@id":"https:\/\/profertil-female.eu\/pl\/imprint\/","url":"https:\/\/profertil-female.eu\/pl\/imprint\/","name":"Imprint - PROFERTIL\u00ae female","isPartOf":{"@id":"https:\/\/profertil-female.eu\/pl\/#website"},"datePublished":"2022-04-01T15:01:59+00:00","dateModified":"2022-04-06T15:25:03+00:00","breadcrumb":{"@id":"https:\/\/profertil-female.eu\/pl\/imprint\/#breadcrumb"},"inLanguage":"pl-PL","potentialAction":[{"@type":"ReadAction","target":["https:\/\/profertil-female.eu\/pl\/imprint\/"]}]},{"@type":"BreadcrumbList","@id":"https:\/\/profertil-female.eu\/pl\/imprint\/#breadcrumb","itemListElement":[{"@type":"ListItem","position":1,"name":"Home","item":"https:\/\/profertil-female.eu\/pl\/"},{"@type":"ListItem","position":2,"name":"Imprint"}]},{"@type":"WebSite","@id":"https:\/\/profertil-female.eu\/pl\/#website","url":"https:\/\/profertil-female.eu\/pl\/","name":"PROFERTIL\u00ae female","description":"The fertility pill for women","potentialAction":[{"@type":"SearchAction","target":{"@type":"EntryPoint","urlTemplate":"https:\/\/profertil-female.eu\/pl\/?s={search_term_string}"},"query-input":{"@type":"PropertyValueSpecification","valueRequired":true,"valueName":"search_term_string"}}],"inLanguage":"pl-PL"}]}},"_links":{"self":[{"href":"https:\/\/profertil-female.eu\/pl\/wp-json\/wp\/v2\/pages\/8052","targetHints":{"allow":["GET"]}}],"collection":[{"href":"https:\/\/profertil-female.eu\/pl\/wp-json\/wp\/v2\/pages"}],"about":[{"href":"https:\/\/profertil-female.eu\/pl\/wp-json\/wp\/v2\/types\/page"}],"author":[{"embeddable":true,"href":"https:\/\/profertil-female.eu\/pl\/wp-json\/wp\/v2\/users\/1"}],"replies":[{"embeddable":true,"href":"https:\/\/profertil-female.eu\/pl\/wp-json\/wp\/v2\/comments?post=8052"}],"version-history":[{"count":1,"href":"https:\/\/profertil-female.eu\/pl\/wp-json\/wp\/v2\/pages\/8052\/revisions"}],"predecessor-version":[{"id":8087,"href":"https:\/\/profertil-female.eu\/pl\/wp-json\/wp\/v2\/pages\/8052\/revisions\/8087"}],"wp:attachment":[{"href":"https:\/\/profertil-female.eu\/pl\/wp-json\/wp\/v2\/media?parent=8052"}],"wp:term":[{"taxonomy":"category","embeddable":true,"href":"https:\/\/profertil-female.eu\/pl\/wp-json\/wp\/v2\/categories?post=8052"},{"taxonomy":"post_tag","embeddable":true,"href":"https:\/\/profertil-female.eu\/pl\/wp-json\/wp\/v2\/tags?post=8052"}],"curies":[{"name":"wp","href":"https:\/\/api.w.org\/{rel}","templated":true}]}}