{"id":8046,"date":"2022-04-01T16:57:36","date_gmt":"2022-04-01T14:57:36","guid":{"rendered":"https:\/\/profertil-female.eu\/kontakt\/"},"modified":"2023-06-23T10:12:37","modified_gmt":"2023-06-23T08:12:37","slug":"kontakt","status":"publish","type":"page","link":"https:\/\/profertil-female.eu\/pl\/kontakt\/","title":{"rendered":"Kontakt"},"content":{"rendered":"\n<div class=\"wp-block-cover alignfull is-light width-100 hide-for-medium\" style=\"min-height:241px;aspect-ratio:unset;\"><span aria-hidden=\"true\" class=\"wp-block-cover__background has-background-dim-0 has-background-dim\"><\/span><img loading=\"lazy\" decoding=\"async\" width=\"2040\" height=\"630\" class=\"wp-block-cover__image-background wp-image-2333\" alt=\"\" src=\"https:\/\/profertil-female.eu\/wp-content\/uploads\/2022\/04\/kontakt.jpg\" style=\"object-position:91% 49%\" data-object-fit=\"cover\" data-object-position=\"91% 49%\"\/><div class=\"wp-block-cover__inner-container is-layout-flow wp-block-cover-is-layout-flow\">\n<h1 class=\"has-text-align-left text-shadow margin-double__top has-white-color has-text-color wp-block-heading\">Kontakt<\/h1>\n<\/div><\/div>\n\n\n\n<div class=\"wp-block-cover alignfull is-light width-100 show-for-medium\" style=\"min-height:380px;aspect-ratio:unset;\"><span aria-hidden=\"true\" class=\"wp-block-cover__background has-background-dim-0 has-background-dim\"><\/span><img loading=\"lazy\" decoding=\"async\" width=\"2040\" height=\"630\" class=\"wp-block-cover__image-background wp-image-2333\" alt=\"\" src=\"https:\/\/profertil-female.eu\/wp-content\/uploads\/2022\/04\/kontakt.jpg\" style=\"object-position:91% 49%\" data-object-fit=\"cover\" data-object-position=\"91% 49%\"\/><div class=\"wp-block-cover__inner-container is-layout-flow wp-block-cover-is-layout-flow\">\n<h1 class=\"has-text-align-left text-shadow margin-double__top has-white-color has-text-color wp-block-heading\">Kontakt<\/h1>\n\n\n\n<p><\/p>\n<\/div><\/div>\n\n\n\n<div style=\"height:20px\" aria-hidden=\"true\" class=\"wp-block-spacer show-for-medium\"><\/div>\n\n\n\n<div class=\"wp-block-columns is-layout-flex wp-container-core-columns-is-layout-1 wp-block-columns-is-layout-flex\">\n<div class=\"wp-block-column is-layout-flow wp-block-column-is-layout-flow\">\n<iframe src=\"https:\/\/www.google.com\/maps\/embed?pb=!1m14!1m8!1m3!1d10633.47994798011!2d16.3102049!3d48.2187498!3m2!1i1024!2i768!4f13.1!3m3!1m2!1s0x476d0812cfa8c9f7%3A0x2a5e3d684d1dfa78!2sLENUS%20Pharma%20GesmbH!5e0!3m2!1sen!2sat!4v1687463891274!5m2!1sen!2sat\" width=\"100%\" height=\"450\" style=\"border:0;\" allowfullscreen=\"\" loading=\"lazy\" referrerpolicy=\"no-referrer-when-downgrade\"><\/iframe>\n<\/div>\n\n\n\n<div class=\"wp-block-column is-layout-flow wp-block-column-is-layout-flow\">\n<div style=\"height:30px\" aria-hidden=\"true\" class=\"wp-block-spacer hide-for-medium\"><\/div>\n\n\n\n<p><strong>LENUS Pharma GesmbH<\/strong><br>Ulica: Seeb\u00f6ckgasse 59<br>Kod pocztowy \/ Miasto: 1160 Wiede\u0144<br>Telefon: +43 1 405 14 19<br>Faks: 43 1 405 14 19 DW 20<\/p>\n\n\n\n<p>E-mail:&nbsp;<a href=\"mailto:office@lenuspharma.com\">office@lenuspharma.com<\/a><br>Strona g\u0142\u00f3wna:&nbsp;<a href=\"https:\/\/lenuspharma.com\">www.lenuspharma.com<\/a><\/p>\n<\/div>\n<\/div>\n\n\n\n<div style=\"height:20px\" aria-hidden=\"true\" class=\"wp-block-spacer\"><\/div>\n","protected":false},"excerpt":{"rendered":"<p>LENUS Pharma GesmbHUlica: Seeb\u00f6ckgasse 59Kod pocztowy \/ Miasto: 1160 Wiede\u0144Telefon: +43 1 405 14 19Faks: 43 1 405 14 19 DW 20 E-mail:&nbsp;office@lenuspharma.comStrona g\u0142\u00f3wna:&nbsp;www.lenuspharma.com<\/p>\n","protected":false},"author":1,"featured_media":8047,"parent":0,"menu_order":0,"comment_status":"closed","ping_status":"closed","template":"template-full-width-no-title.php","meta":{"_acf_changed":false,"pgc_sgb_lightbox_settings":"","footnotes":""},"categories":[],"tags":[],"class_list":["post-8046","page","type-page","status-publish","has-post-thumbnail","hentry"],"acf":[],"yoast_head":"<!-- This site is optimized with the Yoast SEO plugin v24.7 - https:\/\/yoast.com\/wordpress\/plugins\/seo\/ -->\n<title>Kontakt - PROFERTIL\u00ae female<\/title>\n<meta name=\"robots\" content=\"index, follow, max-snippet:-1, max-image-preview:large, max-video-preview:-1\" \/>\n<link rel=\"canonical\" href=\"https:\/\/profertil-female.eu\/pl\/kontakt\/\" \/>\n<meta property=\"og:locale\" content=\"pl_PL\" \/>\n<meta property=\"og:type\" content=\"article\" \/>\n<meta property=\"og:title\" content=\"Kontakt - PROFERTIL\u00ae female\" \/>\n<meta property=\"og:description\" content=\"LENUS Pharma GesmbHUlica: Seeb\u00f6ckgasse 59Kod pocztowy \/ Miasto: 1160 Wiede\u0144Telefon: +43 1 405 14 19Faks: 43 1 405 14 19 DW 20 E-mail:&nbsp;office@lenuspharma.comStrona g\u0142\u00f3wna:&nbsp;www.lenuspharma.com\" \/>\n<meta property=\"og:url\" content=\"https:\/\/profertil-female.eu\/pl\/kontakt\/\" \/>\n<meta property=\"og:site_name\" content=\"PROFERTIL\u00ae female\" \/>\n<meta property=\"article:modified_time\" content=\"2023-06-23T08:12:37+00:00\" \/>\n<meta property=\"og:image\" content=\"https:\/\/profertil-female.eu\/wp-content\/uploads\/2022\/04\/kontakt.jpg\" \/>\n\t<meta property=\"og:image:width\" content=\"2040\" \/>\n\t<meta property=\"og:image:height\" content=\"630\" \/>\n\t<meta property=\"og:image:type\" content=\"image\/jpeg\" \/>\n<meta name=\"twitter:card\" content=\"summary_large_image\" \/>\n<script type=\"application\/ld+json\" class=\"yoast-schema-graph\">{\"@context\":\"https:\/\/schema.org\",\"@graph\":[{\"@type\":\"WebPage\",\"@id\":\"https:\/\/profertil-female.eu\/pl\/kontakt\/\",\"url\":\"https:\/\/profertil-female.eu\/pl\/kontakt\/\",\"name\":\"Kontakt - PROFERTIL\u00ae female\",\"isPartOf\":{\"@id\":\"https:\/\/profertil-female.eu\/pl\/#website\"},\"primaryImageOfPage\":{\"@id\":\"https:\/\/profertil-female.eu\/pl\/kontakt\/#primaryimage\"},\"image\":{\"@id\":\"https:\/\/profertil-female.eu\/pl\/kontakt\/#primaryimage\"},\"thumbnailUrl\":\"https:\/\/profertil-female.eu\/wp-content\/uploads\/2022\/04\/kontakt.jpg\",\"datePublished\":\"2022-04-01T14:57:36+00:00\",\"dateModified\":\"2023-06-23T08:12:37+00:00\",\"breadcrumb\":{\"@id\":\"https:\/\/profertil-female.eu\/pl\/kontakt\/#breadcrumb\"},\"inLanguage\":\"pl-PL\",\"potentialAction\":[{\"@type\":\"ReadAction\",\"target\":[\"https:\/\/profertil-female.eu\/pl\/kontakt\/\"]}]},{\"@type\":\"ImageObject\",\"inLanguage\":\"pl-PL\",\"@id\":\"https:\/\/profertil-female.eu\/pl\/kontakt\/#primaryimage\",\"url\":\"https:\/\/profertil-female.eu\/wp-content\/uploads\/2022\/04\/kontakt.jpg\",\"contentUrl\":\"https:\/\/profertil-female.eu\/wp-content\/uploads\/2022\/04\/kontakt.jpg\",\"width\":2040,\"height\":630},{\"@type\":\"BreadcrumbList\",\"@id\":\"https:\/\/profertil-female.eu\/pl\/kontakt\/#breadcrumb\",\"itemListElement\":[{\"@type\":\"ListItem\",\"position\":1,\"name\":\"Home\",\"item\":\"https:\/\/profertil-female.eu\/pl\/\"},{\"@type\":\"ListItem\",\"position\":2,\"name\":\"Kontakt\"}]},{\"@type\":\"WebSite\",\"@id\":\"https:\/\/profertil-female.eu\/pl\/#website\",\"url\":\"https:\/\/profertil-female.eu\/pl\/\",\"name\":\"PROFERTIL\u00ae female\",\"description\":\"The fertility pill for women\",\"potentialAction\":[{\"@type\":\"SearchAction\",\"target\":{\"@type\":\"EntryPoint\",\"urlTemplate\":\"https:\/\/profertil-female.eu\/pl\/?s={search_term_string}\"},\"query-input\":{\"@type\":\"PropertyValueSpecification\",\"valueRequired\":true,\"valueName\":\"search_term_string\"}}],\"inLanguage\":\"pl-PL\"}]}<\/script>\n<!-- \/ Yoast SEO plugin. -->","yoast_head_json":{"title":"Kontakt - PROFERTIL\u00ae female","robots":{"index":"index","follow":"follow","max-snippet":"max-snippet:-1","max-image-preview":"max-image-preview:large","max-video-preview":"max-video-preview:-1"},"canonical":"https:\/\/profertil-female.eu\/pl\/kontakt\/","og_locale":"pl_PL","og_type":"article","og_title":"Kontakt - PROFERTIL\u00ae female","og_description":"LENUS Pharma GesmbHUlica: Seeb\u00f6ckgasse 59Kod pocztowy \/ Miasto: 1160 Wiede\u0144Telefon: +43 1 405 14 19Faks: 43 1 405 14 19 DW 20 E-mail:&nbsp;office@lenuspharma.comStrona g\u0142\u00f3wna:&nbsp;www.lenuspharma.com","og_url":"https:\/\/profertil-female.eu\/pl\/kontakt\/","og_site_name":"PROFERTIL\u00ae female","article_modified_time":"2023-06-23T08:12:37+00:00","og_image":[{"width":2040,"height":630,"url":"https:\/\/profertil-female.eu\/wp-content\/uploads\/2022\/04\/kontakt.jpg","type":"image\/jpeg"}],"twitter_card":"summary_large_image","schema":{"@context":"https:\/\/schema.org","@graph":[{"@type":"WebPage","@id":"https:\/\/profertil-female.eu\/pl\/kontakt\/","url":"https:\/\/profertil-female.eu\/pl\/kontakt\/","name":"Kontakt - PROFERTIL\u00ae female","isPartOf":{"@id":"https:\/\/profertil-female.eu\/pl\/#website"},"primaryImageOfPage":{"@id":"https:\/\/profertil-female.eu\/pl\/kontakt\/#primaryimage"},"image":{"@id":"https:\/\/profertil-female.eu\/pl\/kontakt\/#primaryimage"},"thumbnailUrl":"https:\/\/profertil-female.eu\/wp-content\/uploads\/2022\/04\/kontakt.jpg","datePublished":"2022-04-01T14:57:36+00:00","dateModified":"2023-06-23T08:12:37+00:00","breadcrumb":{"@id":"https:\/\/profertil-female.eu\/pl\/kontakt\/#breadcrumb"},"inLanguage":"pl-PL","potentialAction":[{"@type":"ReadAction","target":["https:\/\/profertil-female.eu\/pl\/kontakt\/"]}]},{"@type":"ImageObject","inLanguage":"pl-PL","@id":"https:\/\/profertil-female.eu\/pl\/kontakt\/#primaryimage","url":"https:\/\/profertil-female.eu\/wp-content\/uploads\/2022\/04\/kontakt.jpg","contentUrl":"https:\/\/profertil-female.eu\/wp-content\/uploads\/2022\/04\/kontakt.jpg","width":2040,"height":630},{"@type":"BreadcrumbList","@id":"https:\/\/profertil-female.eu\/pl\/kontakt\/#breadcrumb","itemListElement":[{"@type":"ListItem","position":1,"name":"Home","item":"https:\/\/profertil-female.eu\/pl\/"},{"@type":"ListItem","position":2,"name":"Kontakt"}]},{"@type":"WebSite","@id":"https:\/\/profertil-female.eu\/pl\/#website","url":"https:\/\/profertil-female.eu\/pl\/","name":"PROFERTIL\u00ae female","description":"The fertility pill for women","potentialAction":[{"@type":"SearchAction","target":{"@type":"EntryPoint","urlTemplate":"https:\/\/profertil-female.eu\/pl\/?s={search_term_string}"},"query-input":{"@type":"PropertyValueSpecification","valueRequired":true,"valueName":"search_term_string"}}],"inLanguage":"pl-PL"}]}},"_links":{"self":[{"href":"https:\/\/profertil-female.eu\/pl\/wp-json\/wp\/v2\/pages\/8046","targetHints":{"allow":["GET"]}}],"collection":[{"href":"https:\/\/profertil-female.eu\/pl\/wp-json\/wp\/v2\/pages"}],"about":[{"href":"https:\/\/profertil-female.eu\/pl\/wp-json\/wp\/v2\/types\/page"}],"author":[{"embeddable":true,"href":"https:\/\/profertil-female.eu\/pl\/wp-json\/wp\/v2\/users\/1"}],"replies":[{"embeddable":true,"href":"https:\/\/profertil-female.eu\/pl\/wp-json\/wp\/v2\/comments?post=8046"}],"version-history":[{"count":4,"href":"https:\/\/profertil-female.eu\/pl\/wp-json\/wp\/v2\/pages\/8046\/revisions"}],"predecessor-version":[{"id":11987,"href":"https:\/\/profertil-female.eu\/pl\/wp-json\/wp\/v2\/pages\/8046\/revisions\/11987"}],"wp:featuredmedia":[{"embeddable":true,"href":"https:\/\/profertil-female.eu\/pl\/wp-json\/wp\/v2\/media\/8047"}],"wp:attachment":[{"href":"https:\/\/profertil-female.eu\/pl\/wp-json\/wp\/v2\/media?parent=8046"}],"wp:term":[{"taxonomy":"category","embeddable":true,"href":"https:\/\/profertil-female.eu\/pl\/wp-json\/wp\/v2\/categories?post=8046"},{"taxonomy":"post_tag","embeddable":true,"href":"https:\/\/profertil-female.eu\/pl\/wp-json\/wp\/v2\/tags?post=8046"}],"curies":[{"name":"wp","href":"https:\/\/api.w.org\/{rel}","templated":true}]}}