{"id":7871,"date":"2022-04-01T15:51:47","date_gmt":"2022-04-01T13:51:47","guid":{"rendered":"https:\/\/profertil-female.eu\/badania\/amh-rezerwa-jajnikowa\/"},"modified":"2022-04-06T17:23:18","modified_gmt":"2022-04-06T15:23:18","slug":"amh-rezerwa-jajnikowa","status":"publish","type":"page","link":"https:\/\/profertil-female.eu\/pl\/badania\/amh-rezerwa-jajnikowa\/","title":{"rendered":"AMH\/Rezerwa jajnikowa"},"content":{"rendered":"\n<div class=\"wp-block-group profertil-header-group\"><div class=\"wp-block-group__inner-container is-layout-flow wp-block-group-is-layout-flow\">\n<div class=\"wp-block-cover alignfull is-light has-custom-content-position is-position-center-left profertil-header-group__block-cover no-margin__bottom\"><span aria-hidden=\"true\" class=\"has-background-dim-0 wp-block-cover__gradient-background has-background-dim\"><\/span><img loading=\"lazy\" decoding=\"async\" width=\"1950\" height=\"775\" class=\"wp-block-cover__image-background wp-image-1394\" alt=\"\" src=\"https:\/\/profertil-female.eu\/wp-content\/uploads\/2022\/04\/reaktivierung-weibliche-fertilitaet-header.jpg\" style=\"object-position:73% 45%\" data-object-fit=\"cover\" data-object-position=\"73% 45%\"\/><div class=\"wp-block-cover__inner-container is-layout-flow wp-block-cover-is-layout-flow\">\n<h1 class=\"text-shadow has-white-color has-text-color wp-block-heading\"><strong>Pocz\u0105wszy od 35. roku \u017cycia <\/strong><br><strong>p\u0142odno\u015b\u0107 obni\u017ca si\u0119, a poziom AMH spada<\/strong><\/h1>\n<\/div><\/div>\n\n\n\n<div class=\"wp-block-group alignfull profertil-header-group__group-tagline\"><div class=\"wp-block-group__inner-container is-layout-flow wp-block-group-is-layout-flow\">\n<div class=\"wp-block-columns alignfull width-100 has-background-light-background-color has-background is-layout-flex wp-container-core-columns-is-layout-1 wp-block-columns-is-layout-flex\">\n<div class=\"wp-block-column is-layout-flow wp-block-column-is-layout-flow\" style=\"flex-basis:66.66%\">\n<h2 class=\"wp-block-heading\"><strong><span class=\"has-inline-color has-gray-color\">PROFERTIL\u00ae female to <\/span><span class=\"has-inline-color has-accent-color\">dobre rozwi\u0105zanie<\/span><span class=\"has-inline-color has-gray-color\"> dla kobiet powy\u017cej 35. roku \u017cycia<\/span><\/strong><\/h2>\n\n\n\n<p><\/p>\n<\/div>\n\n\n\n<div class=\"wp-block-column is-layout-flow wp-block-column-is-layout-flow\" style=\"flex-basis:33.33%\"><\/div>\n<\/div>\n\n\n\n<div class=\"anchorlink show-for-medium alignfull has-background-light-background-color\">\n            <a href=\"#section1\" class=\"has-accent-color\" data-smooth-scroll data-animation-duration=\"750\" data-animation-easing=\"swing\" data-offset=\"-23\">\n            <i class=\"material-icons md-expand_more anchor-pulse\"><\/i>\n        <\/a>\n    <\/div>\n<\/div><\/div>\n<\/div><\/div>\n\n\n\n<div class=\"wp-block-cover alignfull is-light window-height centered width-100\" id=\"section1\"><span aria-hidden=\"true\" class=\"has-white-background-color has-background-dim-100 wp-block-cover__gradient-background has-background-dim\"><\/span><div class=\"wp-block-cover__inner-container is-layout-flow wp-block-cover-is-layout-flow\">\n<div style=\"height:50px\" aria-hidden=\"true\" class=\"wp-block-spacer\"><\/div>\n\n\n\n<div class=\"wp-block-columns is-layout-flex wp-container-core-columns-is-layout-2 wp-block-columns-is-layout-flex\">\n<div class=\"wp-block-column is-layout-flow wp-block-column-is-layout-flow\" style=\"flex-basis:75%\">\n<figure class=\"wp-block-image size-full is-resized show-for-medium\"><img decoding=\"async\" src=\"https:\/\/profertil-female.eu\/wp-content\/uploads\/2022\/04\/Group-373.png\" alt=\"\" class=\"wp-image-4577\" width=\"275\"\/><\/figure>\n\n\n\n<figure class=\"wp-block-image size-full is-resized hide-for-medium\"><img decoding=\"async\" src=\"https:\/\/profertil-female.eu\/wp-content\/uploads\/2022\/04\/Group-373.png\" alt=\"\" class=\"wp-image-4577\" width=\"184\"\/><\/figure>\n\n\n\n<div style=\"height:30px\" aria-hidden=\"true\" class=\"wp-block-spacer\"><\/div>\n\n\n\n<p class=\"has-accent-color has-text-color has-profertil-medium-font-size\">Udowodnione naukowo:<br><strong>Po 35. roku \u017cycia poziom AMH i p\u0142odno\u015b\u0107 mog\u0105 spa\u015b\u0107 do krytycznych warto\u015bci.<\/strong><\/p>\n\n\n\n<div style=\"height:30px\" aria-hidden=\"true\" class=\"wp-block-spacer\"><\/div>\n\n\n\n<figure class=\"wp-block-image size-large\"><img decoding=\"async\" src=\"https:\/\/profertil-female.eu\/wp-content\/uploads\/2022\/04\/Grafik_PCOS_rzk4_PL-1024x400.png\" alt=\"\" class=\"wp-image-4571\"\/><\/figure>\n\n\n\n<div style=\"height:30px\" aria-hidden=\"true\" class=\"wp-block-spacer\"><\/div>\n\n\n\n<p>Warto\u015b\u0107 AMH (Hormon antym\u00fcllerowski) oznacza wsp\u00f3\u0142czynnik p\u0142odno\u015bci kobiet i mo\u017ce mie\u0107 kluczowe znaczenie dla powodzenia leczenia IVF. Niski poziom AMH mo\u017ce wskazywa\u0107 na nisk\u0105 rezerw\u0119 jajnikow\u0105, poniewa\u017c poziom AMH w surowicy silnie koreluje z liczb\u0105 dojrzewaj\u0105cych p\u0119cherzyk\u00f3w jajnikowych. *<\/p>\n\n\n\n<div style=\"height:30px\" aria-hidden=\"true\" class=\"wp-block-spacer\"><\/div>\n\n\n\n<p class=\"has-profertil-small-font-size\">*Gomez R. i in.; Arch Gynecol Obstet (2016) 293: 667\u2013673.<\/p>\n<\/div>\n\n\n\n<div class=\"wp-block-column is-layout-flow wp-block-column-is-layout-flow\" style=\"flex-basis:25%\"><\/div>\n<\/div>\n\n\n\n<div style=\"height:50px\" aria-hidden=\"true\" class=\"wp-block-spacer\"><\/div>\n\n\n\n<div class=\"anchorlink show-for-medium stick-to-bottom\">\n            <a href=\"#section2\" class=\"has-accent-color\" data-smooth-scroll data-animation-duration=\"750\" data-animation-easing=\"swing\" data-offset=\"-23\">\n            <i class=\"material-icons md-expand_more anchor-pulse\"><\/i>\n        <\/a>\n    <\/div>\n<\/div><\/div>\n\n\n\n<div class=\"wp-block-cover alignfull is-light window-height centered no-margin__bottom\" id=\"section2\"><span aria-hidden=\"true\" class=\"has-background-medium-background-color has-background-dim-100 wp-block-cover__gradient-background has-background-dim\"><\/span><div class=\"wp-block-cover__inner-container is-layout-flow wp-block-cover-is-layout-flow\">\n<div style=\"height:50px\" aria-hidden=\"true\" class=\"wp-block-spacer\"><\/div>\n\n\n\n<h2 class=\"wp-block-heading\"><mark style=\"background-color:rgba(0, 0, 0, 0)\" class=\"has-inline-color has-gray-color\">Dla kobiet w wieku 35+ lub z zespolem policystycznych jajnik\u00f3w (PCOS), <\/mark><mark style=\"background-color:rgba(0, 0, 0, 0)\" class=\"has-inline-color has-accent-color\">warto\u015b\u0107 AMH jest kluczowa.<\/mark><\/h2>\n\n\n\n<div style=\"height:30px\" aria-hidden=\"true\" class=\"wp-block-spacer\"><\/div>\n\n\n\n<div class=\"wp-block-columns are-vertically-aligned-center is-layout-flex wp-container-core-columns-is-layout-3 wp-block-columns-is-layout-flex\">\n<div class=\"wp-block-column is-vertically-aligned-center is-layout-flow wp-block-column-is-layout-flow\">\n<div class=\"wp-block-image\"><figure class=\"aligncenter size-large\"><img decoding=\"async\" src=\"https:\/\/profertil-female.eu\/wp-content\/uploads\/2022\/04\/image002-1024x923.png\" alt=\"\" class=\"wp-image-4339\"\/><\/figure><\/div>\n<\/div>\n\n\n\n<div class=\"wp-block-column is-vertically-aligned-center is-layout-flow wp-block-column-is-layout-flow\">\n<p><strong><span class=\"has-inline-color has-accent-color\">PROFERTIL\u00ae female zwi\u0119ksza poziom AMH, gdy jest zbyt niski u kobiet w wieku 35+, a tak\u017ce obni\u017ca poziom AMH, gdy jest zbyt wysoki u kobiet dotkni\u0119tych PCOS. <\/span><\/strong><span class=\"has-inline-color has-gray-color\">Warto\u015b\u0107 AMH w zielonym zakresie (od oko\u0142o 1,0 do poni\u017cej 6,0 ng\/ml) wskazuje, \u017ce warunki s\u0105 dobre dla p\u0142odno\u015bci kobiet.<\/span><\/p>\n\n\n\n<div style=\"height:40px\" aria-hidden=\"true\" class=\"wp-block-spacer\"><\/div>\n\n\n\n<p class=\"has-profertil-small-font-size\">Ficicioglu C. i in.; Gynecol Endocrinol (2014) maj;30(5):372-6.<br>Merdassi G. i in.; Fertil Steril (2013) wrzesie\u0144;100(3):S157.<\/p>\n<\/div>\n<\/div>\n\n\n\n<div style=\"height:50px\" aria-hidden=\"true\" class=\"wp-block-spacer\"><\/div>\n\n\n\n<div class=\"anchorlink show-for-medium stick-to-bottom\">\n            <a href=\"#section3\" class=\"has-accent-color\" data-smooth-scroll data-animation-duration=\"750\" data-animation-easing=\"swing\" data-offset=\"-23\">\n            <i class=\"material-icons md-expand_more anchor-pulse\"><\/i>\n        <\/a>\n    <\/div>\n<\/div><\/div>\n\n\n\n<div class=\"wp-block-cover alignfull is-light window-height centered no-margin__bottom width-100\" id=\"section3\"><span aria-hidden=\"true\" class=\"has-background-dim-100 wp-block-cover__gradient-background has-background-dim has-background-gradient\" style=\"background:linear-gradient(91deg,rgb(163,109,54) 0%,rgb(235,172,106) 100%)\"><\/span><div class=\"wp-block-cover__inner-container is-layout-flow wp-block-cover-is-layout-flow\">\n<div style=\"height:50px\" aria-hidden=\"true\" class=\"wp-block-spacer\"><\/div>\n\n\n\n<p class=\"has-text-align-center has-white-color has-text-color has-profertil-medium-font-size\">NOWE BADANIE \u2022 PUBLIKACJA WKR\u00d3TCE<\/p>\n\n\n\n<div style=\"height:30px\" aria-hidden=\"true\" class=\"wp-block-spacer\"><\/div>\n\n\n\n<p class=\"has-text-align-center has-white-color has-text-color has-profertil-large-font-size\">DOBRE WIE\u015aCI<br>DLA KOBIET<br>POWY\u017bEJ 35. ROKU \u017bYCIA:<\/p>\n\n\n\n<div style=\"height:30px\" aria-hidden=\"true\" class=\"wp-block-spacer\"><\/div>\n\n\n\n<p class=\"has-text-align-center has-white-color has-text-color has-profertil-xlarge-font-size\"><strong>PROFERTIL\u00ae FEMALE<\/strong><br><strong>ZWI\u0118KSZA<\/strong><br><strong>POZIOM AMH.<\/strong><\/p>\n\n\n\n<div style=\"height:70px\" aria-hidden=\"true\" class=\"wp-block-spacer\"><\/div>\n\n\n\n<div class=\"anchorlink show-for-medium stick-to-bottom\">\n            <a href=\"#buynow\" class=\"has-white-color\" data-smooth-scroll data-animation-duration=\"750\" data-animation-easing=\"swing\" data-offset=\"-23\">\n            <i class=\"material-icons md-expand_more anchor-pulse\"><\/i>\n        <\/a>\n    <\/div>\n<\/div><\/div>\n\n\n\n<div class=\"wp-block-cover alignfull is-light no-margin__bottom\" id=\"buynow\"><span aria-hidden=\"true\" class=\"wp-block-cover__background has-background-medium-background-color has-background-dim-100 has-background-dim\"><\/span><div class=\"wp-block-cover__inner-container is-layout-flow wp-block-cover-is-layout-flow\">\n<div style=\"height:120px\" aria-hidden=\"true\" class=\"wp-block-spacer\"><\/div>\n\n\n\n<div class=\"wp-block-columns are-vertically-aligned-center max-width__large is-layout-flex wp-container-core-columns-is-layout-4 wp-block-columns-is-layout-flex\">\n<div class=\"wp-block-column is-vertically-aligned-center max-width__large is-layout-flow wp-block-column-is-layout-flow\" style=\"flex-basis:40%\"><div class=\"wp-block-image\">\n<figure class=\"aligncenter size-large\"><img loading=\"lazy\" decoding=\"async\" width=\"1024\" height=\"372\" src=\"https:\/\/profertil-female.eu\/wp-content\/uploads\/2022\/04\/udowodniona-skutecznosc-1024x372.png\" alt=\"\" class=\"wp-image-6972\" srcset=\"https:\/\/profertil-female.eu\/wp-content\/uploads\/2022\/04\/udowodniona-skutecznosc-1024x372.png 1024w, https:\/\/profertil-female.eu\/wp-content\/uploads\/2022\/04\/udowodniona-skutecznosc-300x109.png 300w, https:\/\/profertil-female.eu\/wp-content\/uploads\/2022\/04\/udowodniona-skutecznosc-768x279.png 768w, https:\/\/profertil-female.eu\/wp-content\/uploads\/2022\/04\/udowodniona-skutecznosc.png 1151w\" sizes=\"auto, (max-width: 1024px) 100vw, 1024px\" \/><\/figure><\/div>\n\n\n<p><\/p>\n<\/div>\n\n\n\n<div class=\"wp-block-column is-vertically-aligned-center is-layout-flow wp-block-column-is-layout-flow\"><div class=\"wp-block-image\">\n<figure class=\"aligncenter size-full\"><img loading=\"lazy\" decoding=\"async\" width=\"806\" height=\"411\" src=\"https:\/\/profertil-female.eu\/wp-content\/uploads\/2022\/04\/packshot-hormoe-free-PL.png\" alt=\"\" class=\"wp-image-6711\" srcset=\"https:\/\/profertil-female.eu\/wp-content\/uploads\/2022\/04\/packshot-hormoe-free-PL.png 806w, https:\/\/profertil-female.eu\/wp-content\/uploads\/2022\/04\/packshot-hormoe-free-PL-300x153.png 300w, https:\/\/profertil-female.eu\/wp-content\/uploads\/2022\/04\/packshot-hormoe-free-PL-768x392.png 768w\" sizes=\"auto, (max-width: 806px) 100vw, 806px\" \/><\/figure><\/div><\/div>\n<\/div>\n\n\n\n<div style=\"height:50px\" aria-hidden=\"true\" class=\"wp-block-spacer\"><\/div>\n\n\n\n<div style=\"height:50px\" aria-hidden=\"true\" class=\"wp-block-spacer\"><\/div>\n\n\n\n<div class=\"wp-block-buttons is-horizontal is-content-justification-center is-layout-flex wp-container-core-buttons-is-layout-1 wp-block-buttons-is-layout-flex\">\n<div class=\"wp-block-button has-custom-font-size has-icon has-profertil-large-font-size\"><a class=\"wp-block-button__link has-profertil-gradient-from-bottom-gradient-background has-background wp-element-button\" href=\"https:\/\/profertil-female.eu\/pl\/gdzie-kupic\/\">KUP TERAZ <img loading=\"lazy\" decoding=\"async\" width=\"24\" height=\"24\" class=\"wp-image-1572\" style=\"width: 24px;\" src=\"https:\/\/profertil-female.eu\/wp-content\/uploads\/\/2021\/08\/cart-icon.svg\" alt=\"\"><\/a><\/div>\n<\/div>\n\n\n\n<div style=\"height:50px\" aria-hidden=\"true\" class=\"wp-block-spacer\"><\/div>\n<\/div><\/div>\n","protected":false},"excerpt":{"rendered":"<p>PROFERTIL\u00ae female to dobre rozwi\u0105zanie dla kobiet powy\u017cej 35. roku \u017cycia<\/p>\n","protected":false},"author":1,"featured_media":7872,"parent":7642,"menu_order":3,"comment_status":"closed","ping_status":"closed","template":"template-full-width-no-title.php","meta":{"_acf_changed":false,"pgc_sgb_lightbox_settings":"","footnotes":""},"categories":[],"tags":[],"class_list":["post-7871","page","type-page","status-publish","has-post-thumbnail","hentry"],"acf":[],"yoast_head":"<!-- This site is optimized with the Yoast SEO plugin v24.7 - https:\/\/yoast.com\/wordpress\/plugins\/seo\/ -->\n<title>AMH\/Rezerwa jajnikowa - PROFERTIL\u00ae female<\/title>\n<meta name=\"robots\" content=\"index, follow, max-snippet:-1, max-image-preview:large, max-video-preview:-1\" \/>\n<link rel=\"canonical\" href=\"https:\/\/profertil-female.eu\/pl\/badania\/amh-rezerwa-jajnikowa\/\" \/>\n<meta property=\"og:locale\" content=\"pl_PL\" \/>\n<meta property=\"og:type\" content=\"article\" \/>\n<meta property=\"og:title\" content=\"AMH\/Rezerwa jajnikowa - PROFERTIL\u00ae female\" \/>\n<meta property=\"og:description\" content=\"PROFERTIL\u00ae female to dobre rozwi\u0105zanie dla kobiet powy\u017cej 35. roku \u017cycia\" \/>\n<meta property=\"og:url\" content=\"https:\/\/profertil-female.eu\/pl\/badania\/amh-rezerwa-jajnikowa\/\" \/>\n<meta property=\"og:site_name\" content=\"PROFERTIL\u00ae female\" \/>\n<meta property=\"article:modified_time\" content=\"2022-04-06T15:23:18+00:00\" \/>\n<meta property=\"og:image\" content=\"https:\/\/profertil-female.eu\/wp-content\/uploads\/2022\/04\/reaktivierung-weibliche-fertilitaet-header.jpg\" \/>\n\t<meta property=\"og:image:width\" content=\"1950\" \/>\n\t<meta property=\"og:image:height\" content=\"775\" \/>\n\t<meta property=\"og:image:type\" content=\"image\/jpeg\" \/>\n<meta name=\"twitter:card\" content=\"summary_large_image\" \/>\n<meta name=\"twitter:label1\" content=\"Szacowany czas czytania\" \/>\n\t<meta name=\"twitter:data1\" content=\"1 minuta\" \/>\n<script type=\"application\/ld+json\" class=\"yoast-schema-graph\">{\"@context\":\"https:\/\/schema.org\",\"@graph\":[{\"@type\":\"WebPage\",\"@id\":\"https:\/\/profertil-female.eu\/pl\/badania\/amh-rezerwa-jajnikowa\/\",\"url\":\"https:\/\/profertil-female.eu\/pl\/badania\/amh-rezerwa-jajnikowa\/\",\"name\":\"AMH\/Rezerwa jajnikowa - PROFERTIL\u00ae female\",\"isPartOf\":{\"@id\":\"https:\/\/profertil-female.eu\/pl\/#website\"},\"primaryImageOfPage\":{\"@id\":\"https:\/\/profertil-female.eu\/pl\/badania\/amh-rezerwa-jajnikowa\/#primaryimage\"},\"image\":{\"@id\":\"https:\/\/profertil-female.eu\/pl\/badania\/amh-rezerwa-jajnikowa\/#primaryimage\"},\"thumbnailUrl\":\"https:\/\/profertil-female.eu\/wp-content\/uploads\/2022\/04\/reaktivierung-weibliche-fertilitaet-header.jpg\",\"datePublished\":\"2022-04-01T13:51:47+00:00\",\"dateModified\":\"2022-04-06T15:23:18+00:00\",\"breadcrumb\":{\"@id\":\"https:\/\/profertil-female.eu\/pl\/badania\/amh-rezerwa-jajnikowa\/#breadcrumb\"},\"inLanguage\":\"pl-PL\",\"potentialAction\":[{\"@type\":\"ReadAction\",\"target\":[\"https:\/\/profertil-female.eu\/pl\/badania\/amh-rezerwa-jajnikowa\/\"]}]},{\"@type\":\"ImageObject\",\"inLanguage\":\"pl-PL\",\"@id\":\"https:\/\/profertil-female.eu\/pl\/badania\/amh-rezerwa-jajnikowa\/#primaryimage\",\"url\":\"https:\/\/profertil-female.eu\/wp-content\/uploads\/2022\/04\/reaktivierung-weibliche-fertilitaet-header.jpg\",\"contentUrl\":\"https:\/\/profertil-female.eu\/wp-content\/uploads\/2022\/04\/reaktivierung-weibliche-fertilitaet-header.jpg\",\"width\":1950,\"height\":775},{\"@type\":\"BreadcrumbList\",\"@id\":\"https:\/\/profertil-female.eu\/pl\/badania\/amh-rezerwa-jajnikowa\/#breadcrumb\",\"itemListElement\":[{\"@type\":\"ListItem\",\"position\":1,\"name\":\"Home\",\"item\":\"https:\/\/profertil-female.eu\/pl\/\"},{\"@type\":\"ListItem\",\"position\":2,\"name\":\"Badania\",\"item\":\"https:\/\/profertil-female.eu\/pl\/badania\/\"},{\"@type\":\"ListItem\",\"position\":3,\"name\":\"AMH\/Rezerwa jajnikowa\"}]},{\"@type\":\"WebSite\",\"@id\":\"https:\/\/profertil-female.eu\/pl\/#website\",\"url\":\"https:\/\/profertil-female.eu\/pl\/\",\"name\":\"PROFERTIL\u00ae female\",\"description\":\"The fertility pill for women\",\"potentialAction\":[{\"@type\":\"SearchAction\",\"target\":{\"@type\":\"EntryPoint\",\"urlTemplate\":\"https:\/\/profertil-female.eu\/pl\/?s={search_term_string}\"},\"query-input\":{\"@type\":\"PropertyValueSpecification\",\"valueRequired\":true,\"valueName\":\"search_term_string\"}}],\"inLanguage\":\"pl-PL\"}]}<\/script>\n<!-- \/ Yoast SEO plugin. -->","yoast_head_json":{"title":"AMH\/Rezerwa jajnikowa - PROFERTIL\u00ae female","robots":{"index":"index","follow":"follow","max-snippet":"max-snippet:-1","max-image-preview":"max-image-preview:large","max-video-preview":"max-video-preview:-1"},"canonical":"https:\/\/profertil-female.eu\/pl\/badania\/amh-rezerwa-jajnikowa\/","og_locale":"pl_PL","og_type":"article","og_title":"AMH\/Rezerwa jajnikowa - PROFERTIL\u00ae female","og_description":"PROFERTIL\u00ae female to dobre rozwi\u0105zanie dla kobiet powy\u017cej 35. roku \u017cycia","og_url":"https:\/\/profertil-female.eu\/pl\/badania\/amh-rezerwa-jajnikowa\/","og_site_name":"PROFERTIL\u00ae female","article_modified_time":"2022-04-06T15:23:18+00:00","og_image":[{"width":1950,"height":775,"url":"https:\/\/profertil-female.eu\/wp-content\/uploads\/2022\/04\/reaktivierung-weibliche-fertilitaet-header.jpg","type":"image\/jpeg"}],"twitter_card":"summary_large_image","twitter_misc":{"Szacowany czas czytania":"1 minuta"},"schema":{"@context":"https:\/\/schema.org","@graph":[{"@type":"WebPage","@id":"https:\/\/profertil-female.eu\/pl\/badania\/amh-rezerwa-jajnikowa\/","url":"https:\/\/profertil-female.eu\/pl\/badania\/amh-rezerwa-jajnikowa\/","name":"AMH\/Rezerwa jajnikowa - PROFERTIL\u00ae female","isPartOf":{"@id":"https:\/\/profertil-female.eu\/pl\/#website"},"primaryImageOfPage":{"@id":"https:\/\/profertil-female.eu\/pl\/badania\/amh-rezerwa-jajnikowa\/#primaryimage"},"image":{"@id":"https:\/\/profertil-female.eu\/pl\/badania\/amh-rezerwa-jajnikowa\/#primaryimage"},"thumbnailUrl":"https:\/\/profertil-female.eu\/wp-content\/uploads\/2022\/04\/reaktivierung-weibliche-fertilitaet-header.jpg","datePublished":"2022-04-01T13:51:47+00:00","dateModified":"2022-04-06T15:23:18+00:00","breadcrumb":{"@id":"https:\/\/profertil-female.eu\/pl\/badania\/amh-rezerwa-jajnikowa\/#breadcrumb"},"inLanguage":"pl-PL","potentialAction":[{"@type":"ReadAction","target":["https:\/\/profertil-female.eu\/pl\/badania\/amh-rezerwa-jajnikowa\/"]}]},{"@type":"ImageObject","inLanguage":"pl-PL","@id":"https:\/\/profertil-female.eu\/pl\/badania\/amh-rezerwa-jajnikowa\/#primaryimage","url":"https:\/\/profertil-female.eu\/wp-content\/uploads\/2022\/04\/reaktivierung-weibliche-fertilitaet-header.jpg","contentUrl":"https:\/\/profertil-female.eu\/wp-content\/uploads\/2022\/04\/reaktivierung-weibliche-fertilitaet-header.jpg","width":1950,"height":775},{"@type":"BreadcrumbList","@id":"https:\/\/profertil-female.eu\/pl\/badania\/amh-rezerwa-jajnikowa\/#breadcrumb","itemListElement":[{"@type":"ListItem","position":1,"name":"Home","item":"https:\/\/profertil-female.eu\/pl\/"},{"@type":"ListItem","position":2,"name":"Badania","item":"https:\/\/profertil-female.eu\/pl\/badania\/"},{"@type":"ListItem","position":3,"name":"AMH\/Rezerwa jajnikowa"}]},{"@type":"WebSite","@id":"https:\/\/profertil-female.eu\/pl\/#website","url":"https:\/\/profertil-female.eu\/pl\/","name":"PROFERTIL\u00ae female","description":"The fertility pill for women","potentialAction":[{"@type":"SearchAction","target":{"@type":"EntryPoint","urlTemplate":"https:\/\/profertil-female.eu\/pl\/?s={search_term_string}"},"query-input":{"@type":"PropertyValueSpecification","valueRequired":true,"valueName":"search_term_string"}}],"inLanguage":"pl-PL"}]}},"_links":{"self":[{"href":"https:\/\/profertil-female.eu\/pl\/wp-json\/wp\/v2\/pages\/7871","targetHints":{"allow":["GET"]}}],"collection":[{"href":"https:\/\/profertil-female.eu\/pl\/wp-json\/wp\/v2\/pages"}],"about":[{"href":"https:\/\/profertil-female.eu\/pl\/wp-json\/wp\/v2\/types\/page"}],"author":[{"embeddable":true,"href":"https:\/\/profertil-female.eu\/pl\/wp-json\/wp\/v2\/users\/1"}],"replies":[{"embeddable":true,"href":"https:\/\/profertil-female.eu\/pl\/wp-json\/wp\/v2\/comments?post=7871"}],"version-history":[{"count":3,"href":"https:\/\/profertil-female.eu\/pl\/wp-json\/wp\/v2\/pages\/7871\/revisions"}],"predecessor-version":[{"id":8121,"href":"https:\/\/profertil-female.eu\/pl\/wp-json\/wp\/v2\/pages\/7871\/revisions\/8121"}],"up":[{"embeddable":true,"href":"https:\/\/profertil-female.eu\/pl\/wp-json\/wp\/v2\/pages\/7642"}],"wp:featuredmedia":[{"embeddable":true,"href":"https:\/\/profertil-female.eu\/pl\/wp-json\/wp\/v2\/media\/7872"}],"wp:attachment":[{"href":"https:\/\/profertil-female.eu\/pl\/wp-json\/wp\/v2\/media?parent=7871"}],"wp:term":[{"taxonomy":"category","embeddable":true,"href":"https:\/\/profertil-female.eu\/pl\/wp-json\/wp\/v2\/categories?post=7871"},{"taxonomy":"post_tag","embeddable":true,"href":"https:\/\/profertil-female.eu\/pl\/wp-json\/wp\/v2\/tags?post=7871"}],"curies":[{"name":"wp","href":"https:\/\/api.w.org\/{rel}","templated":true}]}}