{"id":7774,"date":"2022-04-01T15:45:15","date_gmt":"2022-04-01T13:45:15","guid":{"rendered":"https:\/\/profertil-female.eu\/badania\/badanie-pcos-2019\/"},"modified":"2022-04-06T17:22:19","modified_gmt":"2022-04-06T15:22:19","slug":"badanie-pcos-2019","status":"publish","type":"page","link":"https:\/\/profertil-female.eu\/pl\/badania\/badanie-pcos-2019\/","title":{"rendered":"Badanie PCOS 2019"},"content":{"rendered":"\n<div class=\"wp-block-group profertil-header-group\"><div class=\"wp-block-group__inner-container is-layout-flow wp-block-group-is-layout-flow\">\n<div class=\"wp-block-cover alignfull is-light has-custom-content-position is-position-center-left profertil-header-group__block-cover no-margin__bottom\"><span aria-hidden=\"true\" class=\"has-background-dim-0 wp-block-cover__gradient-background has-background-dim\"><\/span><img loading=\"lazy\" decoding=\"async\" width=\"1920\" height=\"775\" class=\"wp-block-cover__image-background wp-image-1357\" alt=\"\" src=\"https:\/\/profertil-female.eu\/wp-content\/uploads\/2022\/04\/pcos-studie-header.jpg\" style=\"object-position:63% 39%\" data-object-fit=\"cover\" data-object-position=\"63% 39%\"\/><div class=\"wp-block-cover__inner-container is-layout-flow wp-block-cover-is-layout-flow\">\n<h1 class=\"text-shadow has-white-color has-text-color wp-block-heading\"><strong>U pacjentek z PCOS odpowiedni <\/strong><br><strong>poziom AMH ma kluczowe znaczenie<\/strong><\/h1>\n<\/div><\/div>\n\n\n\n<div class=\"wp-block-group alignfull profertil-header-group__group-tagline\"><div class=\"wp-block-group__inner-container is-layout-flow wp-block-group-is-layout-flow\">\n<div class=\"wp-block-columns alignfull width-100 has-background-light-background-color has-background is-layout-flex wp-container-core-columns-is-layout-1 wp-block-columns-is-layout-flex\">\n<div class=\"wp-block-column is-layout-flow wp-block-column-is-layout-flow\" style=\"flex-basis:66.66%\">\n<h2 class=\"wp-block-heading\"><strong>PROFERTIL\u00ae female <span class=\"has-inline-color has-accent-color\">wspiera pacjentki z PCOS<\/span><\/strong><\/h2>\n<\/div>\n\n\n\n<div class=\"wp-block-column is-layout-flow wp-block-column-is-layout-flow\" style=\"flex-basis:33.33%\"><\/div>\n<\/div>\n\n\n\n<div class=\"anchorlink show-for-medium alignfull has-background-light-background-color\">\n            <a href=\"#section1\" class=\"has-accent-color\" data-smooth-scroll data-animation-duration=\"750\" data-animation-easing=\"swing\" data-offset=\"-23\">\n            <i class=\"material-icons md-expand_more anchor-pulse\"><\/i>\n        <\/a>\n    <\/div>\n<\/div><\/div>\n<\/div><\/div>\n\n\n\n<div class=\"wp-block-cover alignfull is-light window-height centered\" id=\"section1\"><span aria-hidden=\"true\" class=\"has-white-background-color has-background-dim-100 wp-block-cover__gradient-background has-background-dim\"><\/span><div class=\"wp-block-cover__inner-container is-layout-flow wp-block-cover-is-layout-flow\">\n<div style=\"height:50px\" aria-hidden=\"true\" class=\"wp-block-spacer\"><\/div>\n\n\n\n<h2 class=\"wp-block-heading\"><mark style=\"background-color:rgba(0, 0, 0, 0)\" class=\"has-inline-color has-accent-color\"><strong>Dla kobiet w wieku 35+ lub dotkni\u0119tych PCOS, <\/strong><\/mark><br><strong><mark style=\"background-color:rgba(0, 0, 0, 0)\" class=\"has-inline-color has-gray-color\">warto\u015b\u0107 AMH ma kluczowe znaczenie.<\/mark><\/strong><\/h2>\n\n\n\n<div style=\"height:30px\" aria-hidden=\"true\" class=\"wp-block-spacer\"><\/div>\n\n\n\n<div class=\"wp-block-columns are-vertically-aligned-center is-layout-flex wp-container-core-columns-is-layout-2 wp-block-columns-is-layout-flex\">\n<div class=\"wp-block-column is-vertically-aligned-center is-layout-flow wp-block-column-is-layout-flow\">\n<div class=\"wp-block-image\"><figure class=\"aligncenter size-large\"><img decoding=\"async\" src=\"https:\/\/profertil-female.eu\/wp-content\/uploads\/2022\/04\/image002-1024x923.png\" alt=\"\" class=\"wp-image-4339\"\/><\/figure><\/div>\n<\/div>\n\n\n\n<div class=\"wp-block-column is-vertically-aligned-center is-layout-flow wp-block-column-is-layout-flow\">\n<p><strong><span class=\"has-inline-color has-accent-color\">PROFERTIL\u00ae female zwi\u0119ksza poziom AMH, gdy jest on zbyt niski u kobiet w wieku 35+, a tak\u017ce obni\u017ca poziom AMH, gdy jest zbyt wysoki u kobiet dotkni\u0119tych PCOS.<\/span><\/strong> Warto\u015b\u0107 AMH (AMH-uznany marker pozosta\u0142ego potencja\u0142u rozrodczego kobiety) w zielonym zakresie (od oko\u0142o 1,0 do poni\u017cej 6,0 ng\/ml) wskazuje, \u017ce warunki s\u0105 odpowiednie dla p\u0142odno\u015bci kobiet.<\/p>\n\n\n\n<div style=\"height:40px\" aria-hidden=\"true\" class=\"wp-block-spacer\"><\/div>\n\n\n\n<p class=\"has-profertil-small-font-size\">Ficicioglu C. i in.; Gynecol Endocrinol (2014) maj;30(5):372-6.<br>Merdassi G. i in.; Fertil Steril (2013) wrzesie\u0144;100(3):S157.<\/p>\n<\/div>\n<\/div>\n\n\n\n<div style=\"height:50px\" aria-hidden=\"true\" class=\"wp-block-spacer\"><\/div>\n\n\n\n<div class=\"anchorlink show-for-medium stick-to-bottom\">\n            <a href=\"#section2\" class=\"has-accent-color\" data-smooth-scroll data-animation-duration=\"750\" data-animation-easing=\"swing\" data-offset=\"-23\">\n            <i class=\"material-icons md-expand_more anchor-pulse\"><\/i>\n        <\/a>\n    <\/div>\n<\/div><\/div>\n\n\n\n<div class=\"wp-block-cover alignfull is-light window-height centered\" id=\"section2\"><span aria-hidden=\"true\" class=\"has-background-medium-background-color has-background-dim-100 wp-block-cover__gradient-background has-background-dim\"><\/span><div class=\"wp-block-cover__inner-container is-layout-flow wp-block-cover-is-layout-flow\">\n<div style=\"height:50px\" aria-hidden=\"true\" class=\"wp-block-spacer\"><\/div>\n\n\n\n<div class=\"wp-block-columns is-layout-flex wp-container-core-columns-is-layout-3 wp-block-columns-is-layout-flex\">\n<div class=\"wp-block-column is-layout-flow wp-block-column-is-layout-flow\" style=\"flex-basis:75%\">\n<p class=\"has-profertil-medium-font-size\">BADANIE Kliniczne PCOS 2019<\/p>\n\n\n\n<div style=\"height:30px\" aria-hidden=\"true\" class=\"wp-block-spacer\"><\/div>\n\n\n\n<h2 class=\"has-accent-color has-text-color wp-block-heading\"><strong>Wp\u0142yw standaryzowanej suplementacji mikrosk\u0142adnik\u00f3w na typowe parametry PCOS<\/strong><\/h2>\n\n\n\n<div style=\"height:30px\" aria-hidden=\"true\" class=\"wp-block-spacer\"><\/div>\n<\/div>\n\n\n\n<div class=\"wp-block-column is-layout-flow wp-block-column-is-layout-flow\" style=\"flex-basis:25%\"><\/div>\n<\/div>\n\n\n\n<div class=\"wp-block-columns is-layout-flex wp-container-core-columns-is-layout-4 wp-block-columns-is-layout-flex\">\n<div class=\"wp-block-column small-order-2 medium-order-1 is-layout-flow wp-block-column-is-layout-flow\" style=\"flex-basis:75%\">\n<figure class=\"wp-block-image size-large show-for-medium\"><img decoding=\"async\" src=\"https:\/\/profertil-female.eu\/wp-content\/uploads\/2022\/04\/Grafik_PCOS_PL_rgb@2x-2048x925-1-1024x463-1.png\" alt=\"\" class=\"wp-image-4548\"\/><\/figure>\n\n\n\n<div class=\"wp-block-group hide-for-medium\"><div class=\"wp-block-group__inner-container is-layout-flow wp-block-group-is-layout-flow\">\n<div style=\"height:30px\" aria-hidden=\"true\" class=\"wp-block-spacer\"><\/div>\n\n\n\n<div class=\"wp-block-image\"><figure class=\"aligncenter size-full is-resized\"><img decoding=\"async\" src=\"https:\/\/profertil-female.eu\/wp-content\/uploads\/2022\/04\/pcos-mobile-PL-1.png\" alt=\"\" class=\"wp-image-4553\" width=\"318\"\/><\/figure><\/div>\n\n\n\n<hr class=\"wp-block-separator has-text-color has-background is-style-wide\" style=\"background-color:#c7c7c7;color:#c7c7c7\"\/>\n\n\n\n<div class=\"wp-block-image\"><figure class=\"aligncenter size-full is-resized\"><img decoding=\"async\" src=\"https:\/\/profertil-female.eu\/wp-content\/uploads\/2022\/04\/pcos-mobile-PL-2.png\" alt=\"\" class=\"wp-image-4558\" width=\"318\"\/><\/figure><\/div>\n\n\n\n<hr class=\"wp-block-separator has-text-color has-background is-style-wide\" style=\"background-color:#c7c7c7;color:#c7c7c7\"\/>\n\n\n\n<div class=\"wp-block-image\"><figure class=\"aligncenter size-full is-resized\"><img decoding=\"async\" src=\"https:\/\/profertil-female.eu\/wp-content\/uploads\/2022\/04\/pcos-mobile-PL-3.png\" alt=\"\" class=\"wp-image-4562\" width=\"318\"\/><\/figure><\/div>\n\n\n\n<div class=\"wp-block-image\"><figure class=\"aligncenter size-full is-resized\"><img decoding=\"async\" src=\"https:\/\/profertil-female.eu\/wp-content\/uploads\/2022\/04\/pcos-legend-PL.png\" alt=\"\" class=\"wp-image-4566\" width=\"351\"\/><\/figure><\/div>\n<\/div><\/div>\n<\/div>\n\n\n\n<div class=\"wp-block-column small-order-1 medium-order-2 is-layout-flow wp-block-column-is-layout-flow\" style=\"flex-basis:25%\">\n<div style=\"height:50px\" aria-hidden=\"true\" class=\"wp-block-spacer\"><\/div>\n\n\n\n<figure class=\"wp-block-image size-full is-resized\"><img loading=\"lazy\" decoding=\"async\" src=\"https:\/\/profertil-female.eu\/wp-content\/uploads\/2022\/04\/archives-of-gynecology-logo@2x.png\" alt=\"\" class=\"wp-image-1697\" width=\"378\" height=\"72\"\/><\/figure>\n\n\n\n<p><strong><strong>Liczba pacjent\u00f3w:<\/strong><\/strong><br>n = 56<\/p>\n\n\n\n<p class=\"has-profertil-small-font-size\">(Grupa PROFERTIL\u00ae female<br>n = 28; Grupa kontrolna n = 28)<\/p>\n<\/div>\n<\/div>\n\n\n\n<div style=\"height:50px\" aria-hidden=\"true\" class=\"wp-block-spacer\"><\/div>\n\n\n\n<div class=\"anchorlink show-for-medium stick-to-bottom\">\n            <a href=\"#section3\" class=\"has-accent-color\" data-smooth-scroll data-animation-duration=\"750\" data-animation-easing=\"swing\" data-offset=\"-23\">\n            <i class=\"material-icons md-expand_more anchor-pulse\"><\/i>\n        <\/a>\n    <\/div>\n<\/div><\/div>\n\n\n\n<div class=\"wp-block-cover alignfull is-light window-height centered no-margin__bottom width-100\" id=\"section3\"><span aria-hidden=\"true\" class=\"has-white-background-color has-background-dim-100 wp-block-cover__gradient-background has-background-dim\"><\/span><div class=\"wp-block-cover__inner-container is-layout-flow wp-block-cover-is-layout-flow\">\n<div style=\"height:50px\" aria-hidden=\"true\" class=\"wp-block-spacer\"><\/div>\n\n\n\n<div class=\"wp-block-columns are-vertically-aligned-center is-layout-flex wp-container-core-columns-is-layout-5 wp-block-columns-is-layout-flex\">\n<div class=\"wp-block-column is-vertically-aligned-center is-layout-flow wp-block-column-is-layout-flow\" style=\"flex-basis:66.66%\">\n<h3 class=\"has-accent-color has-text-color wp-block-heading\"><strong>Skuteczno\u015b\u0107 potwierdzona w badaniu klinicznym u pacjentek z PCOS<\/strong><\/h3>\n\n\n\n<ul class=\"studylist wp-block-list\"><li><strong><strong>Poprawiony stosunek LH:FSH:<\/strong><\/strong><br><strong>-24% <\/strong>vs. 0.00%<\/li><li><strong><strong>Ni\u017cszy poziom testosteronu:<\/strong><\/strong><br><strong>\u201314%<\/strong> vs. +2,3%<\/li><li><strong><strong>Obni\u017cony poziom AMH w surowicy:<\/strong><\/strong><br><strong>\u201311%<\/strong> vs. 0,00%<\/li><\/ul>\n\n\n\n<div style=\"height:70px\" aria-hidden=\"true\" class=\"wp-block-spacer\"><\/div>\n\n\n\n<p class=\"has-profertil-small-font-size\">*<em>Hager i in.; Arch Gynecol Obstet. 2019; 300(2):455-460.<\/em><\/p>\n<\/div>\n\n\n\n<div class=\"wp-block-column is-vertically-aligned-center is-layout-flow wp-block-column-is-layout-flow\" style=\"flex-basis:33.33%\"><\/div>\n<\/div>\n\n\n\n<div class=\"wp-block-columns is-layout-flex wp-container-core-columns-is-layout-6 wp-block-columns-is-layout-flex\">\n<div class=\"wp-block-column is-layout-flow wp-block-column-is-layout-flow\"><\/div>\n\n\n\n<div class=\"wp-block-column is-layout-flow wp-block-column-is-layout-flow\">\n<div class=\"wp-block-image\"><figure class=\"alignright size-full is-resized\"><img loading=\"lazy\" decoding=\"async\" src=\"https:\/\/profertil-female.eu\/wp-content\/uploads\/2022\/04\/Schnuller-female_iStock-523967463.png\" alt=\"\" class=\"wp-image-1649\" width=\"450\" height=\"316\"\/><\/figure><\/div>\n<\/div>\n<\/div>\n\n\n\n<div class=\"anchorlink show-for-medium stick-to-bottom\">\n            <a href=\"#buynow\" class=\"has-accent-color\" data-smooth-scroll data-animation-duration=\"750\" data-animation-easing=\"swing\" data-offset=\"-23\">\n            <i class=\"material-icons md-expand_more anchor-pulse\"><\/i>\n        <\/a>\n    <\/div>\n<\/div><\/div>\n\n\n\n<div class=\"wp-block-cover alignfull is-light no-margin__bottom\" id=\"buynow\"><span aria-hidden=\"true\" class=\"wp-block-cover__background has-background-medium-background-color has-background-dim-100 has-background-dim\"><\/span><div class=\"wp-block-cover__inner-container is-layout-flow wp-block-cover-is-layout-flow\">\n<div style=\"height:120px\" aria-hidden=\"true\" class=\"wp-block-spacer\"><\/div>\n\n\n\n<div class=\"wp-block-columns are-vertically-aligned-center max-width__large is-layout-flex wp-container-core-columns-is-layout-7 wp-block-columns-is-layout-flex\">\n<div class=\"wp-block-column is-vertically-aligned-center max-width__large is-layout-flow wp-block-column-is-layout-flow\" style=\"flex-basis:40%\"><div class=\"wp-block-image\">\n<figure class=\"aligncenter size-large\"><img loading=\"lazy\" decoding=\"async\" width=\"1024\" height=\"372\" src=\"https:\/\/profertil-female.eu\/wp-content\/uploads\/2022\/04\/udowodniona-skutecznosc-1024x372.png\" alt=\"\" class=\"wp-image-6972\" srcset=\"https:\/\/profertil-female.eu\/wp-content\/uploads\/2022\/04\/udowodniona-skutecznosc-1024x372.png 1024w, https:\/\/profertil-female.eu\/wp-content\/uploads\/2022\/04\/udowodniona-skutecznosc-300x109.png 300w, https:\/\/profertil-female.eu\/wp-content\/uploads\/2022\/04\/udowodniona-skutecznosc-768x279.png 768w, https:\/\/profertil-female.eu\/wp-content\/uploads\/2022\/04\/udowodniona-skutecznosc.png 1151w\" sizes=\"auto, (max-width: 1024px) 100vw, 1024px\" \/><\/figure><\/div>\n\n\n<p><\/p>\n<\/div>\n\n\n\n<div class=\"wp-block-column is-vertically-aligned-center is-layout-flow wp-block-column-is-layout-flow\"><div class=\"wp-block-image\">\n<figure class=\"aligncenter size-full\"><img loading=\"lazy\" decoding=\"async\" width=\"806\" height=\"411\" src=\"https:\/\/profertil-female.eu\/wp-content\/uploads\/2022\/04\/packshot-hormoe-free-PL.png\" alt=\"\" class=\"wp-image-6711\" srcset=\"https:\/\/profertil-female.eu\/wp-content\/uploads\/2022\/04\/packshot-hormoe-free-PL.png 806w, https:\/\/profertil-female.eu\/wp-content\/uploads\/2022\/04\/packshot-hormoe-free-PL-300x153.png 300w, https:\/\/profertil-female.eu\/wp-content\/uploads\/2022\/04\/packshot-hormoe-free-PL-768x392.png 768w\" sizes=\"auto, (max-width: 806px) 100vw, 806px\" \/><\/figure><\/div><\/div>\n<\/div>\n\n\n\n<div style=\"height:50px\" aria-hidden=\"true\" class=\"wp-block-spacer\"><\/div>\n\n\n\n<div style=\"height:50px\" aria-hidden=\"true\" class=\"wp-block-spacer\"><\/div>\n\n\n\n<div class=\"wp-block-buttons is-horizontal is-content-justification-center is-layout-flex wp-container-core-buttons-is-layout-1 wp-block-buttons-is-layout-flex\">\n<div class=\"wp-block-button has-custom-font-size has-icon has-profertil-large-font-size\"><a class=\"wp-block-button__link has-profertil-gradient-from-bottom-gradient-background has-background wp-element-button\" href=\"https:\/\/profertil-female.eu\/pl\/gdzie-kupic\/\">KUP TERAZ <img loading=\"lazy\" decoding=\"async\" width=\"24\" height=\"24\" class=\"wp-image-1572\" style=\"width: 24px;\" src=\"https:\/\/profertil-female.eu\/wp-content\/uploads\/\/2021\/08\/cart-icon.svg\" alt=\"\"><\/a><\/div>\n<\/div>\n\n\n\n<div style=\"height:50px\" aria-hidden=\"true\" class=\"wp-block-spacer\"><\/div>\n<\/div><\/div>\n","protected":false},"excerpt":{"rendered":"<p>PROFERTIL\u00ae female wspiera pacjentki z PCOS<\/p>\n","protected":false},"author":1,"featured_media":7776,"parent":7642,"menu_order":2,"comment_status":"closed","ping_status":"closed","template":"template-full-width-no-title.php","meta":{"_acf_changed":false,"pgc_sgb_lightbox_settings":"","footnotes":""},"categories":[],"tags":[],"class_list":["post-7774","page","type-page","status-publish","has-post-thumbnail","hentry"],"acf":[],"yoast_head":"<!-- This site is optimized with the Yoast SEO plugin v24.7 - https:\/\/yoast.com\/wordpress\/plugins\/seo\/ -->\n<title>Badanie PCOS 2019 - PROFERTIL\u00ae female<\/title>\n<meta name=\"robots\" content=\"index, follow, max-snippet:-1, max-image-preview:large, max-video-preview:-1\" \/>\n<link rel=\"canonical\" href=\"https:\/\/profertil-female.eu\/pl\/badania\/badanie-pcos-2019\/\" \/>\n<meta property=\"og:locale\" content=\"pl_PL\" \/>\n<meta property=\"og:type\" content=\"article\" \/>\n<meta property=\"og:title\" content=\"Badanie PCOS 2019 - PROFERTIL\u00ae female\" \/>\n<meta property=\"og:description\" content=\"PROFERTIL\u00ae female wspiera pacjentki z PCOS\" \/>\n<meta property=\"og:url\" content=\"https:\/\/profertil-female.eu\/pl\/badania\/badanie-pcos-2019\/\" \/>\n<meta property=\"og:site_name\" content=\"PROFERTIL\u00ae female\" \/>\n<meta property=\"article:modified_time\" content=\"2022-04-06T15:22:19+00:00\" \/>\n<meta property=\"og:image\" content=\"https:\/\/profertil-female.eu\/wp-content\/uploads\/2022\/04\/image002.png\" \/>\n\t<meta property=\"og:image:width\" content=\"1500\" \/>\n\t<meta property=\"og:image:height\" content=\"1352\" \/>\n\t<meta property=\"og:image:type\" content=\"image\/png\" \/>\n<meta name=\"twitter:card\" content=\"summary_large_image\" \/>\n<meta name=\"twitter:label1\" content=\"Szacowany czas czytania\" \/>\n\t<meta name=\"twitter:data1\" content=\"1 minuta\" \/>\n<script type=\"application\/ld+json\" class=\"yoast-schema-graph\">{\"@context\":\"https:\/\/schema.org\",\"@graph\":[{\"@type\":\"WebPage\",\"@id\":\"https:\/\/profertil-female.eu\/pl\/badania\/badanie-pcos-2019\/\",\"url\":\"https:\/\/profertil-female.eu\/pl\/badania\/badanie-pcos-2019\/\",\"name\":\"Badanie PCOS 2019 - PROFERTIL\u00ae female\",\"isPartOf\":{\"@id\":\"https:\/\/profertil-female.eu\/pl\/#website\"},\"primaryImageOfPage\":{\"@id\":\"https:\/\/profertil-female.eu\/pl\/badania\/badanie-pcos-2019\/#primaryimage\"},\"image\":{\"@id\":\"https:\/\/profertil-female.eu\/pl\/badania\/badanie-pcos-2019\/#primaryimage\"},\"thumbnailUrl\":\"https:\/\/profertil-female.eu\/wp-content\/uploads\/2022\/04\/image002.png\",\"datePublished\":\"2022-04-01T13:45:15+00:00\",\"dateModified\":\"2022-04-06T15:22:19+00:00\",\"breadcrumb\":{\"@id\":\"https:\/\/profertil-female.eu\/pl\/badania\/badanie-pcos-2019\/#breadcrumb\"},\"inLanguage\":\"pl-PL\",\"potentialAction\":[{\"@type\":\"ReadAction\",\"target\":[\"https:\/\/profertil-female.eu\/pl\/badania\/badanie-pcos-2019\/\"]}]},{\"@type\":\"ImageObject\",\"inLanguage\":\"pl-PL\",\"@id\":\"https:\/\/profertil-female.eu\/pl\/badania\/badanie-pcos-2019\/#primaryimage\",\"url\":\"https:\/\/profertil-female.eu\/wp-content\/uploads\/2022\/04\/image002.png\",\"contentUrl\":\"https:\/\/profertil-female.eu\/wp-content\/uploads\/2022\/04\/image002.png\",\"width\":1500,\"height\":1352},{\"@type\":\"BreadcrumbList\",\"@id\":\"https:\/\/profertil-female.eu\/pl\/badania\/badanie-pcos-2019\/#breadcrumb\",\"itemListElement\":[{\"@type\":\"ListItem\",\"position\":1,\"name\":\"Home\",\"item\":\"https:\/\/profertil-female.eu\/pl\/\"},{\"@type\":\"ListItem\",\"position\":2,\"name\":\"Badania\",\"item\":\"https:\/\/profertil-female.eu\/pl\/badania\/\"},{\"@type\":\"ListItem\",\"position\":3,\"name\":\"Badanie PCOS 2019\"}]},{\"@type\":\"WebSite\",\"@id\":\"https:\/\/profertil-female.eu\/pl\/#website\",\"url\":\"https:\/\/profertil-female.eu\/pl\/\",\"name\":\"PROFERTIL\u00ae female\",\"description\":\"The fertility pill for women\",\"potentialAction\":[{\"@type\":\"SearchAction\",\"target\":{\"@type\":\"EntryPoint\",\"urlTemplate\":\"https:\/\/profertil-female.eu\/pl\/?s={search_term_string}\"},\"query-input\":{\"@type\":\"PropertyValueSpecification\",\"valueRequired\":true,\"valueName\":\"search_term_string\"}}],\"inLanguage\":\"pl-PL\"}]}<\/script>\n<!-- \/ Yoast SEO plugin. -->","yoast_head_json":{"title":"Badanie PCOS 2019 - PROFERTIL\u00ae female","robots":{"index":"index","follow":"follow","max-snippet":"max-snippet:-1","max-image-preview":"max-image-preview:large","max-video-preview":"max-video-preview:-1"},"canonical":"https:\/\/profertil-female.eu\/pl\/badania\/badanie-pcos-2019\/","og_locale":"pl_PL","og_type":"article","og_title":"Badanie PCOS 2019 - PROFERTIL\u00ae female","og_description":"PROFERTIL\u00ae female wspiera pacjentki z PCOS","og_url":"https:\/\/profertil-female.eu\/pl\/badania\/badanie-pcos-2019\/","og_site_name":"PROFERTIL\u00ae female","article_modified_time":"2022-04-06T15:22:19+00:00","og_image":[{"width":1500,"height":1352,"url":"https:\/\/profertil-female.eu\/wp-content\/uploads\/2022\/04\/image002.png","type":"image\/png"}],"twitter_card":"summary_large_image","twitter_misc":{"Szacowany czas czytania":"1 minuta"},"schema":{"@context":"https:\/\/schema.org","@graph":[{"@type":"WebPage","@id":"https:\/\/profertil-female.eu\/pl\/badania\/badanie-pcos-2019\/","url":"https:\/\/profertil-female.eu\/pl\/badania\/badanie-pcos-2019\/","name":"Badanie PCOS 2019 - PROFERTIL\u00ae female","isPartOf":{"@id":"https:\/\/profertil-female.eu\/pl\/#website"},"primaryImageOfPage":{"@id":"https:\/\/profertil-female.eu\/pl\/badania\/badanie-pcos-2019\/#primaryimage"},"image":{"@id":"https:\/\/profertil-female.eu\/pl\/badania\/badanie-pcos-2019\/#primaryimage"},"thumbnailUrl":"https:\/\/profertil-female.eu\/wp-content\/uploads\/2022\/04\/image002.png","datePublished":"2022-04-01T13:45:15+00:00","dateModified":"2022-04-06T15:22:19+00:00","breadcrumb":{"@id":"https:\/\/profertil-female.eu\/pl\/badania\/badanie-pcos-2019\/#breadcrumb"},"inLanguage":"pl-PL","potentialAction":[{"@type":"ReadAction","target":["https:\/\/profertil-female.eu\/pl\/badania\/badanie-pcos-2019\/"]}]},{"@type":"ImageObject","inLanguage":"pl-PL","@id":"https:\/\/profertil-female.eu\/pl\/badania\/badanie-pcos-2019\/#primaryimage","url":"https:\/\/profertil-female.eu\/wp-content\/uploads\/2022\/04\/image002.png","contentUrl":"https:\/\/profertil-female.eu\/wp-content\/uploads\/2022\/04\/image002.png","width":1500,"height":1352},{"@type":"BreadcrumbList","@id":"https:\/\/profertil-female.eu\/pl\/badania\/badanie-pcos-2019\/#breadcrumb","itemListElement":[{"@type":"ListItem","position":1,"name":"Home","item":"https:\/\/profertil-female.eu\/pl\/"},{"@type":"ListItem","position":2,"name":"Badania","item":"https:\/\/profertil-female.eu\/pl\/badania\/"},{"@type":"ListItem","position":3,"name":"Badanie PCOS 2019"}]},{"@type":"WebSite","@id":"https:\/\/profertil-female.eu\/pl\/#website","url":"https:\/\/profertil-female.eu\/pl\/","name":"PROFERTIL\u00ae female","description":"The fertility pill for women","potentialAction":[{"@type":"SearchAction","target":{"@type":"EntryPoint","urlTemplate":"https:\/\/profertil-female.eu\/pl\/?s={search_term_string}"},"query-input":{"@type":"PropertyValueSpecification","valueRequired":true,"valueName":"search_term_string"}}],"inLanguage":"pl-PL"}]}},"_links":{"self":[{"href":"https:\/\/profertil-female.eu\/pl\/wp-json\/wp\/v2\/pages\/7774","targetHints":{"allow":["GET"]}}],"collection":[{"href":"https:\/\/profertil-female.eu\/pl\/wp-json\/wp\/v2\/pages"}],"about":[{"href":"https:\/\/profertil-female.eu\/pl\/wp-json\/wp\/v2\/types\/page"}],"author":[{"embeddable":true,"href":"https:\/\/profertil-female.eu\/pl\/wp-json\/wp\/v2\/users\/1"}],"replies":[{"embeddable":true,"href":"https:\/\/profertil-female.eu\/pl\/wp-json\/wp\/v2\/comments?post=7774"}],"version-history":[{"count":3,"href":"https:\/\/profertil-female.eu\/pl\/wp-json\/wp\/v2\/pages\/7774\/revisions"}],"predecessor-version":[{"id":8118,"href":"https:\/\/profertil-female.eu\/pl\/wp-json\/wp\/v2\/pages\/7774\/revisions\/8118"}],"up":[{"embeddable":true,"href":"https:\/\/profertil-female.eu\/pl\/wp-json\/wp\/v2\/pages\/7642"}],"wp:featuredmedia":[{"embeddable":true,"href":"https:\/\/profertil-female.eu\/pl\/wp-json\/wp\/v2\/media\/7776"}],"wp:attachment":[{"href":"https:\/\/profertil-female.eu\/pl\/wp-json\/wp\/v2\/media?parent=7774"}],"wp:term":[{"taxonomy":"category","embeddable":true,"href":"https:\/\/profertil-female.eu\/pl\/wp-json\/wp\/v2\/categories?post=7774"},{"taxonomy":"post_tag","embeddable":true,"href":"https:\/\/profertil-female.eu\/pl\/wp-json\/wp\/v2\/tags?post=7774"}],"curies":[{"name":"wp","href":"https:\/\/api.w.org\/{rel}","templated":true}]}}