{"id":7643,"date":"2022-04-01T15:35:08","date_gmt":"2022-04-01T13:35:08","guid":{"rendered":"https:\/\/profertil-female.eu\/badania\/badanie-akh-2017\/"},"modified":"2022-04-06T17:19:33","modified_gmt":"2022-04-06T15:19:33","slug":"badanie-akh-2017","status":"publish","type":"page","link":"https:\/\/profertil-female.eu\/pl\/badania\/badanie-akh-2017\/","title":{"rendered":"Badanie AKH 2017"},"content":{"rendered":"\n<div class=\"wp-block-group profertil-header-group\"><div class=\"wp-block-group__inner-container is-layout-flow wp-block-group-is-layout-flow\">\n<div class=\"wp-block-cover alignfull is-light has-custom-content-position is-position-center-left profertil-header-group__block-cover no-margin__bottom\"><span aria-hidden=\"true\" class=\"has-background-dim-0 wp-block-cover__gradient-background has-background-dim\"><\/span><img loading=\"lazy\" decoding=\"async\" width=\"1914\" height=\"774\" class=\"wp-block-cover__image-background wp-image-746\" alt=\"\" src=\"https:\/\/profertil-female.eu\/wp-content\/uploads\/2022\/04\/verbesserung-schwnagerschaftsrate-bg.jpg\" style=\"object-position:52% 50%\" data-object-fit=\"cover\" data-object-position=\"52% 50%\"\/><div class=\"wp-block-cover__inner-container is-layout-flow wp-block-cover-is-layout-flow\">\n<h1 class=\"text-shadow has-white-color has-text-color wp-block-heading\"><strong>Doskona\u0142y <\/strong><br><strong>efekt synergiczny<\/strong><\/h1>\n<\/div><\/div>\n\n\n\n<div class=\"wp-block-group alignfull profertil-header-group__group-tagline\"><div class=\"wp-block-group__inner-container is-layout-flow wp-block-group-is-layout-flow\">\n<div class=\"wp-block-columns alignfull width-100 has-background-light-background-color has-background is-layout-flex wp-container-core-columns-is-layout-1 wp-block-columns-is-layout-flex\">\n<div class=\"wp-block-column is-layout-flow wp-block-column-is-layout-flow\" style=\"flex-basis:66.66%\">\n<h2 class=\"wp-block-heading\"><mark style=\"background-color:rgba(0, 0, 0, 0)\" class=\"has-inline-color has-accent-color\"><strong>Lepszy <\/strong><\/mark><strong><mark style=\"background-color:rgba(0, 0, 0, 0)\" class=\"has-inline-color has-gray-color\">wsp\u00f3\u0142czynnik zap\u0142odnienia, <\/mark><mark style=\"background-color:rgba(0, 0, 0, 0)\" class=\"has-inline-color has-accent-color\">lepsza<\/mark><mark style=\"background-color:rgba(0, 0, 0, 0)\" class=\"has-inline-color has-gray-color\"> jako\u015b\u0107 zarodka oraz <\/mark><mark style=\"background-color:rgba(0, 0, 0, 0)\" class=\"has-inline-color has-accent-color\">lepszy<\/mark><mark style=\"background-color:rgba(0, 0, 0, 0)\" class=\"has-inline-color has-gray-color\"> wsp\u00f3\u0142czynnik ci\u0105\u017c<\/mark><\/strong><\/h2>\n<\/div>\n\n\n\n<div class=\"wp-block-column is-layout-flow wp-block-column-is-layout-flow\" style=\"flex-basis:33.33%\"><\/div>\n<\/div>\n\n\n\n<div class=\"anchorlink show-for-medium alignfull has-background-light-background-color\">\n            <a href=\"#section1\" class=\"has-accent-color\" data-smooth-scroll data-animation-duration=\"750\" data-animation-easing=\"swing\" data-offset=\"-23\">\n            <i class=\"material-icons md-expand_more anchor-pulse\"><\/i>\n        <\/a>\n    <\/div>\n<\/div><\/div>\n<\/div><\/div>\n\n\n\n<div class=\"wp-block-cover alignfull is-light window-height centered\" id=\"section1\"><span aria-hidden=\"true\" class=\"has-white-background-color has-background-dim-100 wp-block-cover__gradient-background has-background-dim\"><\/span><div class=\"wp-block-cover__inner-container is-layout-flow wp-block-cover-is-layout-flow\">\n<div style=\"height:50px\" aria-hidden=\"true\" class=\"wp-block-spacer\"><\/div>\n\n\n\n<div class=\"wp-block-columns is-layout-flex wp-container-core-columns-is-layout-2 wp-block-columns-is-layout-flex\">\n<div class=\"wp-block-column is-layout-flow wp-block-column-is-layout-flow\" style=\"flex-basis:75%\">\n<p class=\"has-profertil-medium-font-size\">Badanie AKH 2017<\/p>\n\n\n\n<div style=\"height:30px\" aria-hidden=\"true\" class=\"wp-block-spacer\"><\/div>\n\n\n\n<figure class=\"wp-block-image size-large\"><img decoding=\"async\" src=\"https:\/\/profertil-female.eu\/wp-content\/uploads\/2022\/04\/akh-study-logos-PL-1024x130.png\" alt=\"\" class=\"wp-image-4541\"\/><\/figure>\n<\/div>\n\n\n\n<div class=\"wp-block-column is-layout-flow wp-block-column-is-layout-flow\" style=\"flex-basis:25%\"><\/div>\n<\/div>\n\n\n\n<div class=\"wp-block-columns is-layout-flex wp-container-core-columns-is-layout-3 wp-block-columns-is-layout-flex\">\n<div class=\"wp-block-column small-order-2 medium-order-1 is-layout-flow wp-block-column-is-layout-flow\" style=\"flex-basis:75%\">\n<figure class=\"wp-block-image size-large show-for-medium\"><img decoding=\"async\" src=\"https:\/\/profertil-female.eu\/wp-content\/uploads\/2022\/04\/3-Studiengrafiken_final_PL_RGB-1024x667.png\" alt=\"\" class=\"wp-image-4507\"\/><\/figure>\n\n\n\n<div class=\"wp-block-group hide-for-medium\"><div class=\"wp-block-group__inner-container is-layout-flow wp-block-group-is-layout-flow\">\n<div class=\"wp-block-image\"><figure class=\"aligncenter size-large is-resized\"><img decoding=\"async\" src=\"https:\/\/profertil-female.eu\/wp-content\/uploads\/2022\/04\/akh-study-mobile-1-PL-1-551x1024.png\" alt=\"\" class=\"wp-image-4519\" width=\"375\"\/><\/figure><\/div>\n\n\n\n<hr class=\"wp-block-separator has-text-color has-background is-style-wide\" style=\"background-color:#c7c7c7;color:#c7c7c7\"\/>\n\n\n\n<div class=\"wp-block-image\"><figure class=\"aligncenter size-full is-resized\"><img decoding=\"async\" src=\"https:\/\/profertil-female.eu\/wp-content\/uploads\/2022\/04\/akh-study-mobile-2-2-551x1024-PL-1.png\" alt=\"\" class=\"wp-image-4527\" width=\"375\"\/><\/figure><\/div>\n\n\n\n<hr class=\"wp-block-separator has-text-color has-background is-style-wide\" style=\"background-color:#c7c7c7;color:#c7c7c7\"\/>\n\n\n\n<div class=\"wp-block-image\"><figure class=\"aligncenter size-large is-resized\"><img decoding=\"async\" src=\"https:\/\/profertil-female.eu\/wp-content\/uploads\/2022\/04\/akh-study-mobile-3-PL-1-551x1024.png\" alt=\"\" class=\"wp-image-4535\" width=\"375\"\/><\/figure><\/div>\n<\/div><\/div>\n<\/div>\n\n\n\n<div class=\"wp-block-column small-order-1 medium-order-2 is-layout-flow wp-block-column-is-layout-flow\" style=\"flex-basis:25%\">\n<figure class=\"wp-block-image size-full is-resized\"><img loading=\"lazy\" decoding=\"async\" src=\"https:\/\/profertil-female.eu\/wp-content\/uploads\/2022\/04\/gyneologic-and-obstetric-investigation-2@2x.png\" alt=\"\" class=\"wp-image-1694\" width=\"315\" height=\"87\"\/><\/figure>\n\n\n\n<p><strong>Liczba pacjent\u00f3w<\/strong><br>n = 100<\/p>\n\n\n\n<p class=\"has-profertil-small-font-size\">(Grupa PROFERTIL\u00ae female <br>n = 50; Grupa kontrolna n = 50)<\/p>\n<\/div>\n<\/div>\n\n\n\n<div style=\"height:50px\" aria-hidden=\"true\" class=\"wp-block-spacer\"><\/div>\n\n\n\n<div class=\"anchorlink show-for-medium stick-to-bottom\">\n            <a href=\"#section2\" class=\"has-accent-color\" data-smooth-scroll data-animation-duration=\"750\" data-animation-easing=\"swing\" data-offset=\"-23\">\n            <i class=\"material-icons md-expand_more anchor-pulse\"><\/i>\n        <\/a>\n    <\/div>\n<\/div><\/div>\n\n\n\n<div class=\"wp-block-cover alignfull is-light window-height centered no-margin__bottom\" id=\"section2\"><span aria-hidden=\"true\" class=\"has-white-background-color has-background-dim-100 wp-block-cover__gradient-background has-background-dim\"><\/span><div class=\"wp-block-cover__inner-container is-layout-flow wp-block-cover-is-layout-flow\">\n<div style=\"height:50px\" aria-hidden=\"true\" class=\"wp-block-spacer\"><\/div>\n\n\n\n<div class=\"wp-block-columns are-vertically-aligned-center is-layout-flex wp-container-core-columns-is-layout-4 wp-block-columns-is-layout-flex\">\n<div class=\"wp-block-column is-vertically-aligned-center is-layout-flow wp-block-column-is-layout-flow\" style=\"flex-basis:66.66%\">\n<p><strong><strong>Projekt badania<\/strong><\/strong><br>Otwarte jednoo\u015brodkowe prospektywne, randomizowane, kontrolowane badanie pilota\u017cowe<br>Liczba pacjent\u00f3w: 100<\/p>\n\n\n\n<p><strong>Badanie kliniczne maj\u0105ce na celu zbadanie dzia\u0142ania sk\u0142adu preparatu PROFERTIL\u00ae female<\/strong> <br>Wp\u0142yw standaryzowanej doustnej wielosk\u0142adnikowej suplementacji na jako\u015b\u0107 zarodk\u00f3w w zap\u0142odnieniu IVF\/ICSI (in vitro\/docytoplazmatycznej iniekcji plemnik\u00f3w): Prospektywne badanie randomizowane<\/p>\n\n\n\n<p><strong><strong>Cele badania<\/strong><\/strong><br>G\u0142\u00f3wnym celem tego pilota\u017cowego badania by\u0142o okre\u015blenie wp\u0142ywu preparatu PROfertil\u00ae female (w por\u00f3wnaniu z 400 mcg kwasu foliowego) u kobiet poddawanych zap\u0142odnieniu in vitro, na jako\u015b\u0107 zarodk\u00f3w<br>W drugorz\u0119dowym celu badania oceniono odsetek ci\u0105\u017c klinicznych.<\/p>\n\n\n\n<p class=\"no-margin__bottom\"><strong>&nbsp;Parametry badania:<\/strong><\/p>\n\n\n\n<ol class=\"wp-block-list\"><li>Jako\u015b\u0107 zarodk\u00f3w w 3 dniu po pobraniu oocyt\u00f3w (jako\u015b\u0107 dobra vs. jako\u015b\u0107 s\u0142aba) oraz<\/li><li>Wsp\u00f3\u0142czynnik ci\u0105\u017c klinicznych.<\/li><\/ol>\n\n\n\n<div style=\"height:70px\" aria-hidden=\"true\" class=\"wp-block-spacer\"><\/div>\n\n\n\n<p class=\"has-profertil-small-font-size\">*<em>Nouri K. et al., Gynecol Obstet Invest. 2017;82(1):8-14.<\/em><\/p>\n<\/div>\n\n\n\n<div class=\"wp-block-column is-vertically-aligned-center is-layout-flow wp-block-column-is-layout-flow\" style=\"flex-basis:33.33%\">\n<figure class=\"wp-block-image alignfull size-large hide-for-medium no-margin__bottom\"><img loading=\"lazy\" decoding=\"async\" width=\"1024\" height=\"682\" src=\"https:\/\/profertil-female.eu\/wp-content\/uploads\/2022\/04\/Babyschuhe_iStock-959531396_teilfreigestellt-1024x682.png\" alt=\"\" class=\"wp-image-2650\" title=\"\"\/><\/figure>\n<\/div>\n<\/div>\n\n\n\n<div class=\"wp-block-image absolute-right absolute-bottom show-for-xlarge z-index-minus-1 no-margin__bottom\"><figure class=\"alignright size-large is-resized\"><img loading=\"lazy\" decoding=\"async\" src=\"https:\/\/profertil-female.eu\/wp-content\/uploads\/2022\/04\/babyschuhe-freigstellt-neu-1024x746.png\" alt=\"\" class=\"wp-image-2655\" width=\"512\" height=\"373\"\/><\/figure><\/div>\n\n\n\n<div class=\"wp-block-image absolute-right absolute-bottom show-for-large hide-for-xlarge z-index-minus-1 no-margin__bottom\"><figure class=\"alignright size-large is-resized\"><img loading=\"lazy\" decoding=\"async\" src=\"https:\/\/profertil-female.eu\/wp-content\/uploads\/2022\/04\/babyschuhe-freigstellt-neu-1024x746.png\" alt=\"\" class=\"wp-image-2655\" width=\"512\" height=\"373\" title=\"\"\/><\/figure><\/div>\n\n\n\n<div class=\"wp-block-image absolute-right absolute-bottom show-for-medium hide-for-large z-index-minus-1 no-margin__bottom\"><figure class=\"alignright size-large is-resized\"><img loading=\"lazy\" decoding=\"async\" src=\"https:\/\/profertil-female.eu\/wp-content\/uploads\/2022\/04\/babyschuhe-freigstellt-neu-1024x746.png\" alt=\"\" class=\"wp-image-2655\" width=\"512\" height=\"373\" title=\"\"\/><\/figure><\/div>\n\n\n\n<div class=\"anchorlink show-for-medium stick-to-bottom\">\n            <a href=\"#buynow\" class=\"has-accent-color\" data-smooth-scroll data-animation-duration=\"750\" data-animation-easing=\"swing\" data-offset=\"-23\">\n            <i class=\"material-icons md-expand_more anchor-pulse\"><\/i>\n        <\/a>\n    <\/div>\n<\/div><\/div>\n\n\n\n<div class=\"wp-block-cover alignfull is-light no-margin__bottom\" id=\"buynow\"><span aria-hidden=\"true\" class=\"wp-block-cover__background has-background-medium-background-color has-background-dim-100 has-background-dim\"><\/span><div class=\"wp-block-cover__inner-container is-layout-flow wp-block-cover-is-layout-flow\">\n<div style=\"height:120px\" aria-hidden=\"true\" class=\"wp-block-spacer\"><\/div>\n\n\n\n<div class=\"wp-block-columns are-vertically-aligned-center max-width__large is-layout-flex wp-container-core-columns-is-layout-5 wp-block-columns-is-layout-flex\">\n<div class=\"wp-block-column is-vertically-aligned-center max-width__large is-layout-flow wp-block-column-is-layout-flow\" style=\"flex-basis:40%\"><div class=\"wp-block-image\">\n<figure class=\"aligncenter size-large\"><img loading=\"lazy\" decoding=\"async\" width=\"1024\" height=\"372\" src=\"https:\/\/profertil-female.eu\/wp-content\/uploads\/2022\/04\/udowodniona-skutecznosc-1024x372.png\" alt=\"\" class=\"wp-image-6972\" srcset=\"https:\/\/profertil-female.eu\/wp-content\/uploads\/2022\/04\/udowodniona-skutecznosc-1024x372.png 1024w, https:\/\/profertil-female.eu\/wp-content\/uploads\/2022\/04\/udowodniona-skutecznosc-300x109.png 300w, https:\/\/profertil-female.eu\/wp-content\/uploads\/2022\/04\/udowodniona-skutecznosc-768x279.png 768w, https:\/\/profertil-female.eu\/wp-content\/uploads\/2022\/04\/udowodniona-skutecznosc.png 1151w\" sizes=\"auto, (max-width: 1024px) 100vw, 1024px\" \/><\/figure><\/div>\n\n\n<p><\/p>\n<\/div>\n\n\n\n<div class=\"wp-block-column is-vertically-aligned-center is-layout-flow wp-block-column-is-layout-flow\"><div class=\"wp-block-image\">\n<figure class=\"aligncenter size-full\"><img loading=\"lazy\" decoding=\"async\" width=\"806\" height=\"411\" src=\"https:\/\/profertil-female.eu\/wp-content\/uploads\/2022\/04\/packshot-hormoe-free-PL.png\" alt=\"\" class=\"wp-image-6711\" srcset=\"https:\/\/profertil-female.eu\/wp-content\/uploads\/2022\/04\/packshot-hormoe-free-PL.png 806w, https:\/\/profertil-female.eu\/wp-content\/uploads\/2022\/04\/packshot-hormoe-free-PL-300x153.png 300w, https:\/\/profertil-female.eu\/wp-content\/uploads\/2022\/04\/packshot-hormoe-free-PL-768x392.png 768w\" sizes=\"auto, (max-width: 806px) 100vw, 806px\" \/><\/figure><\/div><\/div>\n<\/div>\n\n\n\n<div style=\"height:50px\" aria-hidden=\"true\" class=\"wp-block-spacer\"><\/div>\n\n\n\n<div style=\"height:50px\" aria-hidden=\"true\" class=\"wp-block-spacer\"><\/div>\n\n\n\n<div class=\"wp-block-buttons is-horizontal is-content-justification-center is-layout-flex wp-container-core-buttons-is-layout-1 wp-block-buttons-is-layout-flex\">\n<div class=\"wp-block-button has-custom-font-size has-icon has-profertil-large-font-size\"><a class=\"wp-block-button__link has-profertil-gradient-from-bottom-gradient-background has-background wp-element-button\" href=\"https:\/\/profertil-female.eu\/pl\/gdzie-kupic\/\">KUP TERAZ <img loading=\"lazy\" decoding=\"async\" width=\"24\" height=\"24\" class=\"wp-image-1572\" style=\"width: 24px;\" src=\"https:\/\/profertil-female.eu\/wp-content\/uploads\/\/2021\/08\/cart-icon.svg\" alt=\"\"><\/a><\/div>\n<\/div>\n\n\n\n<div style=\"height:50px\" aria-hidden=\"true\" class=\"wp-block-spacer\"><\/div>\n<\/div><\/div>\n","protected":false},"excerpt":{"rendered":"<p>Lepszy wsp\u00f3\u0142czynnik zap\u0142odnienia, lepsza jako\u015b\u0107 zarodka oraz lepszy wsp\u00f3\u0142czynnik ci\u0105\u017c<\/p>\n","protected":false},"author":1,"featured_media":7652,"parent":7642,"menu_order":1,"comment_status":"closed","ping_status":"closed","template":"template-full-width-no-title.php","meta":{"_acf_changed":false,"pgc_sgb_lightbox_settings":"","footnotes":""},"categories":[],"tags":[],"class_list":["post-7643","page","type-page","status-publish","has-post-thumbnail","hentry"],"acf":[],"yoast_head":"<!-- This site is optimized with the Yoast SEO plugin v24.7 - https:\/\/yoast.com\/wordpress\/plugins\/seo\/ -->\n<title>Badanie AKH 2017 - PROFERTIL\u00ae female<\/title>\n<meta name=\"robots\" content=\"index, follow, max-snippet:-1, max-image-preview:large, max-video-preview:-1\" \/>\n<link rel=\"canonical\" href=\"https:\/\/profertil-female.eu\/pl\/badania\/badanie-akh-2017\/\" \/>\n<meta property=\"og:locale\" content=\"pl_PL\" \/>\n<meta property=\"og:type\" content=\"article\" \/>\n<meta property=\"og:title\" content=\"Badanie AKH 2017 - PROFERTIL\u00ae female\" \/>\n<meta property=\"og:description\" content=\"Lepszy wsp\u00f3\u0142czynnik zap\u0142odnienia, lepsza jako\u015b\u0107 zarodka oraz lepszy wsp\u00f3\u0142czynnik ci\u0105\u017c\" \/>\n<meta property=\"og:url\" content=\"https:\/\/profertil-female.eu\/pl\/badania\/badanie-akh-2017\/\" \/>\n<meta property=\"og:site_name\" content=\"PROFERTIL\u00ae female\" \/>\n<meta property=\"article:modified_time\" content=\"2022-04-06T15:19:33+00:00\" \/>\n<meta property=\"og:image\" content=\"https:\/\/profertil-female.eu\/wp-content\/uploads\/2022\/04\/akh-studie-logos@2x.png\" \/>\n\t<meta property=\"og:image:width\" content=\"1867\" \/>\n\t<meta property=\"og:image:height\" content=\"235\" \/>\n\t<meta property=\"og:image:type\" content=\"image\/png\" \/>\n<meta name=\"twitter:card\" content=\"summary_large_image\" \/>\n<meta name=\"twitter:label1\" content=\"Szacowany czas czytania\" \/>\n\t<meta name=\"twitter:data1\" content=\"1 minuta\" \/>\n<script type=\"application\/ld+json\" class=\"yoast-schema-graph\">{\"@context\":\"https:\/\/schema.org\",\"@graph\":[{\"@type\":\"WebPage\",\"@id\":\"https:\/\/profertil-female.eu\/pl\/badania\/badanie-akh-2017\/\",\"url\":\"https:\/\/profertil-female.eu\/pl\/badania\/badanie-akh-2017\/\",\"name\":\"Badanie AKH 2017 - PROFERTIL\u00ae female\",\"isPartOf\":{\"@id\":\"https:\/\/profertil-female.eu\/pl\/#website\"},\"primaryImageOfPage\":{\"@id\":\"https:\/\/profertil-female.eu\/pl\/badania\/badanie-akh-2017\/#primaryimage\"},\"image\":{\"@id\":\"https:\/\/profertil-female.eu\/pl\/badania\/badanie-akh-2017\/#primaryimage\"},\"thumbnailUrl\":\"https:\/\/profertil-female.eu\/wp-content\/uploads\/2022\/04\/akh-studie-logos@2x.png\",\"datePublished\":\"2022-04-01T13:35:08+00:00\",\"dateModified\":\"2022-04-06T15:19:33+00:00\",\"breadcrumb\":{\"@id\":\"https:\/\/profertil-female.eu\/pl\/badania\/badanie-akh-2017\/#breadcrumb\"},\"inLanguage\":\"pl-PL\",\"potentialAction\":[{\"@type\":\"ReadAction\",\"target\":[\"https:\/\/profertil-female.eu\/pl\/badania\/badanie-akh-2017\/\"]}]},{\"@type\":\"ImageObject\",\"inLanguage\":\"pl-PL\",\"@id\":\"https:\/\/profertil-female.eu\/pl\/badania\/badanie-akh-2017\/#primaryimage\",\"url\":\"https:\/\/profertil-female.eu\/wp-content\/uploads\/2022\/04\/akh-studie-logos@2x.png\",\"contentUrl\":\"https:\/\/profertil-female.eu\/wp-content\/uploads\/2022\/04\/akh-studie-logos@2x.png\",\"width\":1867,\"height\":235},{\"@type\":\"BreadcrumbList\",\"@id\":\"https:\/\/profertil-female.eu\/pl\/badania\/badanie-akh-2017\/#breadcrumb\",\"itemListElement\":[{\"@type\":\"ListItem\",\"position\":1,\"name\":\"Home\",\"item\":\"https:\/\/profertil-female.eu\/pl\/\"},{\"@type\":\"ListItem\",\"position\":2,\"name\":\"Badania\",\"item\":\"https:\/\/profertil-female.eu\/pl\/badania\/\"},{\"@type\":\"ListItem\",\"position\":3,\"name\":\"Badanie AKH 2017\"}]},{\"@type\":\"WebSite\",\"@id\":\"https:\/\/profertil-female.eu\/pl\/#website\",\"url\":\"https:\/\/profertil-female.eu\/pl\/\",\"name\":\"PROFERTIL\u00ae female\",\"description\":\"The fertility pill for women\",\"potentialAction\":[{\"@type\":\"SearchAction\",\"target\":{\"@type\":\"EntryPoint\",\"urlTemplate\":\"https:\/\/profertil-female.eu\/pl\/?s={search_term_string}\"},\"query-input\":{\"@type\":\"PropertyValueSpecification\",\"valueRequired\":true,\"valueName\":\"search_term_string\"}}],\"inLanguage\":\"pl-PL\"}]}<\/script>\n<!-- \/ Yoast SEO plugin. -->","yoast_head_json":{"title":"Badanie AKH 2017 - PROFERTIL\u00ae female","robots":{"index":"index","follow":"follow","max-snippet":"max-snippet:-1","max-image-preview":"max-image-preview:large","max-video-preview":"max-video-preview:-1"},"canonical":"https:\/\/profertil-female.eu\/pl\/badania\/badanie-akh-2017\/","og_locale":"pl_PL","og_type":"article","og_title":"Badanie AKH 2017 - PROFERTIL\u00ae female","og_description":"Lepszy wsp\u00f3\u0142czynnik zap\u0142odnienia, lepsza jako\u015b\u0107 zarodka oraz lepszy wsp\u00f3\u0142czynnik ci\u0105\u017c","og_url":"https:\/\/profertil-female.eu\/pl\/badania\/badanie-akh-2017\/","og_site_name":"PROFERTIL\u00ae female","article_modified_time":"2022-04-06T15:19:33+00:00","og_image":[{"width":1867,"height":235,"url":"https:\/\/profertil-female.eu\/wp-content\/uploads\/2022\/04\/akh-studie-logos@2x.png","type":"image\/png"}],"twitter_card":"summary_large_image","twitter_misc":{"Szacowany czas czytania":"1 minuta"},"schema":{"@context":"https:\/\/schema.org","@graph":[{"@type":"WebPage","@id":"https:\/\/profertil-female.eu\/pl\/badania\/badanie-akh-2017\/","url":"https:\/\/profertil-female.eu\/pl\/badania\/badanie-akh-2017\/","name":"Badanie AKH 2017 - PROFERTIL\u00ae female","isPartOf":{"@id":"https:\/\/profertil-female.eu\/pl\/#website"},"primaryImageOfPage":{"@id":"https:\/\/profertil-female.eu\/pl\/badania\/badanie-akh-2017\/#primaryimage"},"image":{"@id":"https:\/\/profertil-female.eu\/pl\/badania\/badanie-akh-2017\/#primaryimage"},"thumbnailUrl":"https:\/\/profertil-female.eu\/wp-content\/uploads\/2022\/04\/akh-studie-logos@2x.png","datePublished":"2022-04-01T13:35:08+00:00","dateModified":"2022-04-06T15:19:33+00:00","breadcrumb":{"@id":"https:\/\/profertil-female.eu\/pl\/badania\/badanie-akh-2017\/#breadcrumb"},"inLanguage":"pl-PL","potentialAction":[{"@type":"ReadAction","target":["https:\/\/profertil-female.eu\/pl\/badania\/badanie-akh-2017\/"]}]},{"@type":"ImageObject","inLanguage":"pl-PL","@id":"https:\/\/profertil-female.eu\/pl\/badania\/badanie-akh-2017\/#primaryimage","url":"https:\/\/profertil-female.eu\/wp-content\/uploads\/2022\/04\/akh-studie-logos@2x.png","contentUrl":"https:\/\/profertil-female.eu\/wp-content\/uploads\/2022\/04\/akh-studie-logos@2x.png","width":1867,"height":235},{"@type":"BreadcrumbList","@id":"https:\/\/profertil-female.eu\/pl\/badania\/badanie-akh-2017\/#breadcrumb","itemListElement":[{"@type":"ListItem","position":1,"name":"Home","item":"https:\/\/profertil-female.eu\/pl\/"},{"@type":"ListItem","position":2,"name":"Badania","item":"https:\/\/profertil-female.eu\/pl\/badania\/"},{"@type":"ListItem","position":3,"name":"Badanie AKH 2017"}]},{"@type":"WebSite","@id":"https:\/\/profertil-female.eu\/pl\/#website","url":"https:\/\/profertil-female.eu\/pl\/","name":"PROFERTIL\u00ae female","description":"The fertility pill for women","potentialAction":[{"@type":"SearchAction","target":{"@type":"EntryPoint","urlTemplate":"https:\/\/profertil-female.eu\/pl\/?s={search_term_string}"},"query-input":{"@type":"PropertyValueSpecification","valueRequired":true,"valueName":"search_term_string"}}],"inLanguage":"pl-PL"}]}},"_links":{"self":[{"href":"https:\/\/profertil-female.eu\/pl\/wp-json\/wp\/v2\/pages\/7643","targetHints":{"allow":["GET"]}}],"collection":[{"href":"https:\/\/profertil-female.eu\/pl\/wp-json\/wp\/v2\/pages"}],"about":[{"href":"https:\/\/profertil-female.eu\/pl\/wp-json\/wp\/v2\/types\/page"}],"author":[{"embeddable":true,"href":"https:\/\/profertil-female.eu\/pl\/wp-json\/wp\/v2\/users\/1"}],"replies":[{"embeddable":true,"href":"https:\/\/profertil-female.eu\/pl\/wp-json\/wp\/v2\/comments?post=7643"}],"version-history":[{"count":4,"href":"https:\/\/profertil-female.eu\/pl\/wp-json\/wp\/v2\/pages\/7643\/revisions"}],"predecessor-version":[{"id":8116,"href":"https:\/\/profertil-female.eu\/pl\/wp-json\/wp\/v2\/pages\/7643\/revisions\/8116"}],"up":[{"embeddable":true,"href":"https:\/\/profertil-female.eu\/pl\/wp-json\/wp\/v2\/pages\/7642"}],"wp:featuredmedia":[{"embeddable":true,"href":"https:\/\/profertil-female.eu\/pl\/wp-json\/wp\/v2\/media\/7652"}],"wp:attachment":[{"href":"https:\/\/profertil-female.eu\/pl\/wp-json\/wp\/v2\/media?parent=7643"}],"wp:term":[{"taxonomy":"category","embeddable":true,"href":"https:\/\/profertil-female.eu\/pl\/wp-json\/wp\/v2\/categories?post=7643"},{"taxonomy":"post_tag","embeddable":true,"href":"https:\/\/profertil-female.eu\/pl\/wp-json\/wp\/v2\/tags?post=7643"}],"curies":[{"name":"wp","href":"https:\/\/api.w.org\/{rel}","templated":true}]}}