{"id":12419,"date":"2024-06-07T09:38:57","date_gmt":"2024-06-07T07:38:57","guid":{"rendered":"https:\/\/profertil-female.eu\/?page_id=12419"},"modified":"2024-06-10T16:39:19","modified_gmt":"2024-06-10T14:39:19","slug":"czynniki-zwiazane-z-wiekiem-amh","status":"publish","type":"page","link":"https:\/\/profertil-female.eu\/pl\/zwiekszenie-plodnosci\/czynniki-zwiazane-z-wiekiem-amh\/","title":{"rendered":"Czynniki zwi\u0105zane z wiekiem (AMH"},"content":{"rendered":"\n<div class=\"wp-block-group profertil-header-group\"><div class=\"wp-block-group__inner-container is-layout-flow wp-block-group-is-layout-flow\">\n<div class=\"wp-block-cover alignfull is-light has-custom-content-position is-position-center-left has-background-dim-10 has-accent-background-color has-background-dim profertil-header-group__block-cover no-margin__bottom\"><span aria-hidden=\"true\" class=\"wp-block-cover__background has-accent-background-color has-background-dim-10 has-background-dim\"><\/span><img loading=\"lazy\" decoding=\"async\" width=\"1920\" height=\"775\" class=\"wp-block-cover__image-background wp-image-12144\" alt=\"\" src=\"https:\/\/profertil-female.eu\/wp-content\/uploads\/2023\/12\/header-biological-clock.jpg\" data-object-fit=\"cover\" srcset=\"https:\/\/profertil-female.eu\/wp-content\/uploads\/2023\/12\/header-biological-clock.jpg 1920w, https:\/\/profertil-female.eu\/wp-content\/uploads\/2023\/12\/header-biological-clock-300x121.jpg 300w, https:\/\/profertil-female.eu\/wp-content\/uploads\/2023\/12\/header-biological-clock-1024x413.jpg 1024w, https:\/\/profertil-female.eu\/wp-content\/uploads\/2023\/12\/header-biological-clock-768x310.jpg 768w, https:\/\/profertil-female.eu\/wp-content\/uploads\/2023\/12\/header-biological-clock-1536x620.jpg 1536w\" sizes=\"auto, (max-width: 1920px) 100vw, 1920px\" \/><div class=\"wp-block-cover__inner-container is-layout-flow wp-block-cover-is-layout-flow\">\n<h1 class=\"text-shadow has-white-color has-text-color wp-block-heading\">Czynniki zwi\u0105zane <br>z wiekiem (AMH)<\/h1>\n<\/div><\/div>\n\n\n\n<div class=\"wp-block-group profertil-header-group__group-tagline\"><div class=\"wp-block-group__inner-container is-layout-flow wp-block-group-is-layout-flow\">\n<div class=\"wp-block-columns alignfull has-background-light-background-color has-background is-layout-flex wp-container-core-columns-is-layout-1 wp-block-columns-is-layout-flex\">\n<div class=\"wp-block-column is-layout-flow wp-block-column-is-layout-flow\" style=\"flex-basis:66.66%\">\n<h2 class=\"has-text-align-left wp-block-heading\">Wsparcie dla <mark style=\"background-color:rgba(0, 0, 0, 0)\" class=\"has-inline-color has-accent-color\">zdrowego dojrzewania p\u0119cherzyka jajnikowego i regularnej owulacji<\/mark><\/h2>\n<\/div>\n<\/div>\n<\/div><\/div>\n<\/div><\/div>\n\n\n\n<div class=\"wp-block-cover alignfull is-light window-height centered no-margin__bottom\" id=\"section1\"><span aria-hidden=\"true\" class=\"wp-block-cover__background has-background-medium-background-color has-background-dim-100 has-background-dim\"><\/span><div class=\"wp-block-cover__inner-container is-layout-flow wp-block-cover-is-layout-flow\">\n<div style=\"height:70px\" aria-hidden=\"true\" class=\"wp-block-spacer\"><\/div>\n\n\n\n<h3 class=\"has-profertil-medium-font-size wp-block-heading\">Ch\u0119\u0107 posiadania dzieci w momencie, gdy p\u0142odno\u015b\u0107 ju\u017c maleje?<\/h3>\n\n\n\n<p><strong>W zachodnim \u015bwiecie obserwuje si\u0119 coraz wi\u0119ksz\u0105 tendencj\u0119 do p\u00f3\u017anego macierzy\u0144stwa. Jednak\u017ce p\u0142odno\u015b\u0107 kobiety naturalnie maleje z wiekiem. G\u0142\u00f3wnym powodem spadku p\u0142odno\u015bci jest ci\u0105g\u0142e zmniejszanie si\u0119 liczby kom\u00f3rek jajowych.<\/strong><\/p>\n\n\n\n<p>Tzw. rezerwa jajnikowa (FOR) mo\u017ce dostarczy\u0107 informacji na temat tego, czy w jajnikach znajduje si\u0119 wystarczaj\u0105ca ilo\u015b\u0107 kom\u00f3rek jajowych do naturalnego lub sztucznego zap\u0142odnienia. Liczba p\u0119cherzyk\u00f3w widocznych na ultrasonografii (monitorowanie p\u0119cherzyka) oraz <a href=\"https:\/\/profertil-female.eu\/pl\/badania\/amh-rezerwa-jajnikowa\/\">warto\u015b\u0107 AMH<\/a> s\u0105 wykorzystywane do oceny rezerwy jajnikowej.<\/p>\n\n\n\n<p>Liczba kom\u00f3rek jajowych, jakie kobieta mo\u017ce zu\u017cy\u0107 w ci\u0105gu swojego \u017cycia, jest okre\u015blona od urodzenia. Oznacza to, \u017ce zapas kom\u00f3rek jajowych jest ograniczony i maleje z wiekiem. Te pierwotne p\u0119cherzyki (= pierwotne p\u0119cherzyki) b\u0119d\u0105 potrzebne p\u00f3\u017aniej, a nie tylko jeden na miesi\u0105c. W ka\u017cdym cyklu dojrzewa wi\u0119ksza liczba p\u0119cherzyk\u00f3w (= kohorta). Z tej kohorty wybierany jest dominuj\u0105cy p\u0119cherzyk (= p\u0119cherzyk jajnikowy). Ten p\u0119cherzyk jajnikowy rozwija si\u0119 w dojrza\u0142y p\u0119cherzyk. Ostatecznie, owulacja nast\u0119puje w \u015brodku cyklu.<\/p>\n\n\n\n<p>W najlepszym przypadku, zdolne do zap\u0142odnienia jajo ro\u015bnie ka\u017cdego miesi\u0105ca. <a href=\"https:\/\/profertil-female.eu\/pl\/zwiekszenie-plodnosci\/regulacja-cyklu\/\">Regularny cykl<\/a> z owulacj\u0105 stanowi podstaw\u0119 dla udanego zap\u0142odnienia przez kom\u00f3rk\u0119 nasienia m\u0119\u017cczyzny, a nast\u0119pnie zwi\u0119ksza szans\u0119 na zaj\u015bcie w ci\u0105\u017c\u0119.<\/p>\n\n\n\n<div style=\"height:70px\" aria-hidden=\"true\" class=\"wp-block-spacer\"><\/div>\n\n\n\n<div class=\"anchorlink show-for-medium stick-to-bottom\">\n            <a href=\"#section2\" class=\"has-accent-color\" data-smooth-scroll data-animation-duration=\"750\" data-animation-easing=\"swing\" data-offset=\"-23\">\n            <i class=\"material-icons md-expand_more anchor-pulse\"><\/i>\n        <\/a>\n    <\/div>\n<\/div><\/div>\n\n\n\n<div class=\"wp-block-cover alignfull is-light window-height centered no-margin__bottom\" style=\"min-height:619px;aspect-ratio:unset;\" id=\"section2\"><span aria-hidden=\"true\" class=\"wp-block-cover__background has-background-medium-background-color has-background-dim-100 has-background-dim\"><\/span><div class=\"wp-block-cover__inner-container is-layout-flow wp-block-cover-is-layout-flow\">\n<div style=\"height:70px\" aria-hidden=\"true\" class=\"wp-block-spacer\"><\/div>\n\n\n\n<h3 class=\"wp-block-heading\">Wiek jako czynnik wp\u0142ywaj\u0105cy<\/h3>\n\n\n\n<p>Wiek jest istotnym czynnikiem zwi\u0105zanym z ograniczon\u0105 rezerw\u0105 oocyt\u00f3w. Spadek rezerwy oocyt\u00f3w przyspieszany jest przez stres oksydacyjny. Jest to znane jako \u201estarzenie si\u0119 jajnik\u00f3w\u201d.<\/p>\n\n\n\n<div style=\"height:70px\" aria-hidden=\"true\" class=\"wp-block-spacer\"><\/div>\n\n\n\n<div class=\"anchorlink show-for-medium stick-to-bottom\">\n            <a href=\"#section3\" class=\"has-accent-color\" data-smooth-scroll data-animation-duration=\"750\" data-animation-easing=\"swing\" data-offset=\"-23\">\n            <i class=\"material-icons md-expand_more anchor-pulse\"><\/i>\n        <\/a>\n    <\/div>\n<\/div><\/div>\n\n\n\n<div class=\"wp-block-cover alignfull is-light window-height centered no-margin__bottom\" id=\"section3\"><span aria-hidden=\"true\" class=\"wp-block-cover__background has-background-medium-background-color has-background-dim-100 has-background-dim\"><\/span><div class=\"wp-block-cover__inner-container is-layout-flow wp-block-cover-is-layout-flow\">\n<div style=\"height:70px\" aria-hidden=\"true\" class=\"wp-block-spacer\"><\/div>\n\n\n\n<h3 class=\"wp-block-heading\">Stres oksydacyjny<\/h3>\n\n\n\n<p>Stres oksydacyjny w jajnikach wzrasta wraz z wiekiem kobiety i jest wywo\u0142ywany przez nadmiern\u0105 ilo\u015b\u0107 wolnych rodnik\u00f3w w organizmie cz\u0142owieka. W po\u0142\u0105czeniu z s\u0142abym systemem obronnym (brak przeciwutleniaczy), prowadzi to do szybszego starzenia si\u0119 jajnik\u00f3w i tym samym ma negatywny wp\u0142yw na rezerw\u0119 kom\u00f3rek jajowych. <\/p>\n\n\n\n<p><\/p>\n\n\n\n<p>PROFERTIL\u00ae female chroni jajniki przed stresem oksydacyjnym i pomaga zwolni\u0107 proces starzenia si\u0119 jajnik\u00f3w u kobiet powy\u017cej 35 roku \u017cycia. Wspiera to zdrowe dojrzewanie p\u0119cherzyk\u00f3w i <a href=\"https:\/\/profertil-female.eu\/pl\/zwiekszenie-plodnosci\/regulacja-cyklu\/\">regularn\u0105 owulacj\u0119.<\/a><\/p>\n\n\n\n<div style=\"height:70px\" aria-hidden=\"true\" class=\"wp-block-spacer\"><\/div>\n\n\n\n<div class=\"wp-block-columns is-layout-flex wp-container-core-columns-is-layout-2 wp-block-columns-is-layout-flex\">\n<div class=\"wp-block-column is-layout-flow wp-block-column-is-layout-flow\" style=\"flex-basis:75%\">\n<p>Regularny cykl menstruacyjny i owulacja demonstruj\u0105 dzia\u0142anie przeciwutleniaj\u0105ce PROFERTIL\u00ae female w jajnikach.<\/p>\n<\/div>\n\n\n\n<div class=\"wp-block-column is-layout-flow wp-block-column-is-layout-flow\" style=\"flex-basis:25%\"><\/div>\n<\/div>\n\n\n\n<div style=\"height:50px\" aria-hidden=\"true\" class=\"wp-block-spacer\"><\/div>\n\n\n\n<figure class=\"wp-block-image size-large\"><img loading=\"lazy\" decoding=\"async\" width=\"1024\" height=\"344\" src=\"https:\/\/profertil-female.eu\/wp-content\/uploads\/2022\/06\/infpgraphic-ovarian-cycle-1024x344.png\" alt=\"\" class=\"wp-image-9674\" srcset=\"https:\/\/profertil-female.eu\/wp-content\/uploads\/2022\/06\/infpgraphic-ovarian-cycle-1024x344.png 1024w, https:\/\/profertil-female.eu\/wp-content\/uploads\/2022\/06\/infpgraphic-ovarian-cycle-300x101.png 300w, https:\/\/profertil-female.eu\/wp-content\/uploads\/2022\/06\/infpgraphic-ovarian-cycle-768x258.png 768w, https:\/\/profertil-female.eu\/wp-content\/uploads\/2022\/06\/infpgraphic-ovarian-cycle-1536x515.png 1536w, https:\/\/profertil-female.eu\/wp-content\/uploads\/2022\/06\/infpgraphic-ovarian-cycle-2048x687.png 2048w\" sizes=\"auto, (max-width: 1024px) 100vw, 1024px\" \/><\/figure>\n\n\n\n<div style=\"height:70px\" aria-hidden=\"true\" class=\"wp-block-spacer\"><\/div>\n\n\n\n<div class=\"anchorlink show-for-medium stick-to-bottom\">\n            <a href=\"#section4\" class=\"has-accent-color\" data-smooth-scroll data-animation-duration=\"750\" data-animation-easing=\"swing\" data-offset=\"-23\">\n            <i class=\"material-icons md-expand_more anchor-pulse\"><\/i>\n        <\/a>\n    <\/div>\n<\/div><\/div>\n\n\n\n<div class=\"wp-block-cover alignfull is-light window-height centered no-margin__bottom\" id=\"section4\"><span aria-hidden=\"true\" class=\"wp-block-cover__background has-background-medium-background-color has-background-dim-100 has-background-dim\"><\/span><div class=\"wp-block-cover__inner-container is-layout-flow wp-block-cover-is-layout-flow\">\n<div style=\"height:70px\" aria-hidden=\"true\" class=\"wp-block-spacer\"><\/div>\n\n\n\n<h3 class=\"wp-block-heading\">(AMH) Hormon antym\u00fcllera<\/h3>\n\n\n\n<p>Hormon antym\u00fcllera (AMH) jest wiarygodnym wska\u017anikiem rezerwy funkcjonalnej jajnik\u00f3w u kobiet w wieku 35+. Jest to hormon produkowany przez p\u0119cherzyki antralne (niezr\u00f3\u017cnicowane) w jajnikach.<\/p>\n\n\n\n<p>Poprzez okre\u015blenie warto\u015bci AMH w surowicy mo\u017cna dokona\u0107 rodzaju prognozy, jak d\u0142ugo kobieta mo\u017ce ewentualnie potrzebowa\u0107, aby spe\u0142ni\u0107 swoje pragnienie posiadania dzieci, lub odwrotnie, jak szybko powinna po\u015bwi\u0119ci\u0107 si\u0119 swojemu pragnieniu posiadania dzieci. W badaniu klinicznym przeprowadzonym na kobietach powy\u017cej 35 roku \u017cycia wykazano, \u017ce stosowanie PROFERTIL\u00ae female przez trzy miesi\u0105ce mo\u017ce zwi\u0119kszy\u0107 poziom AMH.<\/p>\n\n\n\n<p>Dodatkowo, wykazano pozytywny wp\u0142yw na grubo\u015b\u0107 b\u0142ony \u015bluzowej macicy, co jest istotnym warunkiem do implantacji zap\u0142odnionego jaja.<\/p>\n\n\n\n<div style=\"height:70px\" aria-hidden=\"true\" class=\"wp-block-spacer\"><\/div>\n\n\n\n<div class=\"wp-block-columns is-layout-flex wp-container-core-columns-is-layout-3 wp-block-columns-is-layout-flex\">\n<div class=\"wp-block-column is-vertically-aligned-center is-layout-flow wp-block-column-is-layout-flow\"><div class=\"wp-block-image\">\n<figure class=\"aligncenter size-large\"><img loading=\"lazy\" decoding=\"async\" width=\"1024\" height=\"923\" src=\"https:\/\/profertil-female.eu\/wp-content\/uploads\/2022\/04\/image002-1024x923.png\" alt=\"\" class=\"wp-image-7776\" srcset=\"https:\/\/profertil-female.eu\/wp-content\/uploads\/2022\/04\/image002-1024x923.png 1024w, https:\/\/profertil-female.eu\/wp-content\/uploads\/2022\/04\/image002-300x270.png 300w, https:\/\/profertil-female.eu\/wp-content\/uploads\/2022\/04\/image002-768x692.png 768w, https:\/\/profertil-female.eu\/wp-content\/uploads\/2022\/04\/image002.png 1500w\" sizes=\"auto, (max-width: 1024px) 100vw, 1024px\" \/><\/figure><\/div><\/div>\n\n\n\n<div class=\"wp-block-column is-vertically-aligned-center is-layout-flow wp-block-column-is-layout-flow\">\n<p><strong><mark style=\"background-color:rgba(0, 0, 0, 0)\" class=\"has-inline-color has-accent-color\">Warto wiedzie\u0107:<\/mark><\/strong><\/p>\n\n\n\n<p>W przypadku <a href=\"https:\/\/profertil-female.eu\/pl\/badania\/badanie-pcos-2019\/\" target=\"_blank\" rel=\"noreferrer noopener\">PCOS <\/a>poziom AMH mo\u017ce by\u0107 podwy\u017cszony.<\/p>\n<\/div>\n<\/div>\n\n\n\n<div style=\"height:70px\" aria-hidden=\"true\" class=\"wp-block-spacer\"><\/div>\n\n\n\n<div class=\"anchorlink show-for-medium stick-to-bottom\">\n            <a href=\"#buynow\" class=\"has-accent-color\" data-smooth-scroll data-animation-duration=\"750\" data-animation-easing=\"swing\" data-offset=\"-23\">\n            <i class=\"material-icons md-expand_more anchor-pulse\"><\/i>\n        <\/a>\n    <\/div>\n<\/div><\/div>\n\n\n\n<div class=\"wp-block-cover alignfull is-light no-margin__bottom\" id=\"buynow\"><span aria-hidden=\"true\" class=\"wp-block-cover__background has-background-medium-background-color has-background-dim-100 has-background-dim\"><\/span><div class=\"wp-block-cover__inner-container is-layout-flow wp-block-cover-is-layout-flow\">\n<div style=\"height:120px\" aria-hidden=\"true\" class=\"wp-block-spacer\"><\/div>\n\n\n\n<div class=\"wp-block-columns are-vertically-aligned-center max-width__large is-layout-flex wp-container-core-columns-is-layout-4 wp-block-columns-is-layout-flex\">\n<div class=\"wp-block-column is-vertically-aligned-center max-width__large is-layout-flow wp-block-column-is-layout-flow\" style=\"flex-basis:40%\"><div class=\"wp-block-image\">\n<figure class=\"aligncenter size-large\"><img loading=\"lazy\" decoding=\"async\" width=\"1024\" height=\"372\" src=\"https:\/\/profertil-female.eu\/wp-content\/uploads\/2022\/04\/udowodniona-skutecznosc-1024x372.png\" alt=\"\" class=\"wp-image-6972\" srcset=\"https:\/\/profertil-female.eu\/wp-content\/uploads\/2022\/04\/udowodniona-skutecznosc-1024x372.png 1024w, https:\/\/profertil-female.eu\/wp-content\/uploads\/2022\/04\/udowodniona-skutecznosc-300x109.png 300w, https:\/\/profertil-female.eu\/wp-content\/uploads\/2022\/04\/udowodniona-skutecznosc-768x279.png 768w, https:\/\/profertil-female.eu\/wp-content\/uploads\/2022\/04\/udowodniona-skutecznosc.png 1151w\" sizes=\"auto, (max-width: 1024px) 100vw, 1024px\" \/><\/figure><\/div>\n\n\n<p><\/p>\n<\/div>\n\n\n\n<div class=\"wp-block-column is-vertically-aligned-center is-layout-flow wp-block-column-is-layout-flow\"><div class=\"wp-block-image\">\n<figure class=\"aligncenter size-full\"><img loading=\"lazy\" decoding=\"async\" width=\"806\" height=\"411\" src=\"https:\/\/profertil-female.eu\/wp-content\/uploads\/2022\/04\/packshot-hormoe-free-PL.png\" alt=\"\" class=\"wp-image-6711\" srcset=\"https:\/\/profertil-female.eu\/wp-content\/uploads\/2022\/04\/packshot-hormoe-free-PL.png 806w, https:\/\/profertil-female.eu\/wp-content\/uploads\/2022\/04\/packshot-hormoe-free-PL-300x153.png 300w, https:\/\/profertil-female.eu\/wp-content\/uploads\/2022\/04\/packshot-hormoe-free-PL-768x392.png 768w\" sizes=\"auto, (max-width: 806px) 100vw, 806px\" \/><\/figure><\/div><\/div>\n<\/div>\n\n\n\n<div style=\"height:50px\" aria-hidden=\"true\" class=\"wp-block-spacer\"><\/div>\n\n\n\n<div style=\"height:50px\" aria-hidden=\"true\" class=\"wp-block-spacer\"><\/div>\n\n\n\n<div class=\"wp-block-buttons is-horizontal is-content-justification-center is-layout-flex wp-container-core-buttons-is-layout-1 wp-block-buttons-is-layout-flex\">\n<div class=\"wp-block-button has-custom-font-size has-icon has-profertil-large-font-size\"><a class=\"wp-block-button__link has-profertil-gradient-from-bottom-gradient-background has-background wp-element-button\" href=\"https:\/\/profertil-female.eu\/pl\/gdzie-kupic\/\">KUP TERAZ <img loading=\"lazy\" decoding=\"async\" width=\"24\" height=\"24\" class=\"wp-image-1572\" style=\"width: 24px;\" src=\"https:\/\/profertil-female.eu\/wp-content\/uploads\/\/2021\/08\/cart-icon.svg\" alt=\"\"><\/a><\/div>\n<\/div>\n\n\n\n<div style=\"height:50px\" aria-hidden=\"true\" class=\"wp-block-spacer\"><\/div>\n<\/div><\/div>\n","protected":false},"excerpt":{"rendered":"<p>Wsparcie dla zdrowego dojrzewania p\u0119cherzyka jajnikowego i regularnej owulacji<\/p>\n","protected":false},"author":1,"featured_media":0,"parent":7306,"menu_order":3,"comment_status":"closed","ping_status":"closed","template":"template-full-width-no-title.php","meta":{"_acf_changed":false,"pgc_sgb_lightbox_settings":"","footnotes":""},"categories":[],"tags":[],"class_list":["post-12419","page","type-page","status-publish","hentry"],"acf":[],"yoast_head":"<!-- This site is optimized with the Yoast SEO plugin v24.7 - https:\/\/yoast.com\/wordpress\/plugins\/seo\/ -->\n<title>Czynniki zwi\u0105zane z wiekiem (AMH - PROFERTIL\u00ae female<\/title>\n<meta name=\"description\" content=\"Wsparcie dla zdrowego dojrzewania p\u0119cherzyka jajnikowego i regularnej owulacji.\" \/>\n<meta name=\"robots\" content=\"index, follow, max-snippet:-1, max-image-preview:large, max-video-preview:-1\" \/>\n<link rel=\"canonical\" href=\"https:\/\/profertil-female.eu\/pl\/zwiekszenie-plodnosci\/czynniki-zwiazane-z-wiekiem-amh\/\" \/>\n<meta property=\"og:locale\" content=\"pl_PL\" \/>\n<meta property=\"og:type\" content=\"article\" \/>\n<meta property=\"og:title\" content=\"Czynniki zwi\u0105zane z wiekiem (AMH - PROFERTIL\u00ae female\" \/>\n<meta property=\"og:description\" content=\"Wsparcie dla zdrowego dojrzewania p\u0119cherzyka jajnikowego i regularnej owulacji.\" \/>\n<meta property=\"og:url\" content=\"https:\/\/profertil-female.eu\/pl\/zwiekszenie-plodnosci\/czynniki-zwiazane-z-wiekiem-amh\/\" \/>\n<meta property=\"og:site_name\" content=\"PROFERTIL\u00ae female\" \/>\n<meta property=\"article:modified_time\" content=\"2024-06-10T14:39:19+00:00\" \/>\n<meta property=\"og:image\" content=\"https:\/\/profertil-female.eu\/wp-content\/uploads\/2023\/12\/header-biological-clock.jpg\" \/>\n<meta name=\"twitter:card\" content=\"summary_large_image\" \/>\n<meta name=\"twitter:label1\" content=\"Szacowany czas czytania\" \/>\n\t<meta name=\"twitter:data1\" content=\"3 minuty\" \/>\n<script type=\"application\/ld+json\" class=\"yoast-schema-graph\">{\"@context\":\"https:\/\/schema.org\",\"@graph\":[{\"@type\":\"WebPage\",\"@id\":\"https:\/\/profertil-female.eu\/pl\/zwiekszenie-plodnosci\/czynniki-zwiazane-z-wiekiem-amh\/\",\"url\":\"https:\/\/profertil-female.eu\/pl\/zwiekszenie-plodnosci\/czynniki-zwiazane-z-wiekiem-amh\/\",\"name\":\"Czynniki zwi\u0105zane z wiekiem (AMH - PROFERTIL\u00ae female\",\"isPartOf\":{\"@id\":\"https:\/\/profertil-female.eu\/pl\/#website\"},\"primaryImageOfPage\":{\"@id\":\"https:\/\/profertil-female.eu\/pl\/zwiekszenie-plodnosci\/czynniki-zwiazane-z-wiekiem-amh\/#primaryimage\"},\"image\":{\"@id\":\"https:\/\/profertil-female.eu\/pl\/zwiekszenie-plodnosci\/czynniki-zwiazane-z-wiekiem-amh\/#primaryimage\"},\"thumbnailUrl\":\"https:\/\/profertil-female.eu\/wp-content\/uploads\/2023\/12\/header-biological-clock.jpg\",\"datePublished\":\"2024-06-07T07:38:57+00:00\",\"dateModified\":\"2024-06-10T14:39:19+00:00\",\"description\":\"Wsparcie dla zdrowego dojrzewania p\u0119cherzyka jajnikowego i regularnej owulacji.\",\"breadcrumb\":{\"@id\":\"https:\/\/profertil-female.eu\/pl\/zwiekszenie-plodnosci\/czynniki-zwiazane-z-wiekiem-amh\/#breadcrumb\"},\"inLanguage\":\"pl-PL\",\"potentialAction\":[{\"@type\":\"ReadAction\",\"target\":[\"https:\/\/profertil-female.eu\/pl\/zwiekszenie-plodnosci\/czynniki-zwiazane-z-wiekiem-amh\/\"]}]},{\"@type\":\"ImageObject\",\"inLanguage\":\"pl-PL\",\"@id\":\"https:\/\/profertil-female.eu\/pl\/zwiekszenie-plodnosci\/czynniki-zwiazane-z-wiekiem-amh\/#primaryimage\",\"url\":\"https:\/\/profertil-female.eu\/wp-content\/uploads\/2023\/12\/header-biological-clock.jpg\",\"contentUrl\":\"https:\/\/profertil-female.eu\/wp-content\/uploads\/2023\/12\/header-biological-clock.jpg\"},{\"@type\":\"BreadcrumbList\",\"@id\":\"https:\/\/profertil-female.eu\/pl\/zwiekszenie-plodnosci\/czynniki-zwiazane-z-wiekiem-amh\/#breadcrumb\",\"itemListElement\":[{\"@type\":\"ListItem\",\"position\":1,\"name\":\"Home\",\"item\":\"https:\/\/profertil-female.eu\/pl\/\"},{\"@type\":\"ListItem\",\"position\":2,\"name\":\"Zwi\u0119kszenie p\u0142odno\u015bci\",\"item\":\"https:\/\/profertil-female.eu\/pl\/zwiekszenie-plodnosci\/\"},{\"@type\":\"ListItem\",\"position\":3,\"name\":\"Czynniki zwi\u0105zane z wiekiem (AMH\"}]},{\"@type\":\"WebSite\",\"@id\":\"https:\/\/profertil-female.eu\/pl\/#website\",\"url\":\"https:\/\/profertil-female.eu\/pl\/\",\"name\":\"PROFERTIL\u00ae female\",\"description\":\"The fertility pill for women\",\"potentialAction\":[{\"@type\":\"SearchAction\",\"target\":{\"@type\":\"EntryPoint\",\"urlTemplate\":\"https:\/\/profertil-female.eu\/pl\/?s={search_term_string}\"},\"query-input\":{\"@type\":\"PropertyValueSpecification\",\"valueRequired\":true,\"valueName\":\"search_term_string\"}}],\"inLanguage\":\"pl-PL\"}]}<\/script>\n<!-- \/ Yoast SEO plugin. -->","yoast_head_json":{"title":"Czynniki zwi\u0105zane z wiekiem (AMH - PROFERTIL\u00ae female","description":"Wsparcie dla zdrowego dojrzewania p\u0119cherzyka jajnikowego i regularnej owulacji.","robots":{"index":"index","follow":"follow","max-snippet":"max-snippet:-1","max-image-preview":"max-image-preview:large","max-video-preview":"max-video-preview:-1"},"canonical":"https:\/\/profertil-female.eu\/pl\/zwiekszenie-plodnosci\/czynniki-zwiazane-z-wiekiem-amh\/","og_locale":"pl_PL","og_type":"article","og_title":"Czynniki zwi\u0105zane z wiekiem (AMH - PROFERTIL\u00ae female","og_description":"Wsparcie dla zdrowego dojrzewania p\u0119cherzyka jajnikowego i regularnej owulacji.","og_url":"https:\/\/profertil-female.eu\/pl\/zwiekszenie-plodnosci\/czynniki-zwiazane-z-wiekiem-amh\/","og_site_name":"PROFERTIL\u00ae female","article_modified_time":"2024-06-10T14:39:19+00:00","og_image":[{"url":"https:\/\/profertil-female.eu\/wp-content\/uploads\/2023\/12\/header-biological-clock.jpg","type":"","width":"","height":""}],"twitter_card":"summary_large_image","twitter_misc":{"Szacowany czas czytania":"3 minuty"},"schema":{"@context":"https:\/\/schema.org","@graph":[{"@type":"WebPage","@id":"https:\/\/profertil-female.eu\/pl\/zwiekszenie-plodnosci\/czynniki-zwiazane-z-wiekiem-amh\/","url":"https:\/\/profertil-female.eu\/pl\/zwiekszenie-plodnosci\/czynniki-zwiazane-z-wiekiem-amh\/","name":"Czynniki zwi\u0105zane z wiekiem (AMH - PROFERTIL\u00ae female","isPartOf":{"@id":"https:\/\/profertil-female.eu\/pl\/#website"},"primaryImageOfPage":{"@id":"https:\/\/profertil-female.eu\/pl\/zwiekszenie-plodnosci\/czynniki-zwiazane-z-wiekiem-amh\/#primaryimage"},"image":{"@id":"https:\/\/profertil-female.eu\/pl\/zwiekszenie-plodnosci\/czynniki-zwiazane-z-wiekiem-amh\/#primaryimage"},"thumbnailUrl":"https:\/\/profertil-female.eu\/wp-content\/uploads\/2023\/12\/header-biological-clock.jpg","datePublished":"2024-06-07T07:38:57+00:00","dateModified":"2024-06-10T14:39:19+00:00","description":"Wsparcie dla zdrowego dojrzewania p\u0119cherzyka jajnikowego i regularnej owulacji.","breadcrumb":{"@id":"https:\/\/profertil-female.eu\/pl\/zwiekszenie-plodnosci\/czynniki-zwiazane-z-wiekiem-amh\/#breadcrumb"},"inLanguage":"pl-PL","potentialAction":[{"@type":"ReadAction","target":["https:\/\/profertil-female.eu\/pl\/zwiekszenie-plodnosci\/czynniki-zwiazane-z-wiekiem-amh\/"]}]},{"@type":"ImageObject","inLanguage":"pl-PL","@id":"https:\/\/profertil-female.eu\/pl\/zwiekszenie-plodnosci\/czynniki-zwiazane-z-wiekiem-amh\/#primaryimage","url":"https:\/\/profertil-female.eu\/wp-content\/uploads\/2023\/12\/header-biological-clock.jpg","contentUrl":"https:\/\/profertil-female.eu\/wp-content\/uploads\/2023\/12\/header-biological-clock.jpg"},{"@type":"BreadcrumbList","@id":"https:\/\/profertil-female.eu\/pl\/zwiekszenie-plodnosci\/czynniki-zwiazane-z-wiekiem-amh\/#breadcrumb","itemListElement":[{"@type":"ListItem","position":1,"name":"Home","item":"https:\/\/profertil-female.eu\/pl\/"},{"@type":"ListItem","position":2,"name":"Zwi\u0119kszenie p\u0142odno\u015bci","item":"https:\/\/profertil-female.eu\/pl\/zwiekszenie-plodnosci\/"},{"@type":"ListItem","position":3,"name":"Czynniki zwi\u0105zane z wiekiem (AMH"}]},{"@type":"WebSite","@id":"https:\/\/profertil-female.eu\/pl\/#website","url":"https:\/\/profertil-female.eu\/pl\/","name":"PROFERTIL\u00ae female","description":"The fertility pill for women","potentialAction":[{"@type":"SearchAction","target":{"@type":"EntryPoint","urlTemplate":"https:\/\/profertil-female.eu\/pl\/?s={search_term_string}"},"query-input":{"@type":"PropertyValueSpecification","valueRequired":true,"valueName":"search_term_string"}}],"inLanguage":"pl-PL"}]}},"_links":{"self":[{"href":"https:\/\/profertil-female.eu\/pl\/wp-json\/wp\/v2\/pages\/12419","targetHints":{"allow":["GET"]}}],"collection":[{"href":"https:\/\/profertil-female.eu\/pl\/wp-json\/wp\/v2\/pages"}],"about":[{"href":"https:\/\/profertil-female.eu\/pl\/wp-json\/wp\/v2\/types\/page"}],"author":[{"embeddable":true,"href":"https:\/\/profertil-female.eu\/pl\/wp-json\/wp\/v2\/users\/1"}],"replies":[{"embeddable":true,"href":"https:\/\/profertil-female.eu\/pl\/wp-json\/wp\/v2\/comments?post=12419"}],"version-history":[{"count":6,"href":"https:\/\/profertil-female.eu\/pl\/wp-json\/wp\/v2\/pages\/12419\/revisions"}],"predecessor-version":[{"id":12429,"href":"https:\/\/profertil-female.eu\/pl\/wp-json\/wp\/v2\/pages\/12419\/revisions\/12429"}],"up":[{"embeddable":true,"href":"https:\/\/profertil-female.eu\/pl\/wp-json\/wp\/v2\/pages\/7306"}],"wp:attachment":[{"href":"https:\/\/profertil-female.eu\/pl\/wp-json\/wp\/v2\/media?parent=12419"}],"wp:term":[{"taxonomy":"category","embeddable":true,"href":"https:\/\/profertil-female.eu\/pl\/wp-json\/wp\/v2\/categories?post=12419"},{"taxonomy":"post_tag","embeddable":true,"href":"https:\/\/profertil-female.eu\/pl\/wp-json\/wp\/v2\/tags?post=12419"}],"curies":[{"name":"wp","href":"https:\/\/api.w.org\/{rel}","templated":true}]}}