{"id":9455,"date":"2022-06-09T10:48:41","date_gmt":"2022-06-09T08:48:41","guid":{"rendered":"https:\/\/profertil-female.eu\/?page_id=9455"},"modified":"2022-06-09T10:49:02","modified_gmt":"2022-06-09T08:49:02","slug":"imprimer","status":"publish","type":"page","link":"https:\/\/profertil-female.eu\/fr\/imprimer\/","title":{"rendered":"Imprimer"},"content":{"rendered":"\n<div style=\"height:40px\" aria-hidden=\"true\" class=\"wp-block-spacer\"><\/div>\n\n\n\n<h4 class=\"wp-block-heading\">LENUS Pharma GesmbH<\/h4>\n\n\n\n<p>Street: Seeb\u00f6ckgasse 59<br>ZIP \/ Ville: 1160 Vienna<br>T\u00e9l\u00e9phone: +43 1 405 14 19<br>Fax: +43 1 405 14 19 DW 20<br>Page d\u2019accueil: www.lenuspharma.com<br>Email: office@lenuspharma.com<\/p>\n\n\n\n<p>UID: ATU 628 08 368<\/p>\n\n\n\n<p>VAT Reg. No.: 282 292 K<\/p>\n\n\n\n<p>Registre des soci\u00e9t\u00e9s: Handelsgericht Wien<\/p>\n\n\n\n<p>Autorit\u00e9 comp\u00e9tente selon CEL: Magistratisches Bezirksamt des IX. Bezirkes<\/p>\n\n\n\n<p>Si\u00e8ge social: Wien<\/p>\n\n\n\n<p>Directeur g\u00e9n\u00e9ral: Brigitte Annerl, MSc<\/p>\n\n\n\n<p>Tous les droits sont r\u00e9serv\u00e9s.<\/p>\n\n\n\n<p>LENUS Pharma GesmbH n\u2019assume aucune responsabilit\u00e9 pour le contenu des sites li\u00e9s!<\/p>\n","protected":false},"excerpt":{"rendered":"<p>LENUS Pharma GesmbH Street: Seeb\u00f6ckgasse 59ZIP \/ Ville: 1160 ViennaT\u00e9l\u00e9phone: +43 1 405 14 19Fax: +43 1 405 14 19 DW 20Page d\u2019accueil: www.lenuspharma.comEmail: office@lenuspharma.com UID: ATU 628 08 368 VAT Reg. No.: 282 292 K Registre des soci\u00e9t\u00e9s: Handelsgericht Wien Autorit\u00e9 comp\u00e9tente selon CEL: Magistratisches Bezirksamt des IX. Bezirkes Si\u00e8ge social: Wien Directeur g\u00e9n\u00e9ral:<a class=\"excerpt-read-more\" href=\"https:\/\/profertil-female.eu\/fr\/imprimer\/\" title=\"ReadImprimer\">&#8230; Read more &raquo;<\/a><\/p>\n","protected":false},"author":1,"featured_media":0,"parent":0,"menu_order":0,"comment_status":"closed","ping_status":"closed","template":"","meta":{"_acf_changed":false,"pgc_sgb_lightbox_settings":"","footnotes":""},"categories":[],"tags":[],"class_list":["post-9455","page","type-page","status-publish","hentry"],"acf":[],"yoast_head":"<!-- This site is optimized with the Yoast SEO plugin v24.7 - https:\/\/yoast.com\/wordpress\/plugins\/seo\/ -->\n<title>Imprimer - PROFERTIL\u00ae female<\/title>\n<meta name=\"robots\" content=\"index, follow, max-snippet:-1, max-image-preview:large, max-video-preview:-1\" \/>\n<link rel=\"canonical\" href=\"https:\/\/profertil-female.eu\/fr\/imprimer\/\" \/>\n<meta property=\"og:locale\" content=\"fr_FR\" \/>\n<meta property=\"og:type\" content=\"article\" \/>\n<meta property=\"og:title\" content=\"Imprimer - PROFERTIL\u00ae female\" \/>\n<meta property=\"og:description\" content=\"LENUS Pharma GesmbH Street: Seeb\u00f6ckgasse 59ZIP \/ Ville: 1160 ViennaT\u00e9l\u00e9phone: +43 1 405 14 19Fax: +43 1 405 14 19 DW 20Page d\u2019accueil: www.lenuspharma.comEmail: office@lenuspharma.com UID: ATU 628 08 368 VAT Reg. No.: 282 292 K Registre des soci\u00e9t\u00e9s: Handelsgericht Wien Autorit\u00e9 comp\u00e9tente selon CEL: Magistratisches Bezirksamt des IX. Bezirkes Si\u00e8ge social: Wien Directeur g\u00e9n\u00e9ral:... Read more &raquo;\" \/>\n<meta property=\"og:url\" content=\"https:\/\/profertil-female.eu\/fr\/imprimer\/\" \/>\n<meta property=\"og:site_name\" content=\"PROFERTIL\u00ae female\" \/>\n<meta property=\"article:modified_time\" content=\"2022-06-09T08:49:02+00:00\" \/>\n<meta name=\"twitter:card\" content=\"summary_large_image\" \/>\n<script type=\"application\/ld+json\" class=\"yoast-schema-graph\">{\"@context\":\"https:\/\/schema.org\",\"@graph\":[{\"@type\":\"WebPage\",\"@id\":\"https:\/\/profertil-female.eu\/fr\/imprimer\/\",\"url\":\"https:\/\/profertil-female.eu\/fr\/imprimer\/\",\"name\":\"Imprimer - PROFERTIL\u00ae female\",\"isPartOf\":{\"@id\":\"https:\/\/profertil-female.eu\/fr\/#website\"},\"datePublished\":\"2022-06-09T08:48:41+00:00\",\"dateModified\":\"2022-06-09T08:49:02+00:00\",\"breadcrumb\":{\"@id\":\"https:\/\/profertil-female.eu\/fr\/imprimer\/#breadcrumb\"},\"inLanguage\":\"fr-FR\",\"potentialAction\":[{\"@type\":\"ReadAction\",\"target\":[\"https:\/\/profertil-female.eu\/fr\/imprimer\/\"]}]},{\"@type\":\"BreadcrumbList\",\"@id\":\"https:\/\/profertil-female.eu\/fr\/imprimer\/#breadcrumb\",\"itemListElement\":[{\"@type\":\"ListItem\",\"position\":1,\"name\":\"Home\",\"item\":\"https:\/\/profertil-female.eu\/fr\/homepage-fr\/\"},{\"@type\":\"ListItem\",\"position\":2,\"name\":\"Imprimer\"}]},{\"@type\":\"WebSite\",\"@id\":\"https:\/\/profertil-female.eu\/fr\/#website\",\"url\":\"https:\/\/profertil-female.eu\/fr\/\",\"name\":\"PROFERTIL\u00ae female\",\"description\":\"La pilule de fertilit\u00e9 pour les femmes\",\"potentialAction\":[{\"@type\":\"SearchAction\",\"target\":{\"@type\":\"EntryPoint\",\"urlTemplate\":\"https:\/\/profertil-female.eu\/fr\/?s={search_term_string}\"},\"query-input\":{\"@type\":\"PropertyValueSpecification\",\"valueRequired\":true,\"valueName\":\"search_term_string\"}}],\"inLanguage\":\"fr-FR\"}]}<\/script>\n<!-- \/ Yoast SEO plugin. -->","yoast_head_json":{"title":"Imprimer - PROFERTIL\u00ae female","robots":{"index":"index","follow":"follow","max-snippet":"max-snippet:-1","max-image-preview":"max-image-preview:large","max-video-preview":"max-video-preview:-1"},"canonical":"https:\/\/profertil-female.eu\/fr\/imprimer\/","og_locale":"fr_FR","og_type":"article","og_title":"Imprimer - PROFERTIL\u00ae female","og_description":"LENUS Pharma GesmbH Street: Seeb\u00f6ckgasse 59ZIP \/ Ville: 1160 ViennaT\u00e9l\u00e9phone: +43 1 405 14 19Fax: +43 1 405 14 19 DW 20Page d\u2019accueil: www.lenuspharma.comEmail: office@lenuspharma.com UID: ATU 628 08 368 VAT Reg. No.: 282 292 K Registre des soci\u00e9t\u00e9s: Handelsgericht Wien Autorit\u00e9 comp\u00e9tente selon CEL: Magistratisches Bezirksamt des IX. Bezirkes Si\u00e8ge social: Wien Directeur g\u00e9n\u00e9ral:... Read more &raquo;","og_url":"https:\/\/profertil-female.eu\/fr\/imprimer\/","og_site_name":"PROFERTIL\u00ae female","article_modified_time":"2022-06-09T08:49:02+00:00","twitter_card":"summary_large_image","schema":{"@context":"https:\/\/schema.org","@graph":[{"@type":"WebPage","@id":"https:\/\/profertil-female.eu\/fr\/imprimer\/","url":"https:\/\/profertil-female.eu\/fr\/imprimer\/","name":"Imprimer - PROFERTIL\u00ae female","isPartOf":{"@id":"https:\/\/profertil-female.eu\/fr\/#website"},"datePublished":"2022-06-09T08:48:41+00:00","dateModified":"2022-06-09T08:49:02+00:00","breadcrumb":{"@id":"https:\/\/profertil-female.eu\/fr\/imprimer\/#breadcrumb"},"inLanguage":"fr-FR","potentialAction":[{"@type":"ReadAction","target":["https:\/\/profertil-female.eu\/fr\/imprimer\/"]}]},{"@type":"BreadcrumbList","@id":"https:\/\/profertil-female.eu\/fr\/imprimer\/#breadcrumb","itemListElement":[{"@type":"ListItem","position":1,"name":"Home","item":"https:\/\/profertil-female.eu\/fr\/homepage-fr\/"},{"@type":"ListItem","position":2,"name":"Imprimer"}]},{"@type":"WebSite","@id":"https:\/\/profertil-female.eu\/fr\/#website","url":"https:\/\/profertil-female.eu\/fr\/","name":"PROFERTIL\u00ae female","description":"La pilule de fertilit\u00e9 pour les femmes","potentialAction":[{"@type":"SearchAction","target":{"@type":"EntryPoint","urlTemplate":"https:\/\/profertil-female.eu\/fr\/?s={search_term_string}"},"query-input":{"@type":"PropertyValueSpecification","valueRequired":true,"valueName":"search_term_string"}}],"inLanguage":"fr-FR"}]}},"_links":{"self":[{"href":"https:\/\/profertil-female.eu\/fr\/wp-json\/wp\/v2\/pages\/9455","targetHints":{"allow":["GET"]}}],"collection":[{"href":"https:\/\/profertil-female.eu\/fr\/wp-json\/wp\/v2\/pages"}],"about":[{"href":"https:\/\/profertil-female.eu\/fr\/wp-json\/wp\/v2\/types\/page"}],"author":[{"embeddable":true,"href":"https:\/\/profertil-female.eu\/fr\/wp-json\/wp\/v2\/users\/1"}],"replies":[{"embeddable":true,"href":"https:\/\/profertil-female.eu\/fr\/wp-json\/wp\/v2\/comments?post=9455"}],"version-history":[{"count":2,"href":"https:\/\/profertil-female.eu\/fr\/wp-json\/wp\/v2\/pages\/9455\/revisions"}],"predecessor-version":[{"id":9457,"href":"https:\/\/profertil-female.eu\/fr\/wp-json\/wp\/v2\/pages\/9455\/revisions\/9457"}],"wp:attachment":[{"href":"https:\/\/profertil-female.eu\/fr\/wp-json\/wp\/v2\/media?parent=9455"}],"wp:term":[{"taxonomy":"category","embeddable":true,"href":"https:\/\/profertil-female.eu\/fr\/wp-json\/wp\/v2\/categories?post=9455"},{"taxonomy":"post_tag","embeddable":true,"href":"https:\/\/profertil-female.eu\/fr\/wp-json\/wp\/v2\/tags?post=9455"}],"curies":[{"name":"wp","href":"https:\/\/api.w.org\/{rel}","templated":true}]}}