{"id":9394,"date":"2022-06-09T10:04:34","date_gmt":"2022-06-09T08:04:34","guid":{"rendered":"https:\/\/profertil-female.eu\/?page_id=9394"},"modified":"2022-06-17T11:41:12","modified_gmt":"2022-06-17T09:41:12","slug":"amh-reserve-de-cellules-doeuf","status":"publish","type":"page","link":"https:\/\/profertil-female.eu\/fr\/etudes\/amh-reserve-de-cellules-doeuf\/","title":{"rendered":"AMH\/R\u00e9serve de cellules d\u2019\u0153uf"},"content":{"rendered":"\n<div class=\"wp-block-group profertil-header-group\"><div class=\"wp-block-group__inner-container is-layout-flow wp-block-group-is-layout-flow\">\n<div class=\"wp-block-cover alignfull is-light has-custom-content-position is-position-center-left profertil-header-group__block-cover no-margin__bottom\"><span aria-hidden=\"true\" class=\"wp-block-cover__background has-background-dim-0 has-background-dim\"><\/span><img loading=\"lazy\" decoding=\"async\" width=\"1950\" height=\"775\" class=\"wp-block-cover__image-background wp-image-8350\" alt=\"\" src=\"https:\/\/profertil-female.eu\/wp-content\/uploads\/2021\/09\/reaktivierung-weibliche-fertilitaet-header.jpg\" style=\"object-position:73% 45%\" data-object-fit=\"cover\" data-object-position=\"73% 45%\" srcset=\"https:\/\/profertil-female.eu\/wp-content\/uploads\/2021\/09\/reaktivierung-weibliche-fertilitaet-header.jpg 1950w, https:\/\/profertil-female.eu\/wp-content\/uploads\/2021\/09\/reaktivierung-weibliche-fertilitaet-header-300x119.jpg 300w, https:\/\/profertil-female.eu\/wp-content\/uploads\/2021\/09\/reaktivierung-weibliche-fertilitaet-header-1024x407.jpg 1024w, https:\/\/profertil-female.eu\/wp-content\/uploads\/2021\/09\/reaktivierung-weibliche-fertilitaet-header-768x305.jpg 768w, https:\/\/profertil-female.eu\/wp-content\/uploads\/2021\/09\/reaktivierung-weibliche-fertilitaet-header-1536x610.jpg 1536w\" sizes=\"auto, (max-width: 1950px) 100vw, 1950px\" \/><div class=\"wp-block-cover__inner-container is-layout-flow wp-block-cover-is-layout-flow\">\n<h1 class=\"text-shadow has-white-color has-text-color wp-block-heading\">A partir de 35 ans le <br>valeur AMH et diminution de la fertilit\u00e9<\/h1>\n<\/div><\/div>\n\n\n\n<div class=\"wp-block-group alignfull profertil-header-group__group-tagline\"><div class=\"wp-block-group__inner-container is-layout-flow wp-block-group-is-layout-flow\">\n<div class=\"wp-block-columns alignfull width-100 has-background-light-background-color has-background is-layout-flex wp-container-core-columns-is-layout-1 wp-block-columns-is-layout-flex\">\n<div class=\"wp-block-column is-layout-flow wp-block-column-is-layout-flow\" style=\"flex-basis:66.66%\">\n<h2 class=\"wp-block-heading\"><mark style=\"background-color:rgba(0, 0, 0, 0)\" class=\"has-inline-color has-accent-color\">La bonne nouvelle<\/mark> pour les femmes de plus de 35 ans vient de PROFERTIL\u00ae female<\/h2>\n<\/div>\n\n\n\n<div class=\"wp-block-column is-layout-flow wp-block-column-is-layout-flow\" style=\"flex-basis:33.33%\"><\/div>\n<\/div>\n\n\n\n<div class=\"anchorlink show-for-medium alignfull has-background-light-background-color\">\n            <a href=\"#section1\" class=\"has-accent-color\" data-smooth-scroll data-animation-duration=\"750\" data-animation-easing=\"swing\" data-offset=\"-23\">\n            <i class=\"material-icons md-expand_more anchor-pulse\"><\/i>\n        <\/a>\n    <\/div>\n<\/div><\/div>\n<\/div><\/div>\n\n\n\n<div class=\"wp-block-cover alignfull is-light window-height centered width-100\" id=\"section1\"><span aria-hidden=\"true\" class=\"wp-block-cover__background has-white-background-color has-background-dim-100 has-background-dim\"><\/span><div class=\"wp-block-cover__inner-container is-layout-flow wp-block-cover-is-layout-flow\">\n<div style=\"height:50px\" aria-hidden=\"true\" class=\"wp-block-spacer\"><\/div>\n\n\n\n<div class=\"wp-block-columns is-layout-flex wp-container-core-columns-is-layout-2 wp-block-columns-is-layout-flex\">\n<div class=\"wp-block-column is-layout-flow wp-block-column-is-layout-flow\" style=\"flex-basis:75%\">\n<figure class=\"wp-block-image size-full show-for-medium\"><img loading=\"lazy\" decoding=\"async\" width=\"300\" height=\"45\" src=\"https:\/\/profertil-female.eu\/wp-content\/uploads\/2022\/06\/nouvelle-etude.png\" alt=\"\" class=\"wp-image-9401\"\/><\/figure>\n\n\n\n<figure class=\"wp-block-image size-full is-resized hide-for-medium\"><img loading=\"lazy\" decoding=\"async\" src=\"https:\/\/profertil-female.eu\/wp-content\/uploads\/2022\/06\/nouvelle-etude.png\" alt=\"\" class=\"wp-image-9401\" width=\"150\" height=\"23\"\/><\/figure>\n\n\n\n<div style=\"height:30px\" aria-hidden=\"true\" class=\"wp-block-spacer\"><\/div>\n\n\n\n<p class=\"has-accent-color has-text-color has-profertil-medium-font-size\">Prouv\u00e9 scientifiquement :<br><strong>Apr\u00e8s 35 ans, le niveau d\u2019AMH et la fertilit\u00e9 peuvent tomber dans une fourchette critique.<\/strong><\/p>\n\n\n\n<div style=\"height:30px\" aria-hidden=\"true\" class=\"wp-block-spacer\"><\/div>\n\n\n\n<figure class=\"wp-block-image size-full\"><img loading=\"lazy\" decoding=\"async\" width=\"1243\" height=\"486\" src=\"https:\/\/profertil-female.eu\/wp-content\/uploads\/2022\/06\/Grafik_PCOS_rzk4_FR.png\" alt=\"\" class=\"wp-image-9410\" srcset=\"https:\/\/profertil-female.eu\/wp-content\/uploads\/2022\/06\/Grafik_PCOS_rzk4_FR.png 1243w, https:\/\/profertil-female.eu\/wp-content\/uploads\/2022\/06\/Grafik_PCOS_rzk4_FR-300x117.png 300w, https:\/\/profertil-female.eu\/wp-content\/uploads\/2022\/06\/Grafik_PCOS_rzk4_FR-1024x400.png 1024w, https:\/\/profertil-female.eu\/wp-content\/uploads\/2022\/06\/Grafik_PCOS_rzk4_FR-768x300.png 768w\" sizes=\"auto, (max-width: 1243px) 100vw, 1243px\" \/><\/figure>\n\n\n\n<div style=\"height:30px\" aria-hidden=\"true\" class=\"wp-block-spacer\"><\/div>\n\n\n\n<p>peut \u00eatre crucial pour le succ\u00e8s d\u2019un traitement de FIV. Un faible taux d\u2019AMH peut indiquer une faible r\u00e9serve d\u2019ovocytes, car le taux s\u00e9rique d\u2019AMH est fortement corr\u00e9l\u00e9 au nombre de follicules en croissance.*<\/p>\n\n\n\n<div style=\"height:30px\" aria-hidden=\"true\" class=\"wp-block-spacer\"><\/div>\n\n\n\n<p class=\"has-profertil-small-font-size\">*Gomez R. et al.; Arch Gynecol Obstet (2016) 293:667\u2013673.<\/p>\n<\/div>\n\n\n\n<div class=\"wp-block-column is-layout-flow wp-block-column-is-layout-flow\" style=\"flex-basis:25%\"><\/div>\n<\/div>\n\n\n\n<div style=\"height:50px\" aria-hidden=\"true\" class=\"wp-block-spacer\"><\/div>\n\n\n\n<div class=\"anchorlink show-for-medium stick-to-bottom\">\n            <a href=\"#section2\" class=\"has-accent-color\" data-smooth-scroll data-animation-duration=\"750\" data-animation-easing=\"swing\" data-offset=\"-23\">\n            <i class=\"material-icons md-expand_more anchor-pulse\"><\/i>\n        <\/a>\n    <\/div>\n<\/div><\/div>\n\n\n\n<div class=\"wp-block-cover alignfull is-light window-height centered no-margin__bottom\" id=\"section2\"><span aria-hidden=\"true\" class=\"wp-block-cover__background has-background-medium-background-color has-background-dim-100 has-background-dim\"><\/span><div class=\"wp-block-cover__inner-container is-layout-flow wp-block-cover-is-layout-flow\">\n<div style=\"height:50px\" aria-hidden=\"true\" class=\"wp-block-spacer\"><\/div>\n\n\n\n<h2 class=\"wp-block-heading\"><mark style=\"background-color:rgba(0, 0, 0, 0)\" class=\"has-inline-color has-accent-color\">Pour les femmes \u00e2g\u00e9es de 35 ans et plus ou atteintes du SOPK,<\/mark> la valeur AMH est cruciale.<\/h2>\n\n\n\n<div style=\"height:30px\" aria-hidden=\"true\" class=\"wp-block-spacer\"><\/div>\n\n\n\n<div class=\"wp-block-columns are-vertically-aligned-center is-layout-flex wp-container-core-columns-is-layout-3 wp-block-columns-is-layout-flex\">\n<div class=\"wp-block-column is-vertically-aligned-center is-layout-flow wp-block-column-is-layout-flow\"><div class=\"wp-block-image\">\n<figure class=\"aligncenter size-full\"><img loading=\"lazy\" decoding=\"async\" width=\"1024\" height=\"869\" src=\"https:\/\/profertil-female.eu\/wp-content\/uploads\/2022\/06\/Grafik_AMH-Level-Guideline_fr.png\" alt=\"\" class=\"wp-image-9341\" srcset=\"https:\/\/profertil-female.eu\/wp-content\/uploads\/2022\/06\/Grafik_AMH-Level-Guideline_fr.png 1024w, https:\/\/profertil-female.eu\/wp-content\/uploads\/2022\/06\/Grafik_AMH-Level-Guideline_fr-300x255.png 300w, https:\/\/profertil-female.eu\/wp-content\/uploads\/2022\/06\/Grafik_AMH-Level-Guideline_fr-768x652.png 768w\" sizes=\"auto, (max-width: 1024px) 100vw, 1024px\" \/><\/figure><\/div><\/div>\n\n\n\n<div class=\"wp-block-column is-vertically-aligned-center is-layout-flow wp-block-column-is-layout-flow\">\n<p><strong><mark style=\"background-color:rgba(0, 0, 0, 0)\" class=\"has-inline-color has-accent-color\">PROFERTIL\u00ae femme augmente le taux d\u2019AMH lorsqu\u2019il est trop bas chez les femmes \u00e2g\u00e9es de 35 ans et plus et diminue \u00e9galement le taux d\u2019AMH lorsqu\u2019il est trop \u00e9lev\u00e9 chez les femmes atteintes de SOPK.<\/mark><\/strong> An AMH value in the green range (approx. 1.0 to below 6.0 ng\/ml) indicates conditions are good for female fertility.<\/p>\n\n\n\n<div style=\"height:40px\" aria-hidden=\"true\" class=\"wp-block-spacer\"><\/div>\n\n\n\n<p class=\"has-profertil-small-font-size\">Ficicioglu C. et al.; Gynecol Endocrinol (2014) May;30(5):372-6.<br>Merdassi G. et al.; Fertil Steril (2013) Sept;100(3):S157.<\/p>\n<\/div>\n<\/div>\n\n\n\n<div style=\"height:50px\" aria-hidden=\"true\" class=\"wp-block-spacer\"><\/div>\n\n\n\n<div class=\"anchorlink show-for-medium stick-to-bottom\">\n            <a href=\"#section3\" class=\"has-accent-color\" data-smooth-scroll data-animation-duration=\"750\" data-animation-easing=\"swing\" data-offset=\"-23\">\n            <i class=\"material-icons md-expand_more anchor-pulse\"><\/i>\n        <\/a>\n    <\/div>\n<\/div><\/div>\n\n\n\n<div class=\"wp-block-cover alignfull is-light window-height centered no-margin__bottom width-100\" id=\"section3\"><span aria-hidden=\"true\" class=\"wp-block-cover__background has-background-dim-100 has-background-dim has-background-gradient\" style=\"background:linear-gradient(91deg,rgb(163,109,54) 0%,rgb(235,172,106) 100%)\"><\/span><div class=\"wp-block-cover__inner-container is-layout-flow wp-block-cover-is-layout-flow\">\n<div style=\"height:50px\" aria-hidden=\"true\" class=\"wp-block-spacer\"><\/div>\n\n\n\n<p class=\"has-text-align-center has-white-color has-text-color has-profertil-medium-font-size\">NOUVELLE \u00c9TUDE \u2022 PUBLICATION \u00c0 VENIR<\/p>\n\n\n\n<div style=\"height:30px\" aria-hidden=\"true\" class=\"wp-block-spacer\"><\/div>\n\n\n\n<p class=\"has-text-align-center has-white-color has-text-color has-profertil-large-font-size\">BONNES NOUVELLES <br>POUR FEMME <br>PLUS DE 35 ANS :<\/p>\n\n\n\n<div style=\"height:30px\" aria-hidden=\"true\" class=\"wp-block-spacer\"><\/div>\n\n\n\n<p class=\"has-text-align-center has-white-color has-text-color has-profertil-xlarge-font-size\"><strong>PROFERTIL\u00ae FEMALE <\/strong><br><strong>AUGMENTE LA <\/strong><br><strong>NIVEAU AMH.<\/strong><\/p>\n\n\n\n<div style=\"height:70px\" aria-hidden=\"true\" class=\"wp-block-spacer\"><\/div>\n\n\n\n<div class=\"anchorlink show-for-medium stick-to-bottom\">\n            <a href=\"#buynow\" class=\"has-white-color\" data-smooth-scroll data-animation-duration=\"750\" data-animation-easing=\"swing\" data-offset=\"-23\">\n            <i class=\"material-icons md-expand_more anchor-pulse\"><\/i>\n        <\/a>\n    <\/div>\n<\/div><\/div>\n\n\n\n<div class=\"wp-block-cover alignfull is-light no-margin__bottom\" id=\"buynow\"><span aria-hidden=\"true\" class=\"wp-block-cover__background has-background-medium-background-color has-background-dim-100 has-background-dim\"><\/span><div class=\"wp-block-cover__inner-container is-layout-flow wp-block-cover-is-layout-flow\">\n<div style=\"height:120px\" aria-hidden=\"true\" class=\"wp-block-spacer\"><\/div>\n\n\n\n<div class=\"wp-block-columns are-vertically-aligned-center max-width__large is-layout-flex wp-container-core-columns-is-layout-4 wp-block-columns-is-layout-flex\">\n<div class=\"wp-block-column is-vertically-aligned-center max-width__large is-layout-flow wp-block-column-is-layout-flow\" style=\"flex-basis:40%\"><div class=\"wp-block-image\">\n<figure class=\"aligncenter size-full\"><img loading=\"lazy\" decoding=\"async\" width=\"768\" height=\"311\" src=\"https:\/\/profertil-female.eu\/wp-content\/uploads\/2022\/06\/no-one-claim-fr.png\" alt=\"\" class=\"wp-image-8892\" srcset=\"https:\/\/profertil-female.eu\/wp-content\/uploads\/2022\/06\/no-one-claim-fr.png 768w, https:\/\/profertil-female.eu\/wp-content\/uploads\/2022\/06\/no-one-claim-fr-300x121.png 300w\" sizes=\"auto, (max-width: 768px) 100vw, 768px\" \/><\/figure><\/div>\n\n\n<p><\/p>\n<\/div>\n\n\n\n<div class=\"wp-block-column is-vertically-aligned-center is-layout-flow wp-block-column-is-layout-flow\"><div class=\"wp-block-image\">\n<figure class=\"aligncenter size-full is-resized\"><img loading=\"lazy\" decoding=\"async\" src=\"https:\/\/profertil-female.eu\/wp-content\/uploads\/2022\/06\/packshot-sans-hormones.png\" alt=\"\" class=\"wp-image-8886\" width=\"576\" height=\"294\" srcset=\"https:\/\/profertil-female.eu\/wp-content\/uploads\/2022\/06\/packshot-sans-hormones.png 768w, https:\/\/profertil-female.eu\/wp-content\/uploads\/2022\/06\/packshot-sans-hormones-300x153.png 300w\" sizes=\"auto, (max-width: 576px) 100vw, 576px\" \/><\/figure><\/div><\/div>\n<\/div>\n\n\n\n<div style=\"height:50px\" aria-hidden=\"true\" class=\"wp-block-spacer\"><\/div>\n\n\n\n<div class=\"wp-block-buttons is-horizontal is-content-justification-center is-layout-flex wp-container-core-buttons-is-layout-1 wp-block-buttons-is-layout-flex\">\n<div class=\"wp-block-button has-custom-font-size has-icon has-profertil-large-font-size\"><a class=\"wp-block-button__link has-profertil-gradient-from-bottom-gradient-background has-background\" href=\"https:\/\/shop.profertil.eu\/product\/profertil-female\/\">ACHETER MAINTENANT <img loading=\"lazy\" decoding=\"async\" width=\"24\" height=\"24\" class=\"wp-image-1572\" style=\"width: 24px;\" src=\"https:\/\/profertil-female.eu\/wp-content\/uploads\/\/2021\/08\/cart-icon.svg\" alt=\"\"><\/a><\/div>\n<\/div>\n\n\n\n<div style=\"height:50px\" aria-hidden=\"true\" class=\"wp-block-spacer\"><\/div>\n<\/div><\/div>\n","protected":false},"excerpt":{"rendered":"<p>La bonne nouvelle pour les femmes de plus de 35 ans vient de PROFERTIL\u00ae female<\/p>\n","protected":false},"author":1,"featured_media":0,"parent":9285,"menu_order":0,"comment_status":"closed","ping_status":"closed","template":"template-full-width-no-title.php","meta":{"_acf_changed":false,"pgc_sgb_lightbox_settings":"","footnotes":""},"categories":[],"tags":[],"class_list":["post-9394","page","type-page","status-publish","hentry"],"acf":[],"yoast_head":"<!-- This site is optimized with the Yoast SEO plugin v24.7 - https:\/\/yoast.com\/wordpress\/plugins\/seo\/ -->\n<title>AMH\/R\u00e9serve de cellules d\u2019\u0153uf - PROFERTIL\u00ae female<\/title>\n<meta name=\"robots\" content=\"index, follow, max-snippet:-1, max-image-preview:large, max-video-preview:-1\" \/>\n<link rel=\"canonical\" href=\"https:\/\/profertil-female.eu\/fr\/etudes\/amh-reserve-de-cellules-doeuf\/\" \/>\n<meta property=\"og:locale\" content=\"fr_FR\" \/>\n<meta property=\"og:type\" content=\"article\" \/>\n<meta property=\"og:title\" content=\"AMH\/R\u00e9serve de cellules d\u2019\u0153uf - PROFERTIL\u00ae female\" \/>\n<meta property=\"og:description\" content=\"La bonne nouvelle pour les femmes de plus de 35 ans vient de PROFERTIL\u00ae female\" \/>\n<meta property=\"og:url\" content=\"https:\/\/profertil-female.eu\/fr\/etudes\/amh-reserve-de-cellules-doeuf\/\" \/>\n<meta property=\"og:site_name\" content=\"PROFERTIL\u00ae female\" \/>\n<meta property=\"article:modified_time\" content=\"2022-06-17T09:41:12+00:00\" \/>\n<meta property=\"og:image\" content=\"https:\/\/profertil-female.eu\/wp-content\/uploads\/2021\/09\/reaktivierung-weibliche-fertilitaet-header.jpg\" \/>\n\t<meta property=\"og:image:width\" content=\"1950\" \/>\n\t<meta property=\"og:image:height\" content=\"775\" \/>\n\t<meta property=\"og:image:type\" content=\"image\/jpeg\" \/>\n<meta name=\"twitter:card\" content=\"summary_large_image\" \/>\n<meta name=\"twitter:label1\" content=\"Dur\u00e9e de lecture estim\u00e9e\" \/>\n\t<meta name=\"twitter:data1\" content=\"1 minute\" \/>\n<script type=\"application\/ld+json\" class=\"yoast-schema-graph\">{\"@context\":\"https:\/\/schema.org\",\"@graph\":[{\"@type\":\"WebPage\",\"@id\":\"https:\/\/profertil-female.eu\/fr\/etudes\/amh-reserve-de-cellules-doeuf\/\",\"url\":\"https:\/\/profertil-female.eu\/fr\/etudes\/amh-reserve-de-cellules-doeuf\/\",\"name\":\"AMH\/R\u00e9serve de cellules d\u2019\u0153uf - PROFERTIL\u00ae female\",\"isPartOf\":{\"@id\":\"https:\/\/profertil-female.eu\/fr\/#website\"},\"primaryImageOfPage\":{\"@id\":\"https:\/\/profertil-female.eu\/fr\/etudes\/amh-reserve-de-cellules-doeuf\/#primaryimage\"},\"image\":{\"@id\":\"https:\/\/profertil-female.eu\/fr\/etudes\/amh-reserve-de-cellules-doeuf\/#primaryimage\"},\"thumbnailUrl\":\"https:\/\/profertil-female.eu\/wp-content\/uploads\/2021\/09\/reaktivierung-weibliche-fertilitaet-header.jpg\",\"datePublished\":\"2022-06-09T08:04:34+00:00\",\"dateModified\":\"2022-06-17T09:41:12+00:00\",\"breadcrumb\":{\"@id\":\"https:\/\/profertil-female.eu\/fr\/etudes\/amh-reserve-de-cellules-doeuf\/#breadcrumb\"},\"inLanguage\":\"fr-FR\",\"potentialAction\":[{\"@type\":\"ReadAction\",\"target\":[\"https:\/\/profertil-female.eu\/fr\/etudes\/amh-reserve-de-cellules-doeuf\/\"]}]},{\"@type\":\"ImageObject\",\"inLanguage\":\"fr-FR\",\"@id\":\"https:\/\/profertil-female.eu\/fr\/etudes\/amh-reserve-de-cellules-doeuf\/#primaryimage\",\"url\":\"https:\/\/profertil-female.eu\/wp-content\/uploads\/2021\/09\/reaktivierung-weibliche-fertilitaet-header.jpg\",\"contentUrl\":\"https:\/\/profertil-female.eu\/wp-content\/uploads\/2021\/09\/reaktivierung-weibliche-fertilitaet-header.jpg\"},{\"@type\":\"BreadcrumbList\",\"@id\":\"https:\/\/profertil-female.eu\/fr\/etudes\/amh-reserve-de-cellules-doeuf\/#breadcrumb\",\"itemListElement\":[{\"@type\":\"ListItem\",\"position\":1,\"name\":\"Home\",\"item\":\"https:\/\/profertil-female.eu\/fr\/homepage-fr\/\"},{\"@type\":\"ListItem\",\"position\":2,\"name\":\"\u00c9tudes\",\"item\":\"https:\/\/profertil-female.eu\/fr\/etudes\/\"},{\"@type\":\"ListItem\",\"position\":3,\"name\":\"AMH\/R\u00e9serve de cellules d\u2019\u0153uf\"}]},{\"@type\":\"WebSite\",\"@id\":\"https:\/\/profertil-female.eu\/fr\/#website\",\"url\":\"https:\/\/profertil-female.eu\/fr\/\",\"name\":\"PROFERTIL\u00ae female\",\"description\":\"La pilule de fertilit\u00e9 pour les femmes\",\"potentialAction\":[{\"@type\":\"SearchAction\",\"target\":{\"@type\":\"EntryPoint\",\"urlTemplate\":\"https:\/\/profertil-female.eu\/fr\/?s={search_term_string}\"},\"query-input\":{\"@type\":\"PropertyValueSpecification\",\"valueRequired\":true,\"valueName\":\"search_term_string\"}}],\"inLanguage\":\"fr-FR\"}]}<\/script>\n<!-- \/ Yoast SEO plugin. -->","yoast_head_json":{"title":"AMH\/R\u00e9serve de cellules d\u2019\u0153uf - PROFERTIL\u00ae female","robots":{"index":"index","follow":"follow","max-snippet":"max-snippet:-1","max-image-preview":"max-image-preview:large","max-video-preview":"max-video-preview:-1"},"canonical":"https:\/\/profertil-female.eu\/fr\/etudes\/amh-reserve-de-cellules-doeuf\/","og_locale":"fr_FR","og_type":"article","og_title":"AMH\/R\u00e9serve de cellules d\u2019\u0153uf - PROFERTIL\u00ae female","og_description":"La bonne nouvelle pour les femmes de plus de 35 ans vient de PROFERTIL\u00ae female","og_url":"https:\/\/profertil-female.eu\/fr\/etudes\/amh-reserve-de-cellules-doeuf\/","og_site_name":"PROFERTIL\u00ae female","article_modified_time":"2022-06-17T09:41:12+00:00","og_image":[{"width":1950,"height":775,"url":"https:\/\/profertil-female.eu\/wp-content\/uploads\/2021\/09\/reaktivierung-weibliche-fertilitaet-header.jpg","type":"image\/jpeg"}],"twitter_card":"summary_large_image","twitter_misc":{"Dur\u00e9e de lecture estim\u00e9e":"1 minute"},"schema":{"@context":"https:\/\/schema.org","@graph":[{"@type":"WebPage","@id":"https:\/\/profertil-female.eu\/fr\/etudes\/amh-reserve-de-cellules-doeuf\/","url":"https:\/\/profertil-female.eu\/fr\/etudes\/amh-reserve-de-cellules-doeuf\/","name":"AMH\/R\u00e9serve de cellules d\u2019\u0153uf - PROFERTIL\u00ae female","isPartOf":{"@id":"https:\/\/profertil-female.eu\/fr\/#website"},"primaryImageOfPage":{"@id":"https:\/\/profertil-female.eu\/fr\/etudes\/amh-reserve-de-cellules-doeuf\/#primaryimage"},"image":{"@id":"https:\/\/profertil-female.eu\/fr\/etudes\/amh-reserve-de-cellules-doeuf\/#primaryimage"},"thumbnailUrl":"https:\/\/profertil-female.eu\/wp-content\/uploads\/2021\/09\/reaktivierung-weibliche-fertilitaet-header.jpg","datePublished":"2022-06-09T08:04:34+00:00","dateModified":"2022-06-17T09:41:12+00:00","breadcrumb":{"@id":"https:\/\/profertil-female.eu\/fr\/etudes\/amh-reserve-de-cellules-doeuf\/#breadcrumb"},"inLanguage":"fr-FR","potentialAction":[{"@type":"ReadAction","target":["https:\/\/profertil-female.eu\/fr\/etudes\/amh-reserve-de-cellules-doeuf\/"]}]},{"@type":"ImageObject","inLanguage":"fr-FR","@id":"https:\/\/profertil-female.eu\/fr\/etudes\/amh-reserve-de-cellules-doeuf\/#primaryimage","url":"https:\/\/profertil-female.eu\/wp-content\/uploads\/2021\/09\/reaktivierung-weibliche-fertilitaet-header.jpg","contentUrl":"https:\/\/profertil-female.eu\/wp-content\/uploads\/2021\/09\/reaktivierung-weibliche-fertilitaet-header.jpg"},{"@type":"BreadcrumbList","@id":"https:\/\/profertil-female.eu\/fr\/etudes\/amh-reserve-de-cellules-doeuf\/#breadcrumb","itemListElement":[{"@type":"ListItem","position":1,"name":"Home","item":"https:\/\/profertil-female.eu\/fr\/homepage-fr\/"},{"@type":"ListItem","position":2,"name":"\u00c9tudes","item":"https:\/\/profertil-female.eu\/fr\/etudes\/"},{"@type":"ListItem","position":3,"name":"AMH\/R\u00e9serve de cellules d\u2019\u0153uf"}]},{"@type":"WebSite","@id":"https:\/\/profertil-female.eu\/fr\/#website","url":"https:\/\/profertil-female.eu\/fr\/","name":"PROFERTIL\u00ae female","description":"La pilule de fertilit\u00e9 pour les femmes","potentialAction":[{"@type":"SearchAction","target":{"@type":"EntryPoint","urlTemplate":"https:\/\/profertil-female.eu\/fr\/?s={search_term_string}"},"query-input":{"@type":"PropertyValueSpecification","valueRequired":true,"valueName":"search_term_string"}}],"inLanguage":"fr-FR"}]}},"_links":{"self":[{"href":"https:\/\/profertil-female.eu\/fr\/wp-json\/wp\/v2\/pages\/9394","targetHints":{"allow":["GET"]}}],"collection":[{"href":"https:\/\/profertil-female.eu\/fr\/wp-json\/wp\/v2\/pages"}],"about":[{"href":"https:\/\/profertil-female.eu\/fr\/wp-json\/wp\/v2\/types\/page"}],"author":[{"embeddable":true,"href":"https:\/\/profertil-female.eu\/fr\/wp-json\/wp\/v2\/users\/1"}],"replies":[{"embeddable":true,"href":"https:\/\/profertil-female.eu\/fr\/wp-json\/wp\/v2\/comments?post=9394"}],"version-history":[{"count":18,"href":"https:\/\/profertil-female.eu\/fr\/wp-json\/wp\/v2\/pages\/9394\/revisions"}],"predecessor-version":[{"id":9570,"href":"https:\/\/profertil-female.eu\/fr\/wp-json\/wp\/v2\/pages\/9394\/revisions\/9570"}],"up":[{"embeddable":true,"href":"https:\/\/profertil-female.eu\/fr\/wp-json\/wp\/v2\/pages\/9285"}],"wp:attachment":[{"href":"https:\/\/profertil-female.eu\/fr\/wp-json\/wp\/v2\/media?parent=9394"}],"wp:term":[{"taxonomy":"category","embeddable":true,"href":"https:\/\/profertil-female.eu\/fr\/wp-json\/wp\/v2\/categories?post=9394"},{"taxonomy":"post_tag","embeddable":true,"href":"https:\/\/profertil-female.eu\/fr\/wp-json\/wp\/v2\/tags?post=9394"}],"curies":[{"name":"wp","href":"https:\/\/api.w.org\/{rel}","templated":true}]}}