{"id":9336,"date":"2022-06-09T09:31:19","date_gmt":"2022-06-09T07:31:19","guid":{"rendered":"https:\/\/profertil-female.eu\/?page_id=9336"},"modified":"2022-06-17T11:44:11","modified_gmt":"2022-06-17T09:44:11","slug":"etude-sopk-2019","status":"publish","type":"page","link":"https:\/\/profertil-female.eu\/fr\/etudes\/etude-sopk-2019\/","title":{"rendered":"\u00c9tude SOPK 2019"},"content":{"rendered":"\n<div class=\"wp-block-group profertil-header-group\"><div class=\"wp-block-group__inner-container is-layout-flow wp-block-group-is-layout-flow\">\n<div class=\"wp-block-cover alignfull is-light has-custom-content-position is-position-center-left profertil-header-group__block-cover no-margin__bottom\"><span aria-hidden=\"true\" class=\"wp-block-cover__background has-background-dim-0 has-background-dim\"><\/span><img loading=\"lazy\" decoding=\"async\" width=\"1920\" height=\"775\" class=\"wp-block-cover__image-background wp-image-8344\" alt=\"\" src=\"https:\/\/profertil-female.eu\/wp-content\/uploads\/2021\/09\/pcos-studie-header.jpg\" style=\"object-position:63% 39%\" data-object-fit=\"cover\" data-object-position=\"63% 39%\" srcset=\"https:\/\/profertil-female.eu\/wp-content\/uploads\/2021\/09\/pcos-studie-header.jpg 1920w, https:\/\/profertil-female.eu\/wp-content\/uploads\/2021\/09\/pcos-studie-header-300x121.jpg 300w, https:\/\/profertil-female.eu\/wp-content\/uploads\/2021\/09\/pcos-studie-header-1024x413.jpg 1024w, https:\/\/profertil-female.eu\/wp-content\/uploads\/2021\/09\/pcos-studie-header-768x310.jpg 768w, https:\/\/profertil-female.eu\/wp-content\/uploads\/2021\/09\/pcos-studie-header-1536x620.jpg 1536w\" sizes=\"auto, (max-width: 1920px) 100vw, 1920px\" \/><div class=\"wp-block-cover__inner-container is-layout-flow wp-block-cover-is-layout-flow\">\n\n<h1 class=\"text-shadow has-white-color has-text-color wp-block-heading\">Pour les patients atteints du SOPK, le bon niveau d&rsquo;AMH est crucial<\/h1>\n\n<\/div><\/div>\n\n\n\n<div class=\"wp-block-group alignfull profertil-header-group__group-tagline\"><div class=\"wp-block-group__inner-container is-layout-flow wp-block-group-is-layout-flow\">\n<div class=\"wp-block-columns alignfull width-100 has-background-light-background-color has-background is-layout-flex wp-container-core-columns-is-layout-1 wp-block-columns-is-layout-flex\">\n<div class=\"wp-block-column is-layout-flow wp-block-column-is-layout-flow\" style=\"flex-basis:66.66%\">\n<h2 class=\"wp-block-heading\">PROFERTIL\u00ae female <mark style=\"background-color:rgba(0, 0, 0, 0)\" class=\"has-inline-color has-accent-color\">accompagne les patientes atteintes du SOPK<\/mark><\/h2>\n<\/div>\n\n\n\n<div class=\"wp-block-column is-layout-flow wp-block-column-is-layout-flow\" style=\"flex-basis:33.33%\"><\/div>\n<\/div>\n\n\n\n<div class=\"anchorlink show-for-medium alignfull has-background-light-background-color\">\n            <a href=\"#section1\" class=\"has-accent-color\" data-smooth-scroll data-animation-duration=\"750\" data-animation-easing=\"swing\" data-offset=\"-23\">\n            <i class=\"material-icons md-expand_more anchor-pulse\"><\/i>\n        <\/a>\n    <\/div>\n<\/div><\/div>\n<\/div><\/div>\n\n\n\n<div class=\"wp-block-cover alignfull is-light window-height centered\" id=\"section1\"><span aria-hidden=\"true\" class=\"wp-block-cover__background has-white-background-color has-background-dim-100 has-background-dim\"><\/span><div class=\"wp-block-cover__inner-container is-layout-flow wp-block-cover-is-layout-flow\">\n<div style=\"height:50px\" aria-hidden=\"true\" class=\"wp-block-spacer\"><\/div>\n\n\n\n<h2 class=\"wp-block-heading\"><mark style=\"background-color:rgba(0, 0, 0, 0)\" class=\"has-inline-color has-accent-color\">Pour les femmes de 35 ans et plus ou atteintes du SOPK, <\/mark><br>la valeur AMH est cruciale.<\/h2>\n\n\n\n<div style=\"height:30px\" aria-hidden=\"true\" class=\"wp-block-spacer\"><\/div>\n\n\n\n<div class=\"wp-block-columns are-vertically-aligned-center is-layout-flex wp-container-core-columns-is-layout-2 wp-block-columns-is-layout-flex\">\n<div class=\"wp-block-column is-vertically-aligned-center is-layout-flow wp-block-column-is-layout-flow\"><div class=\"wp-block-image\">\n<figure class=\"aligncenter size-full\"><img loading=\"lazy\" decoding=\"async\" width=\"1024\" height=\"869\" src=\"https:\/\/profertil-female.eu\/wp-content\/uploads\/2022\/06\/Grafik_AMH-Level-Guideline_fr.png\" alt=\"\" class=\"wp-image-9341\" srcset=\"https:\/\/profertil-female.eu\/wp-content\/uploads\/2022\/06\/Grafik_AMH-Level-Guideline_fr.png 1024w, https:\/\/profertil-female.eu\/wp-content\/uploads\/2022\/06\/Grafik_AMH-Level-Guideline_fr-300x255.png 300w, https:\/\/profertil-female.eu\/wp-content\/uploads\/2022\/06\/Grafik_AMH-Level-Guideline_fr-768x652.png 768w\" sizes=\"auto, (max-width: 1024px) 100vw, 1024px\" \/><\/figure><\/div><\/div>\n\n\n\n<div class=\"wp-block-column is-vertically-aligned-center is-layout-flow wp-block-column-is-layout-flow\">\n<p><strong><mark style=\"background-color:rgba(0, 0, 0, 0)\" class=\"has-inline-color has-accent-color\">PROFERTIL\u00ae female augmente le taux d\u2019AMH lorsqu\u2019il est trop bas chez les femmes \u00e2g\u00e9es de 35 ans et plus et diminue \u00e9galement le taux d\u2019AMH lorsqu\u2019il est trop \u00e9lev\u00e9 chez les femmes atteintes de SOPK.<\/mark><\/strong> Une valeur AMH dans la plage verte (environ 1,0 \u00e0 moins de 6,0 ng\/ml) indique que les conditions sont bonnes pour la fertilit\u00e9 f\u00e9minine.<\/p>\n\n\n\n<div style=\"height:40px\" aria-hidden=\"true\" class=\"wp-block-spacer\"><\/div>\n\n\n\n<p class=\"has-profertil-small-font-size\">Ficicioglu C. et al.; Gynecol Endocrinol (2014) May;30(5):372-6.<br>Merdassi G. et al.; Fertil Steril (2013) Sept;100(3):S157.<\/p>\n<\/div>\n<\/div>\n\n\n\n<div style=\"height:50px\" aria-hidden=\"true\" class=\"wp-block-spacer\"><\/div>\n\n\n\n<div class=\"anchorlink show-for-medium stick-to-bottom\">\n            <a href=\"#section2\" class=\"has-accent-color\" data-smooth-scroll data-animation-duration=\"750\" data-animation-easing=\"swing\" data-offset=\"-23\">\n            <i class=\"material-icons md-expand_more anchor-pulse\"><\/i>\n        <\/a>\n    <\/div>\n<\/div><\/div>\n\n\n\n<div class=\"wp-block-cover alignfull is-light window-height centered\" id=\"section2\"><span aria-hidden=\"true\" class=\"wp-block-cover__background has-background-medium-background-color has-background-dim-100 has-background-dim\"><\/span><div class=\"wp-block-cover__inner-container is-layout-flow wp-block-cover-is-layout-flow\">\n<div style=\"height:50px\" aria-hidden=\"true\" class=\"wp-block-spacer\"><\/div>\n\n\n\n<div class=\"wp-block-columns is-layout-flex wp-container-core-columns-is-layout-3 wp-block-columns-is-layout-flex\">\n<div class=\"wp-block-column is-layout-flow wp-block-column-is-layout-flow\" style=\"flex-basis:75%\">\n<p class=\"has-profertil-medium-font-size\">\u00c9TUDE SUR LE SOPK 2019<\/p>\n\n\n\n<div style=\"height:30px\" aria-hidden=\"true\" class=\"wp-block-spacer\"><\/div>\n\n\n\n<h2 class=\"has-accent-color has-text-color wp-block-heading\">L\u2019impact d\u2019une suppl\u00e9mentation standardis\u00e9e en micronutriments sur les param\u00e8tres typiques du SOPK<\/h2>\n\n\n\n<div style=\"height:30px\" aria-hidden=\"true\" class=\"wp-block-spacer\"><\/div>\n<\/div>\n\n\n\n<div class=\"wp-block-column is-layout-flow wp-block-column-is-layout-flow\" style=\"flex-basis:25%\"><\/div>\n<\/div>\n\n\n\n<div class=\"wp-block-columns is-layout-flex wp-container-core-columns-is-layout-4 wp-block-columns-is-layout-flex\">\n<div class=\"wp-block-column small-order-2 medium-order-1 is-layout-flow wp-block-column-is-layout-flow\" style=\"flex-basis:75%\">\n<figure class=\"wp-block-image size-full show-for-medium\"><img loading=\"lazy\" decoding=\"async\" width=\"1024\" height=\"462\" src=\"https:\/\/profertil-female.eu\/wp-content\/uploads\/2022\/06\/Grafik_PCOS_FR.png\" alt=\"\" class=\"wp-image-9349\" srcset=\"https:\/\/profertil-female.eu\/wp-content\/uploads\/2022\/06\/Grafik_PCOS_FR.png 1024w, https:\/\/profertil-female.eu\/wp-content\/uploads\/2022\/06\/Grafik_PCOS_FR-300x135.png 300w, https:\/\/profertil-female.eu\/wp-content\/uploads\/2022\/06\/Grafik_PCOS_FR-768x347.png 768w\" sizes=\"auto, (max-width: 1024px) 100vw, 1024px\" \/><\/figure>\n\n\n\n<div class=\"wp-block-group hide-for-medium\"><div class=\"wp-block-group__inner-container is-layout-flow wp-block-group-is-layout-flow\">\n<div style=\"height:30px\" aria-hidden=\"true\" class=\"wp-block-spacer\"><\/div>\n\n\n<div class=\"wp-block-image\">\n<figure class=\"aligncenter size-full is-resized\"><img loading=\"lazy\" decoding=\"async\" src=\"https:\/\/profertil-female.eu\/wp-content\/uploads\/2022\/06\/pcos-mobile-fr-1.png\" alt=\"\" class=\"wp-image-9357\" width=\"318\" height=\"424\" srcset=\"https:\/\/profertil-female.eu\/wp-content\/uploads\/2022\/06\/pcos-mobile-fr-1.png 636w, https:\/\/profertil-female.eu\/wp-content\/uploads\/2022\/06\/pcos-mobile-fr-1-225x300.png 225w\" sizes=\"auto, (max-width: 318px) 100vw, 318px\" \/><\/figure><\/div>\n\n\n<hr class=\"wp-block-separator has-text-color has-css-opacity has-background is-style-wide\" style=\"background-color:#c7c7c7;color:#c7c7c7\"\/>\n\n\n<div class=\"wp-block-image\">\n<figure class=\"aligncenter size-full is-resized\"><img loading=\"lazy\" decoding=\"async\" src=\"https:\/\/profertil-female.eu\/wp-content\/uploads\/2022\/06\/pcos-mobile-fr-2.png\" alt=\"\" class=\"wp-image-9364\" width=\"318\" height=\"424\" srcset=\"https:\/\/profertil-female.eu\/wp-content\/uploads\/2022\/06\/pcos-mobile-fr-2.png 636w, https:\/\/profertil-female.eu\/wp-content\/uploads\/2022\/06\/pcos-mobile-fr-2-225x300.png 225w\" sizes=\"auto, (max-width: 318px) 100vw, 318px\" \/><\/figure><\/div>\n\n\n<hr class=\"wp-block-separator has-text-color has-css-opacity has-background is-style-wide\" style=\"background-color:#c7c7c7;color:#c7c7c7\"\/>\n\n\n<div class=\"wp-block-image\">\n<figure class=\"aligncenter size-full is-resized\"><img loading=\"lazy\" decoding=\"async\" src=\"https:\/\/profertil-female.eu\/wp-content\/uploads\/2022\/06\/pcos-mobile-fr-3.png\" alt=\"\" class=\"wp-image-9370\" width=\"318\" height=\"424\" srcset=\"https:\/\/profertil-female.eu\/wp-content\/uploads\/2022\/06\/pcos-mobile-fr-3.png 636w, https:\/\/profertil-female.eu\/wp-content\/uploads\/2022\/06\/pcos-mobile-fr-3-225x300.png 225w\" sizes=\"auto, (max-width: 318px) 100vw, 318px\" \/><\/figure><\/div>\n\n<div class=\"wp-block-image\">\n<figure class=\"aligncenter size-full is-resized\"><img loading=\"lazy\" decoding=\"async\" src=\"https:\/\/profertil-female.eu\/wp-content\/uploads\/2021\/09\/pcos-legend-en.png\" alt=\"\" class=\"wp-image-8409\" width=\"351\" height=\"29\" srcset=\"https:\/\/profertil-female.eu\/wp-content\/uploads\/2021\/09\/pcos-legend-en.png 701w, https:\/\/profertil-female.eu\/wp-content\/uploads\/2021\/09\/pcos-legend-en-300x24.png 300w\" sizes=\"auto, (max-width: 351px) 100vw, 351px\" \/><\/figure><\/div><\/div><\/div>\n<\/div>\n\n\n\n<div class=\"wp-block-column small-order-1 medium-order-2 is-layout-flow wp-block-column-is-layout-flow\" style=\"flex-basis:25%\">\n<div style=\"height:50px\" aria-hidden=\"true\" class=\"wp-block-spacer\"><\/div>\n\n\n\n<figure class=\"wp-block-image size-full is-resized\"><a href=\"https:\/\/link.springer.com\/article\/10.1007\/s00404-019-05194-w\" target=\"_blank\" rel=\"noopener\"><img loading=\"lazy\" decoding=\"async\" src=\"https:\/\/profertil-female.eu\/wp-content\/uploads\/2021\/09\/archives-of-gynecology-logo@2x.png\" alt=\"\" class=\"wp-image-1697\" width=\"378\" height=\"72\" srcset=\"https:\/\/profertil-female.eu\/wp-content\/uploads\/2021\/09\/archives-of-gynecology-logo@2x.png 756w, https:\/\/profertil-female.eu\/wp-content\/uploads\/2021\/09\/archives-of-gynecology-logo@2x-300x57.png 300w\" sizes=\"auto, (max-width: 378px) 100vw, 378px\" \/><\/a><\/figure>\n\n\n\n<p><strong>Nombre de malades<\/strong> <strong>:<\/strong><br>n = 56<\/p>\n\n\n\n<p class=\"has-profertil-small-font-size\">(PROFERTIL\u00ae female-groupe<br>n = 28 ; Groupe t\u00e9moin n = 28)<\/p>\n<\/div>\n<\/div>\n\n\n\n<div style=\"height:50px\" aria-hidden=\"true\" class=\"wp-block-spacer\"><\/div>\n\n\n\n<div class=\"anchorlink show-for-medium stick-to-bottom\">\n            <a href=\"#section3\" class=\"has-accent-color\" data-smooth-scroll data-animation-duration=\"750\" data-animation-easing=\"swing\" data-offset=\"-23\">\n            <i class=\"material-icons md-expand_more anchor-pulse\"><\/i>\n        <\/a>\n    <\/div>\n<\/div><\/div>\n\n\n\n<div class=\"wp-block-cover alignfull is-light window-height centered no-margin__bottom width-100\" id=\"section3\"><span aria-hidden=\"true\" class=\"wp-block-cover__background has-white-background-color has-background-dim-100 has-background-dim\"><\/span><div class=\"wp-block-cover__inner-container is-layout-flow wp-block-cover-is-layout-flow\">\n<div style=\"height:50px\" aria-hidden=\"true\" class=\"wp-block-spacer\"><\/div>\n\n\n\n<div class=\"wp-block-columns are-vertically-aligned-center is-layout-flex wp-container-core-columns-is-layout-5 wp-block-columns-is-layout-flex\">\n<div class=\"wp-block-column is-vertically-aligned-center is-layout-flow wp-block-column-is-layout-flow\" style=\"flex-basis:66.66%\">\n<h3 class=\"has-accent-color has-text-color wp-block-heading\">Efficacit\u00e9 prouv\u00e9e par des \u00e9tudes chez les patients atteints du SOPK<\/h3>\n\n\n\n<ul class=\"studylist wp-block-list\"><li><strong>Rapport LH:FSH am\u00e9lior\u00e9<\/strong> <strong>:<\/strong><br><strong>-24% <\/strong>vs. 0.00%<\/li><li><strong>Niveau de testost\u00e9rone inf\u00e9rieur<\/strong> <strong>:<\/strong><br><strong>\u201314%<\/strong> vs. +2,3%<\/li><li><strong>Diminution du taux s\u00e9rique d\u2019AMH<\/strong> :<br><strong>\u201311%<\/strong> vs. 0,00%<\/li><\/ul>\n\n\n\n<div style=\"height:70px\" aria-hidden=\"true\" class=\"wp-block-spacer\"><\/div>\n\n\n\n<p class=\"has-profertil-small-font-size\"><em>*<a href=\"https:\/\/link.springer.com\/article\/10.1007\/s00404-019-05194-w\" target=\"_blank\" rel=\"noreferrer noopener\">Hager et al.; Arch Gynecol Obstet. 2019; 300(2):455-460.<\/a><\/em><\/p>\n<\/div>\n\n\n\n<div class=\"wp-block-column is-vertically-aligned-center is-layout-flow wp-block-column-is-layout-flow\" style=\"flex-basis:33.33%\"><\/div>\n<\/div>\n\n\n\n<div class=\"wp-block-columns is-layout-flex wp-container-core-columns-is-layout-6 wp-block-columns-is-layout-flex\">\n<div class=\"wp-block-column is-layout-flow wp-block-column-is-layout-flow\"><\/div>\n\n\n\n<div class=\"wp-block-column is-layout-flow wp-block-column-is-layout-flow\"><div class=\"wp-block-image\">\n<figure class=\"alignright size-full is-resized\"><img loading=\"lazy\" decoding=\"async\" src=\"https:\/\/profertil-female.eu\/wp-content\/uploads\/2021\/08\/Schnuller-female_iStock-523967463.png\" alt=\"\" class=\"wp-image-1649\" width=\"450\" height=\"316\" srcset=\"https:\/\/profertil-female.eu\/wp-content\/uploads\/2021\/08\/Schnuller-female_iStock-523967463.png 600w, https:\/\/profertil-female.eu\/wp-content\/uploads\/2021\/08\/Schnuller-female_iStock-523967463-300x211.png 300w\" sizes=\"auto, (max-width: 450px) 100vw, 450px\" \/><\/figure><\/div><\/div>\n<\/div>\n\n\n\n<div class=\"anchorlink show-for-medium stick-to-bottom\">\n            <a href=\"#buynow\" class=\"has-accent-color\" data-smooth-scroll data-animation-duration=\"750\" data-animation-easing=\"swing\" data-offset=\"-23\">\n            <i class=\"material-icons md-expand_more anchor-pulse\"><\/i>\n        <\/a>\n    <\/div>\n<\/div><\/div>\n\n\n\n<div class=\"wp-block-cover alignfull is-light no-margin__bottom\" id=\"buynow\"><span aria-hidden=\"true\" class=\"wp-block-cover__background has-background-medium-background-color has-background-dim-100 has-background-dim\"><\/span><div class=\"wp-block-cover__inner-container is-layout-flow wp-block-cover-is-layout-flow\">\n<div style=\"height:120px\" aria-hidden=\"true\" class=\"wp-block-spacer\"><\/div>\n\n\n\n<div class=\"wp-block-columns are-vertically-aligned-center max-width__large is-layout-flex wp-container-core-columns-is-layout-7 wp-block-columns-is-layout-flex\">\n<div class=\"wp-block-column is-vertically-aligned-center max-width__large is-layout-flow wp-block-column-is-layout-flow\" style=\"flex-basis:40%\"><div class=\"wp-block-image\">\n<figure class=\"aligncenter size-full\"><img loading=\"lazy\" decoding=\"async\" width=\"768\" height=\"311\" src=\"https:\/\/profertil-female.eu\/wp-content\/uploads\/2022\/06\/no-one-claim-fr.png\" alt=\"\" class=\"wp-image-8892\" srcset=\"https:\/\/profertil-female.eu\/wp-content\/uploads\/2022\/06\/no-one-claim-fr.png 768w, https:\/\/profertil-female.eu\/wp-content\/uploads\/2022\/06\/no-one-claim-fr-300x121.png 300w\" sizes=\"auto, (max-width: 768px) 100vw, 768px\" \/><\/figure><\/div>\n\n\n<p><\/p>\n<\/div>\n\n\n\n<div class=\"wp-block-column is-vertically-aligned-center is-layout-flow wp-block-column-is-layout-flow\"><div class=\"wp-block-image\">\n<figure class=\"aligncenter size-full is-resized\"><img loading=\"lazy\" decoding=\"async\" src=\"https:\/\/profertil-female.eu\/wp-content\/uploads\/2022\/06\/packshot-sans-hormones.png\" alt=\"\" class=\"wp-image-8886\" width=\"576\" height=\"294\" srcset=\"https:\/\/profertil-female.eu\/wp-content\/uploads\/2022\/06\/packshot-sans-hormones.png 768w, https:\/\/profertil-female.eu\/wp-content\/uploads\/2022\/06\/packshot-sans-hormones-300x153.png 300w\" sizes=\"auto, (max-width: 576px) 100vw, 576px\" \/><\/figure><\/div><\/div>\n<\/div>\n\n\n\n<div style=\"height:50px\" aria-hidden=\"true\" class=\"wp-block-spacer\"><\/div>\n\n\n\n<div class=\"wp-block-buttons is-horizontal is-content-justification-center is-layout-flex wp-container-core-buttons-is-layout-1 wp-block-buttons-is-layout-flex\">\n<div class=\"wp-block-button has-custom-font-size has-icon has-profertil-large-font-size\"><a class=\"wp-block-button__link has-profertil-gradient-from-bottom-gradient-background has-background\" href=\"https:\/\/shop.profertil.eu\/product\/profertil-female\/\">ACHETER MAINTENANT <img loading=\"lazy\" decoding=\"async\" width=\"24\" height=\"24\" class=\"wp-image-1572\" style=\"width: 24px;\" src=\"https:\/\/profertil-female.eu\/wp-content\/uploads\/\/2021\/08\/cart-icon.svg\" alt=\"\"><\/a><\/div>\n<\/div>\n\n\n\n<div style=\"height:50px\" aria-hidden=\"true\" class=\"wp-block-spacer\"><\/div>\n<\/div><\/div>\n","protected":false},"excerpt":{"rendered":"<p>PROFERTIL\u00ae female accompagne les patientes atteintes du SOPK<\/p>\n","protected":false},"author":1,"featured_media":0,"parent":9285,"menu_order":0,"comment_status":"closed","ping_status":"closed","template":"template-full-width-no-title.php","meta":{"_acf_changed":false,"pgc_sgb_lightbox_settings":"","footnotes":""},"categories":[],"tags":[],"class_list":["post-9336","page","type-page","status-publish","hentry"],"acf":[],"yoast_head":"<!-- This site is optimized with the Yoast SEO plugin v24.7 - https:\/\/yoast.com\/wordpress\/plugins\/seo\/ -->\n<title>\u00c9tude SOPK 2019 - PROFERTIL\u00ae female<\/title>\n<meta name=\"robots\" content=\"index, follow, max-snippet:-1, max-image-preview:large, max-video-preview:-1\" \/>\n<link rel=\"canonical\" href=\"https:\/\/profertil-female.eu\/fr\/etudes\/etude-sopk-2019\/\" \/>\n<meta property=\"og:locale\" content=\"fr_FR\" \/>\n<meta property=\"og:type\" content=\"article\" \/>\n<meta property=\"og:title\" content=\"\u00c9tude SOPK 2019 - PROFERTIL\u00ae female\" \/>\n<meta property=\"og:description\" content=\"PROFERTIL\u00ae female accompagne les patientes atteintes du SOPK\" \/>\n<meta property=\"og:url\" content=\"https:\/\/profertil-female.eu\/fr\/etudes\/etude-sopk-2019\/\" \/>\n<meta property=\"og:site_name\" content=\"PROFERTIL\u00ae female\" \/>\n<meta property=\"article:modified_time\" content=\"2022-06-17T09:44:11+00:00\" \/>\n<meta property=\"og:image\" content=\"https:\/\/profertil-female.eu\/wp-content\/uploads\/2021\/09\/pcos-studie-header.jpg\" \/>\n\t<meta property=\"og:image:width\" content=\"1920\" \/>\n\t<meta property=\"og:image:height\" content=\"775\" \/>\n\t<meta property=\"og:image:type\" content=\"image\/jpeg\" \/>\n<meta name=\"twitter:card\" content=\"summary_large_image\" \/>\n<meta name=\"twitter:label1\" content=\"Dur\u00e9e de lecture estim\u00e9e\" \/>\n\t<meta name=\"twitter:data1\" content=\"1 minute\" \/>\n<script type=\"application\/ld+json\" class=\"yoast-schema-graph\">{\"@context\":\"https:\/\/schema.org\",\"@graph\":[{\"@type\":\"WebPage\",\"@id\":\"https:\/\/profertil-female.eu\/fr\/etudes\/etude-sopk-2019\/\",\"url\":\"https:\/\/profertil-female.eu\/fr\/etudes\/etude-sopk-2019\/\",\"name\":\"\u00c9tude SOPK 2019 - PROFERTIL\u00ae female\",\"isPartOf\":{\"@id\":\"https:\/\/profertil-female.eu\/fr\/#website\"},\"primaryImageOfPage\":{\"@id\":\"https:\/\/profertil-female.eu\/fr\/etudes\/etude-sopk-2019\/#primaryimage\"},\"image\":{\"@id\":\"https:\/\/profertil-female.eu\/fr\/etudes\/etude-sopk-2019\/#primaryimage\"},\"thumbnailUrl\":\"https:\/\/profertil-female.eu\/wp-content\/uploads\/2021\/09\/pcos-studie-header.jpg\",\"datePublished\":\"2022-06-09T07:31:19+00:00\",\"dateModified\":\"2022-06-17T09:44:11+00:00\",\"breadcrumb\":{\"@id\":\"https:\/\/profertil-female.eu\/fr\/etudes\/etude-sopk-2019\/#breadcrumb\"},\"inLanguage\":\"fr-FR\",\"potentialAction\":[{\"@type\":\"ReadAction\",\"target\":[\"https:\/\/profertil-female.eu\/fr\/etudes\/etude-sopk-2019\/\"]}]},{\"@type\":\"ImageObject\",\"inLanguage\":\"fr-FR\",\"@id\":\"https:\/\/profertil-female.eu\/fr\/etudes\/etude-sopk-2019\/#primaryimage\",\"url\":\"https:\/\/profertil-female.eu\/wp-content\/uploads\/2021\/09\/pcos-studie-header.jpg\",\"contentUrl\":\"https:\/\/profertil-female.eu\/wp-content\/uploads\/2021\/09\/pcos-studie-header.jpg\"},{\"@type\":\"BreadcrumbList\",\"@id\":\"https:\/\/profertil-female.eu\/fr\/etudes\/etude-sopk-2019\/#breadcrumb\",\"itemListElement\":[{\"@type\":\"ListItem\",\"position\":1,\"name\":\"Home\",\"item\":\"https:\/\/profertil-female.eu\/fr\/homepage-fr\/\"},{\"@type\":\"ListItem\",\"position\":2,\"name\":\"\u00c9tudes\",\"item\":\"https:\/\/profertil-female.eu\/fr\/etudes\/\"},{\"@type\":\"ListItem\",\"position\":3,\"name\":\"\u00c9tude SOPK 2019\"}]},{\"@type\":\"WebSite\",\"@id\":\"https:\/\/profertil-female.eu\/fr\/#website\",\"url\":\"https:\/\/profertil-female.eu\/fr\/\",\"name\":\"PROFERTIL\u00ae female\",\"description\":\"La pilule de fertilit\u00e9 pour les femmes\",\"potentialAction\":[{\"@type\":\"SearchAction\",\"target\":{\"@type\":\"EntryPoint\",\"urlTemplate\":\"https:\/\/profertil-female.eu\/fr\/?s={search_term_string}\"},\"query-input\":{\"@type\":\"PropertyValueSpecification\",\"valueRequired\":true,\"valueName\":\"search_term_string\"}}],\"inLanguage\":\"fr-FR\"}]}<\/script>\n<!-- \/ Yoast SEO plugin. -->","yoast_head_json":{"title":"\u00c9tude SOPK 2019 - PROFERTIL\u00ae female","robots":{"index":"index","follow":"follow","max-snippet":"max-snippet:-1","max-image-preview":"max-image-preview:large","max-video-preview":"max-video-preview:-1"},"canonical":"https:\/\/profertil-female.eu\/fr\/etudes\/etude-sopk-2019\/","og_locale":"fr_FR","og_type":"article","og_title":"\u00c9tude SOPK 2019 - PROFERTIL\u00ae female","og_description":"PROFERTIL\u00ae female accompagne les patientes atteintes du SOPK","og_url":"https:\/\/profertil-female.eu\/fr\/etudes\/etude-sopk-2019\/","og_site_name":"PROFERTIL\u00ae female","article_modified_time":"2022-06-17T09:44:11+00:00","og_image":[{"width":1920,"height":775,"url":"https:\/\/profertil-female.eu\/wp-content\/uploads\/2021\/09\/pcos-studie-header.jpg","type":"image\/jpeg"}],"twitter_card":"summary_large_image","twitter_misc":{"Dur\u00e9e de lecture estim\u00e9e":"1 minute"},"schema":{"@context":"https:\/\/schema.org","@graph":[{"@type":"WebPage","@id":"https:\/\/profertil-female.eu\/fr\/etudes\/etude-sopk-2019\/","url":"https:\/\/profertil-female.eu\/fr\/etudes\/etude-sopk-2019\/","name":"\u00c9tude SOPK 2019 - PROFERTIL\u00ae female","isPartOf":{"@id":"https:\/\/profertil-female.eu\/fr\/#website"},"primaryImageOfPage":{"@id":"https:\/\/profertil-female.eu\/fr\/etudes\/etude-sopk-2019\/#primaryimage"},"image":{"@id":"https:\/\/profertil-female.eu\/fr\/etudes\/etude-sopk-2019\/#primaryimage"},"thumbnailUrl":"https:\/\/profertil-female.eu\/wp-content\/uploads\/2021\/09\/pcos-studie-header.jpg","datePublished":"2022-06-09T07:31:19+00:00","dateModified":"2022-06-17T09:44:11+00:00","breadcrumb":{"@id":"https:\/\/profertil-female.eu\/fr\/etudes\/etude-sopk-2019\/#breadcrumb"},"inLanguage":"fr-FR","potentialAction":[{"@type":"ReadAction","target":["https:\/\/profertil-female.eu\/fr\/etudes\/etude-sopk-2019\/"]}]},{"@type":"ImageObject","inLanguage":"fr-FR","@id":"https:\/\/profertil-female.eu\/fr\/etudes\/etude-sopk-2019\/#primaryimage","url":"https:\/\/profertil-female.eu\/wp-content\/uploads\/2021\/09\/pcos-studie-header.jpg","contentUrl":"https:\/\/profertil-female.eu\/wp-content\/uploads\/2021\/09\/pcos-studie-header.jpg"},{"@type":"BreadcrumbList","@id":"https:\/\/profertil-female.eu\/fr\/etudes\/etude-sopk-2019\/#breadcrumb","itemListElement":[{"@type":"ListItem","position":1,"name":"Home","item":"https:\/\/profertil-female.eu\/fr\/homepage-fr\/"},{"@type":"ListItem","position":2,"name":"\u00c9tudes","item":"https:\/\/profertil-female.eu\/fr\/etudes\/"},{"@type":"ListItem","position":3,"name":"\u00c9tude SOPK 2019"}]},{"@type":"WebSite","@id":"https:\/\/profertil-female.eu\/fr\/#website","url":"https:\/\/profertil-female.eu\/fr\/","name":"PROFERTIL\u00ae female","description":"La pilule de fertilit\u00e9 pour les femmes","potentialAction":[{"@type":"SearchAction","target":{"@type":"EntryPoint","urlTemplate":"https:\/\/profertil-female.eu\/fr\/?s={search_term_string}"},"query-input":{"@type":"PropertyValueSpecification","valueRequired":true,"valueName":"search_term_string"}}],"inLanguage":"fr-FR"}]}},"_links":{"self":[{"href":"https:\/\/profertil-female.eu\/fr\/wp-json\/wp\/v2\/pages\/9336","targetHints":{"allow":["GET"]}}],"collection":[{"href":"https:\/\/profertil-female.eu\/fr\/wp-json\/wp\/v2\/pages"}],"about":[{"href":"https:\/\/profertil-female.eu\/fr\/wp-json\/wp\/v2\/types\/page"}],"author":[{"embeddable":true,"href":"https:\/\/profertil-female.eu\/fr\/wp-json\/wp\/v2\/users\/1"}],"replies":[{"embeddable":true,"href":"https:\/\/profertil-female.eu\/fr\/wp-json\/wp\/v2\/comments?post=9336"}],"version-history":[{"count":22,"href":"https:\/\/profertil-female.eu\/fr\/wp-json\/wp\/v2\/pages\/9336\/revisions"}],"predecessor-version":[{"id":9572,"href":"https:\/\/profertil-female.eu\/fr\/wp-json\/wp\/v2\/pages\/9336\/revisions\/9572"}],"up":[{"embeddable":true,"href":"https:\/\/profertil-female.eu\/fr\/wp-json\/wp\/v2\/pages\/9285"}],"wp:attachment":[{"href":"https:\/\/profertil-female.eu\/fr\/wp-json\/wp\/v2\/media?parent=9336"}],"wp:term":[{"taxonomy":"category","embeddable":true,"href":"https:\/\/profertil-female.eu\/fr\/wp-json\/wp\/v2\/categories?post=9336"},{"taxonomy":"post_tag","embeddable":true,"href":"https:\/\/profertil-female.eu\/fr\/wp-json\/wp\/v2\/tags?post=9336"}],"curies":[{"name":"wp","href":"https:\/\/api.w.org\/{rel}","templated":true}]}}