{"id":9727,"date":"2022-06-23T16:58:46","date_gmt":"2022-06-23T14:58:46","guid":{"rendered":"https:\/\/profertil-female.eu\/studien\/amh-eizellreserve-copy\/"},"modified":"2025-01-20T09:54:04","modified_gmt":"2025-01-20T08:54:04","slug":"ss-rate-studie-2024","status":"publish","type":"page","link":"https:\/\/profertil-female.eu\/at\/studien\/ss-rate-studie-2024\/","title":{"rendered":"Schwangerschaftsrate-Studie 2024"},"content":{"rendered":"\n<div class=\"wp-block-group profertil-header-group\"><div class=\"wp-block-group__inner-container is-layout-flow wp-block-group-is-layout-flow\">\n<div class=\"wp-block-cover alignfull is-light has-custom-content-position is-position-center-left profertil-header-group__block-cover no-margin__bottom\"><span aria-hidden=\"true\" class=\"wp-block-cover__background has-accent-background-color has-background-dim-10 has-background-dim\"><\/span><img loading=\"lazy\" decoding=\"async\" width=\"1920\" height=\"775\" class=\"wp-block-cover__image-background wp-image-11086\" alt=\"\" src=\"https:\/\/profertil-female.eu\/wp-content\/uploads\/2023\/05\/produkt-info-bg.jpg\" data-object-fit=\"cover\" srcset=\"https:\/\/profertil-female.eu\/wp-content\/uploads\/2023\/05\/produkt-info-bg.jpg 1920w, https:\/\/profertil-female.eu\/wp-content\/uploads\/2023\/05\/produkt-info-bg-300x121.jpg 300w, https:\/\/profertil-female.eu\/wp-content\/uploads\/2023\/05\/produkt-info-bg-1024x413.jpg 1024w, https:\/\/profertil-female.eu\/wp-content\/uploads\/2023\/05\/produkt-info-bg-768x310.jpg 768w, https:\/\/profertil-female.eu\/wp-content\/uploads\/2023\/05\/produkt-info-bg-1536x620.jpg 1536w\" sizes=\"auto, (max-width: 1920px) 100vw, 1920px\" \/><div class=\"wp-block-cover__inner-container is-layout-flow wp-block-cover-is-layout-flow\">\n<h1 class=\"text-shadow has-white-color has-text-color wp-block-heading\">Schwangerschaftsrate<br>wird erh\u00f6ht<\/h1>\n<\/div><\/div>\n<\/div><\/div>\n\n\n\n<div class=\"wp-block-cover alignfull is-light window-height centered width-100\" id=\"section1\"><span aria-hidden=\"true\" class=\"wp-block-cover__background has-white-background-color has-background-dim-100 has-background-dim\"><\/span><div class=\"wp-block-cover__inner-container is-layout-flow wp-block-cover-is-layout-flow\">\n<div style=\"height:100px\" aria-hidden=\"true\" class=\"wp-block-spacer\"><\/div>\n\n\n\n<div class=\"wp-block-columns is-layout-flex wp-container-core-columns-is-layout-1 wp-block-columns-is-layout-flex\">\n<div class=\"wp-block-column is-layout-flow wp-block-column-is-layout-flow\" style=\"flex-basis:75%\">\n<figure class=\"wp-block-image size-full is-resized\"><img loading=\"lazy\" decoding=\"async\" src=\"https:\/\/profertil-female.eu\/wp-content\/uploads\/2021\/09\/neue-studie-icon@2x.png\" alt=\"\" class=\"wp-image-3288\" width=\"413\" height=\"62\" srcset=\"https:\/\/profertil-female.eu\/wp-content\/uploads\/2021\/09\/neue-studie-icon@2x.png 550w, https:\/\/profertil-female.eu\/wp-content\/uploads\/2021\/09\/neue-studie-icon@2x-300x45.png 300w\" sizes=\"auto, (max-width: 413px) 100vw, 413px\" \/><\/figure>\n\n\n\n<h5 class=\"has-accent-color has-text-color has-profertil-medium-font-size wp-block-heading\"><mark style=\"background-color:rgba(0, 0, 0, 0);color:#a3753b\" class=\"has-inline-color\">Wissenschaftlich belegt: <br><\/mark><strong>PROFERTIL\u00ae female erh\u00f6ht<\/strong> die Chance, schwanger zu werden<\/h5>\n\n\n\n<div style=\"height:30px\" aria-hidden=\"true\" class=\"wp-block-spacer\"><\/div>\n\n\n\n<p>Die Zahl der Frauen, die sich ihren Kinderwunsch sp\u00e4ter im Leben erf\u00fcllen m\u00f6chten, steigt weltweit stetig an. Gleichzeitig sinken mit zunehmendem Alter die Chancen auf eine spontane Schwangerschaft aufgrund der nat\u00fcrlichen Abnahme der Eizellqualit\u00e4t und -quantit\u00e4t. In diesem Zusammenhang suchen viele Frauen nach M\u00f6glichkeiten, ihre Fruchtbarkeit zu unterst\u00fctzen, bevor sie auf invasive Verfahren zur\u00fcckgreifen. <\/p>\n\n\n\n<p class=\"has-accent-color has-text-color\"><strong>PROFERTIL\u00ae female bietet wissenschaftlich fundierte Unterst\u00fctzung<\/strong>!<\/p>\n\n\n\n<p><\/p>\n\n\n\n<p>PROFERTIL<sup>\u00ae<\/sup>&nbsp;female ist eine einzigartige Kombination aus sorgf\u00e4ltig ausgew\u00e4hlten Mikron\u00e4hrstoffen mit klinisch nachgewiesener Wirksamkeit f\u00fcr Frauen, die die optimalen Voraussetzungen f\u00fcr eine erfolgreiche Schwangerschaft auf nat\u00fcrlichem Weg schaffen m\u00f6chten.<\/p>\n\n\n\n<figure class=\"wp-block-image size-large\"><img loading=\"lazy\" decoding=\"async\" width=\"1024\" height=\"450\" src=\"https:\/\/profertil-female.eu\/wp-content\/uploads\/2024\/10\/Grafik_Schwangerschaftsraten-nach-Mikronaehrstofftherapie_DE_1024x450px_96dpi-1024x450.png\" alt=\"\" class=\"wp-image-12452\" srcset=\"https:\/\/profertil-female.eu\/wp-content\/uploads\/2024\/10\/Grafik_Schwangerschaftsraten-nach-Mikronaehrstofftherapie_DE_1024x450px_96dpi-1024x450.png 1024w, https:\/\/profertil-female.eu\/wp-content\/uploads\/2024\/10\/Grafik_Schwangerschaftsraten-nach-Mikronaehrstofftherapie_DE_1024x450px_96dpi-300x132.png 300w, https:\/\/profertil-female.eu\/wp-content\/uploads\/2024\/10\/Grafik_Schwangerschaftsraten-nach-Mikronaehrstofftherapie_DE_1024x450px_96dpi-768x338.png 768w, https:\/\/profertil-female.eu\/wp-content\/uploads\/2024\/10\/Grafik_Schwangerschaftsraten-nach-Mikronaehrstofftherapie_DE_1024x450px_96dpi.png 1365w\" sizes=\"auto, (max-width: 1024px) 100vw, 1024px\" \/><\/figure>\n\n\n\n<div style=\"height:30px\" aria-hidden=\"true\" class=\"wp-block-spacer\"><\/div>\n\n\n\n<p><strong>Wissenschaftliche Ergebnisse<\/strong>:<\/p>\n\n\n\n<div style=\"height:30px\" aria-hidden=\"true\" class=\"wp-block-spacer\"><\/div>\n\n\n\n<ul class=\"wp-block-list\">\n<li>In der retrospektiven, vergleichenden Studie wurden 270 Frauen untersucht, die entweder <strong><strong>PROFERTIL\u00ae female<\/strong><\/strong> oder nur 400 \u03bcg Fols\u00e4ure erhielten.<\/li>\n\n\n\n<li>Nach 6 Monaten zeigte die Gruppe, die <strong><strong>PROFERTIL\u00ae female<\/strong><\/strong> einnahm, eine <strong>Schwangerschaftsrate von 43,8 %<\/strong>, w\u00e4hrend die Kontrollgruppe, die nur Fols\u00e4ure erhielt, eine Rate von 29,8 % erreichte.<\/li>\n\n\n\n<li>Noch beeindruckender ist die kumulierte Schwangerschaftsrate: <strong>54,5 %<\/strong> der Frauen in der <strong><strong>PROFERTIL\u00ae female<\/strong><\/strong>-Gruppe wurden innerhalb von 6 Monaten schwanger, im Vergleich zu 34,1 % in der Kontrollgruppe.<\/li>\n<\/ul>\n\n\n\n<div style=\"height:30px\" aria-hidden=\"true\" class=\"wp-block-spacer\"><\/div>\n\n\n\n<div class=\"wp-block-media-text alignwide is-stacked-on-mobile is-vertically-aligned-center\" style=\"grid-template-columns:21% auto\"><figure class=\"wp-block-media-text__media\"><img loading=\"lazy\" decoding=\"async\" width=\"560\" height=\"252\" src=\"https:\/\/profertil-female.eu\/wp-content\/uploads\/2024\/10\/ginecologia-y-obstetricia_interim_72_dpi.png\" alt=\"\" class=\"wp-image-12497 size-full\" srcset=\"https:\/\/profertil-female.eu\/wp-content\/uploads\/2024\/10\/ginecologia-y-obstetricia_interim_72_dpi.png 560w, https:\/\/profertil-female.eu\/wp-content\/uploads\/2024\/10\/ginecologia-y-obstetricia_interim_72_dpi-300x135.png 300w\" sizes=\"auto, (max-width: 560px) 100vw, 560px\" \/><\/figure><div class=\"wp-block-media-text__content\">\n<p>*Aschauer J. et al., Clin Investig Ginecol Obstet. 2024;51:100988. <\/p>\n<\/div><\/div>\n\n\n\n<p class=\"has-profertil-small-font-size\"><\/p>\n<\/div>\n<\/div>\n\n\n\n<div style=\"height:100px\" aria-hidden=\"true\" class=\"wp-block-spacer\"><\/div>\n\n\n\n<div class=\"anchorlink show-for-medium stick-to-bottom\">\n            <a href=\"#section3\" class=\"has-accent-color\" data-smooth-scroll data-animation-duration=\"750\" data-animation-easing=\"swing\" data-offset=\"-23\">\n            <i class=\"material-icons md-expand_more anchor-pulse\"><\/i>\n        <\/a>\n    <\/div>\n<\/div><\/div>\n\n\n\n<div class=\"wp-block-cover alignfull is-light no-margin__bottom\" id=\"buynow\"><span aria-hidden=\"true\" class=\"wp-block-cover__background has-background-medium-background-color has-background-dim-100 has-background-dim\"><\/span><div class=\"wp-block-cover__inner-container is-layout-flow wp-block-cover-is-layout-flow\">\n<div style=\"height:120px\" aria-hidden=\"true\" class=\"wp-block-spacer\"><\/div>\n\n\n\n<div class=\"wp-block-columns are-vertically-aligned-center max-width__large is-layout-flex wp-container-core-columns-is-layout-2 wp-block-columns-is-layout-flex\">\n<div class=\"wp-block-column is-vertically-aligned-center max-width__large is-layout-flow wp-block-column-is-layout-flow\" style=\"flex-basis:40%\">\n<figure class=\"wp-block-image size-full is-resized\"><img loading=\"lazy\" decoding=\"async\" src=\"https:\/\/profertil-female.eu\/wp-content\/uploads\/2021\/08\/nummer-eins-de.png\" alt=\"\" class=\"wp-image-466\" width=\"536\" height=\"168\" srcset=\"https:\/\/profertil-female.eu\/wp-content\/uploads\/2021\/08\/nummer-eins-de.png 1071w, https:\/\/profertil-female.eu\/wp-content\/uploads\/2021\/08\/nummer-eins-de-300x94.png 300w, https:\/\/profertil-female.eu\/wp-content\/uploads\/2021\/08\/nummer-eins-de-1024x320.png 1024w, https:\/\/profertil-female.eu\/wp-content\/uploads\/2021\/08\/nummer-eins-de-768x240.png 768w\" sizes=\"auto, (max-width: 536px) 100vw, 536px\" \/><\/figure>\n\n\n\n<p><\/p>\n<\/div>\n\n\n\n<div class=\"wp-block-column is-vertically-aligned-center is-layout-flow wp-block-column-is-layout-flow\"><div class=\"wp-block-image\">\n<figure class=\"aligncenter size-full is-resized\"><img loading=\"lazy\" decoding=\"async\" src=\"https:\/\/profertil-female.eu\/wp-content\/uploads\/2021\/08\/packshot-plus-button-de.png\" alt=\"\" class=\"wp-image-467\" width=\"806\" height=\"410\" srcset=\"https:\/\/profertil-female.eu\/wp-content\/uploads\/2021\/08\/packshot-plus-button-de.png 1611w, https:\/\/profertil-female.eu\/wp-content\/uploads\/2021\/08\/packshot-plus-button-de-300x153.png 300w, https:\/\/profertil-female.eu\/wp-content\/uploads\/2021\/08\/packshot-plus-button-de-1024x521.png 1024w, https:\/\/profertil-female.eu\/wp-content\/uploads\/2021\/08\/packshot-plus-button-de-768x390.png 768w, https:\/\/profertil-female.eu\/wp-content\/uploads\/2021\/08\/packshot-plus-button-de-1536x781.png 1536w\" sizes=\"auto, (max-width: 806px) 100vw, 806px\" \/><\/figure><\/div><\/div>\n<\/div>\n\n\n\n<div style=\"height:50px\" aria-hidden=\"true\" class=\"wp-block-spacer\"><\/div>\n\n\n\n<div style=\"height:50px\" aria-hidden=\"true\" class=\"wp-block-spacer\"><\/div>\n\n\n\n<div class=\"wp-block-buttons is-horizontal is-content-justification-center is-layout-flex wp-container-core-buttons-is-layout-1 wp-block-buttons-is-layout-flex\">\n<div class=\"wp-block-button has-custom-font-size has-icon apotheke has-profertil-large-font-size\"><a class=\"wp-block-button__link has-profertil-gradient-from-bottom-gradient-background has-background wp-element-button\" href=\"#\">Kaufen<img loading=\"lazy\" decoding=\"async\" width=\"24\" height=\"24\" class=\"wp-image-189\" style=\"width: 24px;\" src=\"https:\/\/profertil-female.eu\/wp-content\/uploads\/2021\/08\/cart-icon.svg\" alt=\"\"><\/a><\/div>\n<\/div>\n\n\n\n<div style=\"height:50px\" aria-hidden=\"true\" class=\"wp-block-spacer\"><\/div>\n<\/div><\/div>\n","protected":false},"excerpt":{"rendered":"","protected":false},"author":1,"featured_media":0,"parent":3262,"menu_order":4,"comment_status":"closed","ping_status":"closed","template":"template-full-width-no-title.php","meta":{"_acf_changed":false,"pgc_sgb_lightbox_settings":"","footnotes":""},"categories":[],"tags":[],"class_list":["post-9727","page","type-page","status-publish","hentry"],"acf":[],"yoast_head":"<!-- This site is optimized with the Yoast SEO plugin v24.7 - https:\/\/yoast.com\/wordpress\/plugins\/seo\/ -->\n<title>Studie zum Anti-M\u00fcller-Hormon ab 35<\/title>\n<meta name=\"description\" content=\"Neue Studie zeigt: Ab 35 k\u00f6nnen AMH-Wert und Fertilit\u00e4t in einen kritischen Bereich abfallen. PROFERTIL\u00ae female kann dem entgegenwirken!\" \/>\n<meta name=\"robots\" content=\"index, follow, max-snippet:-1, max-image-preview:large, max-video-preview:-1\" \/>\n<link rel=\"canonical\" href=\"https:\/\/profertil-female.eu\/at\/studien\/ss-rate-studie-2024\/\" \/>\n<meta property=\"og:locale\" content=\"de_DE\" \/>\n<meta property=\"og:type\" content=\"article\" \/>\n<meta property=\"og:title\" content=\"Studie zum Anti-M\u00fcller-Hormon ab 35\" \/>\n<meta property=\"og:description\" content=\"Neue Studie zeigt: Ab 35 k\u00f6nnen AMH-Wert und Fertilit\u00e4t in einen kritischen Bereich abfallen. PROFERTIL\u00ae female kann dem entgegenwirken!\" \/>\n<meta property=\"og:url\" content=\"https:\/\/profertil-female.eu\/at\/studien\/ss-rate-studie-2024\/\" \/>\n<meta property=\"og:site_name\" content=\"PROFERTIL\u00ae female\" \/>\n<meta property=\"article:modified_time\" content=\"2025-01-20T08:54:04+00:00\" \/>\n<meta property=\"og:image\" content=\"https:\/\/profertil-female.eu\/wp-content\/uploads\/2023\/05\/produkt-info-bg.jpg\" \/>\n<meta name=\"twitter:card\" content=\"summary_large_image\" \/>\n<meta name=\"twitter:label1\" content=\"Gesch\u00e4tzte Lesezeit\" \/>\n\t<meta name=\"twitter:data1\" content=\"2 Minuten\" \/>\n<script type=\"application\/ld+json\" class=\"yoast-schema-graph\">{\"@context\":\"https:\/\/schema.org\",\"@graph\":[{\"@type\":\"WebPage\",\"@id\":\"https:\/\/profertil-female.eu\/at\/studien\/ss-rate-studie-2024\/\",\"url\":\"https:\/\/profertil-female.eu\/at\/studien\/ss-rate-studie-2024\/\",\"name\":\"Studie zum Anti-M\u00fcller-Hormon ab 35\",\"isPartOf\":{\"@id\":\"https:\/\/profertil-female.eu\/at\/#website\"},\"primaryImageOfPage\":{\"@id\":\"https:\/\/profertil-female.eu\/at\/studien\/ss-rate-studie-2024\/#primaryimage\"},\"image\":{\"@id\":\"https:\/\/profertil-female.eu\/at\/studien\/ss-rate-studie-2024\/#primaryimage\"},\"thumbnailUrl\":\"https:\/\/profertil-female.eu\/wp-content\/uploads\/2023\/05\/produkt-info-bg.jpg\",\"datePublished\":\"2022-06-23T14:58:46+00:00\",\"dateModified\":\"2025-01-20T08:54:04+00:00\",\"description\":\"Neue Studie zeigt: Ab 35 k\u00f6nnen AMH-Wert und Fertilit\u00e4t in einen kritischen Bereich abfallen. PROFERTIL\u00ae female kann dem entgegenwirken!\",\"breadcrumb\":{\"@id\":\"https:\/\/profertil-female.eu\/at\/studien\/ss-rate-studie-2024\/#breadcrumb\"},\"inLanguage\":\"de-AT\",\"potentialAction\":[{\"@type\":\"ReadAction\",\"target\":[\"https:\/\/profertil-female.eu\/at\/studien\/ss-rate-studie-2024\/\"]}]},{\"@type\":\"ImageObject\",\"inLanguage\":\"de-AT\",\"@id\":\"https:\/\/profertil-female.eu\/at\/studien\/ss-rate-studie-2024\/#primaryimage\",\"url\":\"https:\/\/profertil-female.eu\/wp-content\/uploads\/2023\/05\/produkt-info-bg.jpg\",\"contentUrl\":\"https:\/\/profertil-female.eu\/wp-content\/uploads\/2023\/05\/produkt-info-bg.jpg\"},{\"@type\":\"BreadcrumbList\",\"@id\":\"https:\/\/profertil-female.eu\/at\/studien\/ss-rate-studie-2024\/#breadcrumb\",\"itemListElement\":[{\"@type\":\"ListItem\",\"position\":1,\"name\":\"Home\",\"item\":\"https:\/\/profertil-female.eu\/at\/\"},{\"@type\":\"ListItem\",\"position\":2,\"name\":\"Studien\",\"item\":\"https:\/\/profertil-female.eu\/at\/studien\/\"},{\"@type\":\"ListItem\",\"position\":3,\"name\":\"Schwangerschaftsrate-Studie 2024\"}]},{\"@type\":\"WebSite\",\"@id\":\"https:\/\/profertil-female.eu\/at\/#website\",\"url\":\"https:\/\/profertil-female.eu\/at\/\",\"name\":\"PROFERTIL\u00ae female\",\"description\":\"Die Fruchtbarkeitspille f\u00fcr die Frau\",\"potentialAction\":[{\"@type\":\"SearchAction\",\"target\":{\"@type\":\"EntryPoint\",\"urlTemplate\":\"https:\/\/profertil-female.eu\/at\/?s={search_term_string}\"},\"query-input\":{\"@type\":\"PropertyValueSpecification\",\"valueRequired\":true,\"valueName\":\"search_term_string\"}}],\"inLanguage\":\"de-AT\"}]}<\/script>\n<!-- \/ Yoast SEO plugin. -->","yoast_head_json":{"title":"Studie zum Anti-M\u00fcller-Hormon ab 35","description":"Neue Studie zeigt: Ab 35 k\u00f6nnen AMH-Wert und Fertilit\u00e4t in einen kritischen Bereich abfallen. PROFERTIL\u00ae female kann dem entgegenwirken!","robots":{"index":"index","follow":"follow","max-snippet":"max-snippet:-1","max-image-preview":"max-image-preview:large","max-video-preview":"max-video-preview:-1"},"canonical":"https:\/\/profertil-female.eu\/at\/studien\/ss-rate-studie-2024\/","og_locale":"de_DE","og_type":"article","og_title":"Studie zum Anti-M\u00fcller-Hormon ab 35","og_description":"Neue Studie zeigt: Ab 35 k\u00f6nnen AMH-Wert und Fertilit\u00e4t in einen kritischen Bereich abfallen. PROFERTIL\u00ae female kann dem entgegenwirken!","og_url":"https:\/\/profertil-female.eu\/at\/studien\/ss-rate-studie-2024\/","og_site_name":"PROFERTIL\u00ae female","article_modified_time":"2025-01-20T08:54:04+00:00","og_image":[{"url":"https:\/\/profertil-female.eu\/wp-content\/uploads\/2023\/05\/produkt-info-bg.jpg","type":"","width":"","height":""}],"twitter_card":"summary_large_image","twitter_misc":{"Gesch\u00e4tzte Lesezeit":"2 Minuten"},"schema":{"@context":"https:\/\/schema.org","@graph":[{"@type":"WebPage","@id":"https:\/\/profertil-female.eu\/at\/studien\/ss-rate-studie-2024\/","url":"https:\/\/profertil-female.eu\/at\/studien\/ss-rate-studie-2024\/","name":"Studie zum Anti-M\u00fcller-Hormon ab 35","isPartOf":{"@id":"https:\/\/profertil-female.eu\/at\/#website"},"primaryImageOfPage":{"@id":"https:\/\/profertil-female.eu\/at\/studien\/ss-rate-studie-2024\/#primaryimage"},"image":{"@id":"https:\/\/profertil-female.eu\/at\/studien\/ss-rate-studie-2024\/#primaryimage"},"thumbnailUrl":"https:\/\/profertil-female.eu\/wp-content\/uploads\/2023\/05\/produkt-info-bg.jpg","datePublished":"2022-06-23T14:58:46+00:00","dateModified":"2025-01-20T08:54:04+00:00","description":"Neue Studie zeigt: Ab 35 k\u00f6nnen AMH-Wert und Fertilit\u00e4t in einen kritischen Bereich abfallen. PROFERTIL\u00ae female kann dem entgegenwirken!","breadcrumb":{"@id":"https:\/\/profertil-female.eu\/at\/studien\/ss-rate-studie-2024\/#breadcrumb"},"inLanguage":"de-AT","potentialAction":[{"@type":"ReadAction","target":["https:\/\/profertil-female.eu\/at\/studien\/ss-rate-studie-2024\/"]}]},{"@type":"ImageObject","inLanguage":"de-AT","@id":"https:\/\/profertil-female.eu\/at\/studien\/ss-rate-studie-2024\/#primaryimage","url":"https:\/\/profertil-female.eu\/wp-content\/uploads\/2023\/05\/produkt-info-bg.jpg","contentUrl":"https:\/\/profertil-female.eu\/wp-content\/uploads\/2023\/05\/produkt-info-bg.jpg"},{"@type":"BreadcrumbList","@id":"https:\/\/profertil-female.eu\/at\/studien\/ss-rate-studie-2024\/#breadcrumb","itemListElement":[{"@type":"ListItem","position":1,"name":"Home","item":"https:\/\/profertil-female.eu\/at\/"},{"@type":"ListItem","position":2,"name":"Studien","item":"https:\/\/profertil-female.eu\/at\/studien\/"},{"@type":"ListItem","position":3,"name":"Schwangerschaftsrate-Studie 2024"}]},{"@type":"WebSite","@id":"https:\/\/profertil-female.eu\/at\/#website","url":"https:\/\/profertil-female.eu\/at\/","name":"PROFERTIL\u00ae female","description":"Die Fruchtbarkeitspille f\u00fcr die Frau","potentialAction":[{"@type":"SearchAction","target":{"@type":"EntryPoint","urlTemplate":"https:\/\/profertil-female.eu\/at\/?s={search_term_string}"},"query-input":{"@type":"PropertyValueSpecification","valueRequired":true,"valueName":"search_term_string"}}],"inLanguage":"de-AT"}]}},"_links":{"self":[{"href":"https:\/\/profertil-female.eu\/at\/wp-json\/wp\/v2\/pages\/9727","targetHints":{"allow":["GET"]}}],"collection":[{"href":"https:\/\/profertil-female.eu\/at\/wp-json\/wp\/v2\/pages"}],"about":[{"href":"https:\/\/profertil-female.eu\/at\/wp-json\/wp\/v2\/types\/page"}],"author":[{"embeddable":true,"href":"https:\/\/profertil-female.eu\/at\/wp-json\/wp\/v2\/users\/1"}],"replies":[{"embeddable":true,"href":"https:\/\/profertil-female.eu\/at\/wp-json\/wp\/v2\/comments?post=9727"}],"version-history":[{"count":50,"href":"https:\/\/profertil-female.eu\/at\/wp-json\/wp\/v2\/pages\/9727\/revisions"}],"predecessor-version":[{"id":12961,"href":"https:\/\/profertil-female.eu\/at\/wp-json\/wp\/v2\/pages\/9727\/revisions\/12961"}],"up":[{"embeddable":true,"href":"https:\/\/profertil-female.eu\/at\/wp-json\/wp\/v2\/pages\/3262"}],"wp:attachment":[{"href":"https:\/\/profertil-female.eu\/at\/wp-json\/wp\/v2\/media?parent=9727"}],"wp:term":[{"taxonomy":"category","embeddable":true,"href":"https:\/\/profertil-female.eu\/at\/wp-json\/wp\/v2\/categories?post=9727"},{"taxonomy":"post_tag","embeddable":true,"href":"https:\/\/profertil-female.eu\/at\/wp-json\/wp\/v2\/tags?post=9727"}],"curies":[{"name":"wp","href":"https:\/\/api.w.org\/{rel}","templated":true}]}}