{"id":3119,"date":"2021-09-29T14:25:52","date_gmt":"2021-09-29T12:25:52","guid":{"rendered":"https:\/\/profertil-female.eu\/?page_id=3119"},"modified":"2021-11-17T00:45:03","modified_gmt":"2021-11-16T23:45:03","slug":"impressum","status":"publish","type":"page","link":"https:\/\/profertil-female.eu\/at\/impressum\/","title":{"rendered":"Impressum"},"content":{"rendered":"\n<h4 class=\"wp-block-heading\">LENUS Pharma GesmbH<\/h4>\n\n\n\n<p>Seeb\u00f6ckgasse 59<br>1160 Wien<br>Telefon: +43 1 405 14 19<br>Fax: +43 1 405 14 19 DW 20<br><a href=\"mailto:office@lenuspharma.com\">office@lenuspharma.com<\/a><br><a rel=\"noreferrer noopener\" href=\"https:\/\/profertil.eu\/proservice\/impressum\/?xurl=http%3A%2F%2Fwww.lenuspharma.com\" target=\"_blank\">www.lenuspharma.com<\/a><\/p>\n\n\n\n<p><strong>Bankdetails<\/strong><\/p>\n\n\n\n<p>OBERBANK AG<br>IBAN: AT80 1515 0005 0128 9847<br>BIC: OBKLAT2L<\/p>\n\n\n\n<p>UID: ATU 628 08 368<\/p>\n\n\n\n<p>Firmenbuchnummer:&nbsp; 282 292 K<br>Firmenbuchgericht: Handelsgericht Wien<br>Beh\u00f6rde gem. ECG: Magistratisches Bezirksamt des IX. Bezirkes<br>Firmensitz: Wien<br>Gesch\u00e4ftsf\u00fchrung:&nbsp; Brigitte Annerl, MSc<\/p>\n\n\n\n<p>Mitglied der WKO, Fachgruppe Handel, Sparte Lebensmittel<br>Gewerberechtliche Vorschriften: Gewerbeordnung (www.ris.bka.gv.at)<\/p>\n\n\n\n<p>Medieninhaber, Herausgeber und Verleger: Lenus Pharma GesmbH<br>Gesch\u00e4ftsf\u00fchrer: Brigitte Annerl, MSc<br>Adresse: siehe obige Adresse<br>Alle Rechte vorbehalten.<br>LENUS Pharma GesmbH \u00fcbernimmt keine Verantwortung f\u00fcr den Inhalt von verlinkten Seiten!<\/p>\n","protected":false},"excerpt":{"rendered":"<p>LENUS Pharma GesmbH Seeb\u00f6ckgasse 591160 WienTelefon: +43 1 405 14 19Fax: +43 1 405 14 19 DW 20office@lenuspharma.comwww.lenuspharma.com Bankdetails OBERBANK AGIBAN: AT80 1515 0005 0128 9847BIC: OBKLAT2L UID: ATU 628 08 368 Firmenbuchnummer:&nbsp; 282 292 KFirmenbuchgericht: Handelsgericht WienBeh\u00f6rde gem. ECG: Magistratisches Bezirksamt des IX. BezirkesFirmensitz: WienGesch\u00e4ftsf\u00fchrung:&nbsp; Brigitte Annerl, MSc Mitglied der WKO, Fachgruppe Handel, Sparte<a class=\"excerpt-read-more\" href=\"https:\/\/profertil-female.eu\/at\/impressum\/\" title=\"ReadImpressum\">&#8230; Read more &raquo;<\/a><\/p>\n","protected":false},"author":1,"featured_media":0,"parent":0,"menu_order":0,"comment_status":"closed","ping_status":"closed","template":"","meta":{"_acf_changed":false,"pgc_sgb_lightbox_settings":"","footnotes":""},"categories":[],"tags":[],"class_list":["post-3119","page","type-page","status-publish","hentry"],"acf":[],"yoast_head":"<!-- This site is optimized with the Yoast SEO plugin v24.7 - https:\/\/yoast.com\/wordpress\/plugins\/seo\/ -->\n<title>Impressum<\/title>\n<meta name=\"description\" content=\"LENUS Pharma GesmbH. Seeb\u00f6ckgasse 59. 1160 Wien. Telefon: +43 1 405 14 19. Fax: +43 1 405 14 19 DW 20. office@lenuspharma.com www.lenuspharma.com\" \/>\n<meta name=\"robots\" content=\"index, follow, max-snippet:-1, max-image-preview:large, max-video-preview:-1\" \/>\n<link rel=\"canonical\" href=\"https:\/\/profertil-female.eu\/at\/impressum\/\" \/>\n<meta property=\"og:locale\" content=\"de_DE\" \/>\n<meta property=\"og:type\" content=\"article\" \/>\n<meta property=\"og:title\" content=\"Impressum\" \/>\n<meta property=\"og:description\" content=\"LENUS Pharma GesmbH. Seeb\u00f6ckgasse 59. 1160 Wien. Telefon: +43 1 405 14 19. Fax: +43 1 405 14 19 DW 20. office@lenuspharma.com www.lenuspharma.com\" \/>\n<meta property=\"og:url\" content=\"https:\/\/profertil-female.eu\/at\/impressum\/\" \/>\n<meta property=\"og:site_name\" content=\"PROFERTIL\u00ae female\" \/>\n<meta property=\"article:modified_time\" content=\"2021-11-16T23:45:03+00:00\" \/>\n<meta name=\"twitter:card\" content=\"summary_large_image\" \/>\n<script type=\"application\/ld+json\" class=\"yoast-schema-graph\">{\"@context\":\"https:\/\/schema.org\",\"@graph\":[{\"@type\":\"WebPage\",\"@id\":\"https:\/\/profertil-female.eu\/at\/impressum\/\",\"url\":\"https:\/\/profertil-female.eu\/at\/impressum\/\",\"name\":\"Impressum\",\"isPartOf\":{\"@id\":\"https:\/\/profertil-female.eu\/at\/#website\"},\"datePublished\":\"2021-09-29T12:25:52+00:00\",\"dateModified\":\"2021-11-16T23:45:03+00:00\",\"description\":\"LENUS Pharma GesmbH. Seeb\u00f6ckgasse 59. 1160 Wien. Telefon: +43 1 405 14 19. Fax: +43 1 405 14 19 DW 20. office@lenuspharma.com www.lenuspharma.com\",\"breadcrumb\":{\"@id\":\"https:\/\/profertil-female.eu\/at\/impressum\/#breadcrumb\"},\"inLanguage\":\"de-AT\",\"potentialAction\":[{\"@type\":\"ReadAction\",\"target\":[\"https:\/\/profertil-female.eu\/at\/impressum\/\"]}]},{\"@type\":\"BreadcrumbList\",\"@id\":\"https:\/\/profertil-female.eu\/at\/impressum\/#breadcrumb\",\"itemListElement\":[{\"@type\":\"ListItem\",\"position\":1,\"name\":\"Home\",\"item\":\"https:\/\/profertil-female.eu\/at\/\"},{\"@type\":\"ListItem\",\"position\":2,\"name\":\"Impressum\"}]},{\"@type\":\"WebSite\",\"@id\":\"https:\/\/profertil-female.eu\/at\/#website\",\"url\":\"https:\/\/profertil-female.eu\/at\/\",\"name\":\"PROFERTIL\u00ae female\",\"description\":\"Die Fruchtbarkeitspille f\u00fcr die Frau\",\"potentialAction\":[{\"@type\":\"SearchAction\",\"target\":{\"@type\":\"EntryPoint\",\"urlTemplate\":\"https:\/\/profertil-female.eu\/at\/?s={search_term_string}\"},\"query-input\":{\"@type\":\"PropertyValueSpecification\",\"valueRequired\":true,\"valueName\":\"search_term_string\"}}],\"inLanguage\":\"de-AT\"}]}<\/script>\n<!-- \/ Yoast SEO plugin. -->","yoast_head_json":{"title":"Impressum","description":"LENUS Pharma GesmbH. Seeb\u00f6ckgasse 59. 1160 Wien. Telefon: +43 1 405 14 19. Fax: +43 1 405 14 19 DW 20. office@lenuspharma.com www.lenuspharma.com","robots":{"index":"index","follow":"follow","max-snippet":"max-snippet:-1","max-image-preview":"max-image-preview:large","max-video-preview":"max-video-preview:-1"},"canonical":"https:\/\/profertil-female.eu\/at\/impressum\/","og_locale":"de_DE","og_type":"article","og_title":"Impressum","og_description":"LENUS Pharma GesmbH. Seeb\u00f6ckgasse 59. 1160 Wien. Telefon: +43 1 405 14 19. Fax: +43 1 405 14 19 DW 20. office@lenuspharma.com www.lenuspharma.com","og_url":"https:\/\/profertil-female.eu\/at\/impressum\/","og_site_name":"PROFERTIL\u00ae female","article_modified_time":"2021-11-16T23:45:03+00:00","twitter_card":"summary_large_image","schema":{"@context":"https:\/\/schema.org","@graph":[{"@type":"WebPage","@id":"https:\/\/profertil-female.eu\/at\/impressum\/","url":"https:\/\/profertil-female.eu\/at\/impressum\/","name":"Impressum","isPartOf":{"@id":"https:\/\/profertil-female.eu\/at\/#website"},"datePublished":"2021-09-29T12:25:52+00:00","dateModified":"2021-11-16T23:45:03+00:00","description":"LENUS Pharma GesmbH. Seeb\u00f6ckgasse 59. 1160 Wien. Telefon: +43 1 405 14 19. Fax: +43 1 405 14 19 DW 20. office@lenuspharma.com www.lenuspharma.com","breadcrumb":{"@id":"https:\/\/profertil-female.eu\/at\/impressum\/#breadcrumb"},"inLanguage":"de-AT","potentialAction":[{"@type":"ReadAction","target":["https:\/\/profertil-female.eu\/at\/impressum\/"]}]},{"@type":"BreadcrumbList","@id":"https:\/\/profertil-female.eu\/at\/impressum\/#breadcrumb","itemListElement":[{"@type":"ListItem","position":1,"name":"Home","item":"https:\/\/profertil-female.eu\/at\/"},{"@type":"ListItem","position":2,"name":"Impressum"}]},{"@type":"WebSite","@id":"https:\/\/profertil-female.eu\/at\/#website","url":"https:\/\/profertil-female.eu\/at\/","name":"PROFERTIL\u00ae female","description":"Die Fruchtbarkeitspille f\u00fcr die Frau","potentialAction":[{"@type":"SearchAction","target":{"@type":"EntryPoint","urlTemplate":"https:\/\/profertil-female.eu\/at\/?s={search_term_string}"},"query-input":{"@type":"PropertyValueSpecification","valueRequired":true,"valueName":"search_term_string"}}],"inLanguage":"de-AT"}]}},"_links":{"self":[{"href":"https:\/\/profertil-female.eu\/at\/wp-json\/wp\/v2\/pages\/3119","targetHints":{"allow":["GET"]}}],"collection":[{"href":"https:\/\/profertil-female.eu\/at\/wp-json\/wp\/v2\/pages"}],"about":[{"href":"https:\/\/profertil-female.eu\/at\/wp-json\/wp\/v2\/types\/page"}],"author":[{"embeddable":true,"href":"https:\/\/profertil-female.eu\/at\/wp-json\/wp\/v2\/users\/1"}],"replies":[{"embeddable":true,"href":"https:\/\/profertil-female.eu\/at\/wp-json\/wp\/v2\/comments?post=3119"}],"version-history":[{"count":1,"href":"https:\/\/profertil-female.eu\/at\/wp-json\/wp\/v2\/pages\/3119\/revisions"}],"predecessor-version":[{"id":3190,"href":"https:\/\/profertil-female.eu\/at\/wp-json\/wp\/v2\/pages\/3119\/revisions\/3190"}],"wp:attachment":[{"href":"https:\/\/profertil-female.eu\/at\/wp-json\/wp\/v2\/media?parent=3119"}],"wp:term":[{"taxonomy":"category","embeddable":true,"href":"https:\/\/profertil-female.eu\/at\/wp-json\/wp\/v2\/categories?post=3119"},{"taxonomy":"post_tag","embeddable":true,"href":"https:\/\/profertil-female.eu\/at\/wp-json\/wp\/v2\/tags?post=3119"}],"curies":[{"name":"wp","href":"https:\/\/api.w.org\/{rel}","templated":true}]}}