{"id":12125,"date":"2023-11-29T12:11:21","date_gmt":"2023-11-29T11:11:21","guid":{"rendered":"https:\/\/profertil-female.eu\/?page_id=12125"},"modified":"2024-04-11T15:00:56","modified_gmt":"2024-04-11T13:00:56","slug":"altersbedingte-fruchtbarkeitsstoerung","status":"publish","type":"page","link":"https:\/\/profertil-female.eu\/at\/fruchtbarkeit-steigern\/altersbedingte-fruchtbarkeitsstoerung\/","title":{"rendered":"Altersbedingte Faktoren (AMH)"},"content":{"rendered":"\n<div class=\"wp-block-group profertil-header-group\"><div class=\"wp-block-group__inner-container is-layout-flow wp-block-group-is-layout-flow\">\n<div class=\"wp-block-cover alignfull is-light has-custom-content-position is-position-center-left has-background-dim-10 has-accent-background-color has-background-dim profertil-header-group__block-cover no-margin__bottom\"><span aria-hidden=\"true\" class=\"wp-block-cover__background has-accent-background-color has-background-dim-10 has-background-dim\"><\/span><img loading=\"lazy\" decoding=\"async\" width=\"1920\" height=\"775\" class=\"wp-block-cover__image-background wp-image-12144\" alt=\"\" src=\"https:\/\/profertil-female.eu\/wp-content\/uploads\/2023\/12\/header-biological-clock.jpg\" data-object-fit=\"cover\" srcset=\"https:\/\/profertil-female.eu\/wp-content\/uploads\/2023\/12\/header-biological-clock.jpg 1920w, https:\/\/profertil-female.eu\/wp-content\/uploads\/2023\/12\/header-biological-clock-300x121.jpg 300w, https:\/\/profertil-female.eu\/wp-content\/uploads\/2023\/12\/header-biological-clock-1024x413.jpg 1024w, https:\/\/profertil-female.eu\/wp-content\/uploads\/2023\/12\/header-biological-clock-768x310.jpg 768w, https:\/\/profertil-female.eu\/wp-content\/uploads\/2023\/12\/header-biological-clock-1536x620.jpg 1536w\" sizes=\"auto, (max-width: 1920px) 100vw, 1920px\" \/><div class=\"wp-block-cover__inner-container is-layout-flow wp-block-cover-is-layout-flow\">\n<h1 class=\"text-shadow has-white-color has-text-color wp-block-heading\">Altersbedingte <br>Faktoren (AMH)<\/h1>\n<\/div><\/div>\n\n\n\n<div class=\"wp-block-group profertil-header-group__group-tagline\"><div class=\"wp-block-group__inner-container is-layout-flow wp-block-group-is-layout-flow\">\n<div class=\"wp-block-columns alignfull has-background-light-background-color has-background is-layout-flex wp-container-core-columns-is-layout-1 wp-block-columns-is-layout-flex\">\n<div class=\"wp-block-column is-layout-flow wp-block-column-is-layout-flow\" style=\"flex-basis:66.66%\">\n<h2 class=\"has-text-align-left wp-block-heading\">Unterst\u00fctzung einer <mark style=\"background-color:rgba(0, 0, 0, 0)\" class=\"has-inline-color has-accent-color\">gesunden Follikelreifung<\/mark> und eines <mark style=\"background-color:rgba(0, 0, 0, 0)\" class=\"has-inline-color has-accent-color\">regelm\u00e4\u00dfigen Eisprungs<\/mark><\/h2>\n<\/div>\n<\/div>\n\n\n\n<div class=\"anchorlink show-for-medium alignfull has-background-light-background-color\">\n            <a href=\"#section1\" class=\"has-accent-color\" data-smooth-scroll data-animation-duration=\"750\" data-animation-easing=\"swing\" data-offset=\"-23\">\n            <i class=\"material-icons md-expand_more anchor-pulse\"><\/i>\n        <\/a>\n    <\/div>\n<\/div><\/div>\n<\/div><\/div>\n\n\n\n<div class=\"wp-block-cover alignfull is-light window-height centered no-margin__bottom\" id=\"section1\"><span aria-hidden=\"true\" class=\"wp-block-cover__background has-background-medium-background-color has-background-dim-100 has-background-dim\"><\/span><div class=\"wp-block-cover__inner-container is-layout-flow wp-block-cover-is-layout-flow\">\n<div style=\"height:70px\" aria-hidden=\"true\" class=\"wp-block-spacer\"><\/div>\n\n\n\n<h3 class=\"has-profertil-medium-font-size wp-block-heading\">Kinderwunsch, wenn die Fruchtbarkeit bereits nachl\u00e4sst?<\/h3>\n\n\n\n<p><strong>In der westlichen Welt ist ein zunehmender Trend zur sp\u00e4ten Mutterschaft zu beobachten. Jedoch nimmt die Fruchtbarkeit der Frau mit dem Alter naturgem\u00e4\u00df ab. Die Hauptursache f\u00fcr die sinkende Fertilit\u00e4t liegt darin, dass die Zahl der Eizellen kontinuierlich geringer wird.<\/strong><\/p>\n\n\n\n<p>Die sogenannte ovariellen Funktionsreserve (FOR) kann Aufschluss dar\u00fcber geben, ob gen\u00fcgend Eizellen in den Eierst\u00f6cken f\u00fcr eine nat\u00fcrliche oder k\u00fcnstliche Befruchtung verf\u00fcgbar sind. Die Anzahl der im Ultraschall erkennbaren Follikel (Follikel-Monitoring) und der <a href=\"https:\/\/profertil-female.eu\/at\/studien\/amh-eizellreserve\/\" data-type=\"page\" data-id=\"3264\">AMH-Wert<\/a> werden zur Einsch\u00e4tzung der Eizellreserve herangezogen.<\/p>\n\n\n\n<p>Der Pool an Eizellen, den eine Frau im Laufe ihres Lebens verbrauchen kann, ist bereits von Geburt an festgelegt. Das bedeutet, dass der Vorrat an Eizellen begrenzt ist und mit dem Alter abnimmt. Diese Eizellen im Ursprungsstadium (= Prim\u00e4rfollikel) werden sp\u00e4ter ben\u00f6tigt, wobei es sich dabei nicht um eine Einzige pro Monat handelt, sondern in jedem Zyklus eine gr\u00f6\u00dfere Menge an Eizellen (= Kohorte) heranreift. Daraus wird ein dominanter Follikel (= Eibl\u00e4schen) ausgew\u00e4hlt, welcher zum \u201esprungreifen\u201c Follikel heranw\u00e4chst. In der Zyklusmitte erfolgt schlie\u00dflich der Eisprung.<\/p>\n\n\n\n<p>Jeden Monat w\u00e4chst so im besten Fall eine befruchtungsf\u00e4hige Eizelle heran. Ein <a href=\"https:\/\/profertil-female.eu\/at\/fruchtbarkeit-steigern\/zyklus-regulieren\/\" data-type=\"page\" data-id=\"3114\">regelm\u00e4\u00dfiger Zyklus<\/a> mit Eisprung bildet dabei die Grundlage f\u00fcr eine erfolgreiche Befruchtung durch die Samenzelle des Mannes und erh\u00f6ht in weiterer Folge die Chance auf eine Schwangerschaft.<\/p>\n\n\n\n<div style=\"height:70px\" aria-hidden=\"true\" class=\"wp-block-spacer\"><\/div>\n\n\n\n<div class=\"anchorlink show-for-medium stick-to-bottom\">\n            <a href=\"#section2\" class=\"has-accent-color\" data-smooth-scroll data-animation-duration=\"750\" data-animation-easing=\"swing\" data-offset=\"-23\">\n            <i class=\"material-icons md-expand_more anchor-pulse\"><\/i>\n        <\/a>\n    <\/div>\n<\/div><\/div>\n\n\n\n<div class=\"wp-block-cover alignfull is-light window-height centered no-margin__bottom\" id=\"section2\"><span aria-hidden=\"true\" class=\"wp-block-cover__background has-background-medium-background-color has-background-dim-100 has-background-dim\"><\/span><div class=\"wp-block-cover__inner-container is-layout-flow wp-block-cover-is-layout-flow\">\n<div style=\"height:70px\" aria-hidden=\"true\" class=\"wp-block-spacer\"><\/div>\n\n\n\n<h3 class=\"wp-block-heading\">Das Alter als Einflussfaktor<\/h3>\n\n\n\n<p>Das Alter stellt einen wesentlichen Faktor im Zusammenhang&nbsp;mit einer eingeschr\u00e4nkten Eizellreserve dar. Die Abnahme der Eizellreserve wird durch oxidativen Stress beschleunigt. Man spricht von \u201eOvarian Aging.\u201c<\/p>\n\n\n\n<div style=\"height:70px\" aria-hidden=\"true\" class=\"wp-block-spacer\"><\/div>\n\n\n\n<div class=\"anchorlink show-for-medium stick-to-bottom\">\n            <a href=\"#section3\" class=\"has-accent-color\" data-smooth-scroll data-animation-duration=\"750\" data-animation-easing=\"swing\" data-offset=\"-23\">\n            <i class=\"material-icons md-expand_more anchor-pulse\"><\/i>\n        <\/a>\n    <\/div>\n<\/div><\/div>\n\n\n\n<div class=\"wp-block-cover alignfull is-light window-height centered no-margin__bottom\" id=\"section3\"><span aria-hidden=\"true\" class=\"wp-block-cover__background has-background-medium-background-color has-background-dim-100 has-background-dim\"><\/span><div class=\"wp-block-cover__inner-container is-layout-flow wp-block-cover-is-layout-flow\">\n<div style=\"height:70px\" aria-hidden=\"true\" class=\"wp-block-spacer\"><\/div>\n\n\n\n<h3 class=\"wp-block-heading\">Oxidativer Stress<\/h3>\n\n\n\n<p>Der oxidative Stress in den Eierst\u00f6cken nimmt im Alter der Frau zu und wird durch einen zu hohen Anteil freier Radikale im menschlichen K\u00f6rper ausgel\u00f6st. In Kombination mit einer schwachen Abwehr (Mangel an Antioxidantien), f\u00fchrt dies zu einer schnelleren Alterung der Ovarien (= Eierst\u00f6cke) und hat so negative Auswirkungen auf die Eizellreserve. <\/p>\n\n\n\n<p>PROFERTIL\u00ae female sch\u00fctzt die Ovarien vor oxidativem Stress und hilft, die ovarielle Alterung bei Frauen \u00fcber 35 Jahren zu verlangsamen. Dies unterst\u00fctzt eine gesunde Follikelentwicklung sowie einen <a href=\"https:\/\/profertil-female.eu\/at\/fruchtbarkeit-steigern\/zyklus-regulieren\/\" data-type=\"page\" data-id=\"3114\">regelm\u00e4\u00dfigen Eisprung<\/a>.<\/p>\n\n\n\n<div style=\"height:70px\" aria-hidden=\"true\" class=\"wp-block-spacer\"><\/div>\n\n\n\n<div class=\"wp-block-columns is-layout-flex wp-container-core-columns-is-layout-2 wp-block-columns-is-layout-flex\">\n<div class=\"wp-block-column is-layout-flow wp-block-column-is-layout-flow\" style=\"flex-basis:75%\">\n<p>Ein regelm\u00e4\u00dfiger Menstruationszyklus und Eisprung zeigen die antioxidative Wirkung von PROFERTIL\u00ae female in den Ovarien.<\/p>\n<\/div>\n\n\n\n<div class=\"wp-block-column is-layout-flow wp-block-column-is-layout-flow\" style=\"flex-basis:25%\"><\/div>\n<\/div>\n\n\n\n<div style=\"height:50px\" aria-hidden=\"true\" class=\"wp-block-spacer\"><\/div>\n\n\n\n<figure class=\"wp-block-image size-large\"><img loading=\"lazy\" decoding=\"async\" width=\"1024\" height=\"368\" src=\"https:\/\/profertil-female.eu\/wp-content\/uploads\/2022\/06\/ovarieller-zyklus-de-1024x368.png\" alt=\"\" class=\"wp-image-9777\" srcset=\"https:\/\/profertil-female.eu\/wp-content\/uploads\/2022\/06\/ovarieller-zyklus-de-1024x368.png 1024w, https:\/\/profertil-female.eu\/wp-content\/uploads\/2022\/06\/ovarieller-zyklus-de-300x108.png 300w, https:\/\/profertil-female.eu\/wp-content\/uploads\/2022\/06\/ovarieller-zyklus-de-768x276.png 768w, https:\/\/profertil-female.eu\/wp-content\/uploads\/2022\/06\/ovarieller-zyklus-de-1536x552.png 1536w, https:\/\/profertil-female.eu\/wp-content\/uploads\/2022\/06\/ovarieller-zyklus-de-2048x736.png 2048w\" sizes=\"auto, (max-width: 1024px) 100vw, 1024px\" \/><\/figure>\n\n\n\n<div style=\"height:70px\" aria-hidden=\"true\" class=\"wp-block-spacer\"><\/div>\n\n\n\n<div class=\"anchorlink show-for-medium stick-to-bottom\">\n            <a href=\"#section4\" class=\"has-accent-color\" data-smooth-scroll data-animation-duration=\"750\" data-animation-easing=\"swing\" data-offset=\"-23\">\n            <i class=\"material-icons md-expand_more anchor-pulse\"><\/i>\n        <\/a>\n    <\/div>\n<\/div><\/div>\n\n\n\n<div class=\"wp-block-cover alignfull is-light window-height centered no-margin__bottom\" id=\"section4\"><span aria-hidden=\"true\" class=\"wp-block-cover__background has-background-medium-background-color has-background-dim-100 has-background-dim\"><\/span><div class=\"wp-block-cover__inner-container is-layout-flow wp-block-cover-is-layout-flow\">\n<div style=\"height:70px\" aria-hidden=\"true\" class=\"wp-block-spacer\"><\/div>\n\n\n\n<h3 class=\"wp-block-heading\">AMH (Anti-M\u00fcller-Hormon)<\/h3>\n\n\n\n<p>Das Anti-M\u00fcller-Hormon (AMH) gilt als ein zuverl\u00e4ssiger Marker der ovariellen Funktionsreserve bei Frauen \u00fcber 35 Jahren. Es ist ein Hormon, das von antralen (unreifen) Follikeln in den Eierst\u00f6cken produziert wird. <\/p>\n\n\n\n<p>Mittels Bestimmung des Serum-AMH-Werts, kann sozusagen eine Art Prognose abgegeben werden, wie lange sich eine Frau m\u00f6glicherweise noch Zeit lassen kann, um ihren Kinderwunsch zu erf\u00fcllen oder vice versa, sich eher bald ihrem Kinderwunsch widmen sollte. In einer klinischen Studie mit Frauen \u00fcber 35 Jahren konnte gezeigt werden, dass durch die dreimonatige Einnahme von PROFERTIL<sup>\u00ae<\/sup> female eine Erh\u00f6hung des AMH-Werts erreicht werden kann. <\/p>\n\n\n\n<p>Zus\u00e4tzlich konnte ein positiver Einfluss auf die Dicke der Geb\u00e4rmutterschleimhaut nachgewiesen werden, was eine wichtige Voraussetzung f\u00fcr die Einnistung der befruchteten Eizelle ist.<\/p>\n\n\n\n<div style=\"height:70px\" aria-hidden=\"true\" class=\"wp-block-spacer\"><\/div>\n\n\n\n<div class=\"wp-block-columns is-layout-flex wp-container-core-columns-is-layout-3 wp-block-columns-is-layout-flex\">\n<div class=\"wp-block-column is-vertically-aligned-center is-layout-flow wp-block-column-is-layout-flow\"><div class=\"wp-block-image\">\n<figure class=\"aligncenter size-large is-resized\"><img loading=\"lazy\" decoding=\"async\" src=\"https:\/\/profertil-female.eu\/wp-content\/uploads\/2022\/04\/Grafik_AMH-Level-Guideline_V2_DE@2x-1024x863.png\" alt=\"\" class=\"wp-image-7844\" width=\"512\" height=\"432\" srcset=\"https:\/\/profertil-female.eu\/wp-content\/uploads\/2022\/04\/Grafik_AMH-Level-Guideline_V2_DE@2x-1024x863.png 1024w, https:\/\/profertil-female.eu\/wp-content\/uploads\/2022\/04\/Grafik_AMH-Level-Guideline_V2_DE@2x-300x253.png 300w, https:\/\/profertil-female.eu\/wp-content\/uploads\/2022\/04\/Grafik_AMH-Level-Guideline_V2_DE@2x-768x648.png 768w, https:\/\/profertil-female.eu\/wp-content\/uploads\/2022\/04\/Grafik_AMH-Level-Guideline_V2_DE@2x-1536x1295.png 1536w, https:\/\/profertil-female.eu\/wp-content\/uploads\/2022\/04\/Grafik_AMH-Level-Guideline_V2_DE@2x.png 1914w\" sizes=\"auto, (max-width: 512px) 100vw, 512px\" \/><\/figure><\/div><\/div>\n\n\n\n<div class=\"wp-block-column is-vertically-aligned-center is-layout-flow wp-block-column-is-layout-flow\">\n<p><strong><mark style=\"background-color:rgba(0, 0, 0, 0)\" class=\"has-inline-color has-accent-color\">Gut zu wissen:<br><\/mark><\/strong>Bei <strong><a href=\"https:\/\/profertil-female.eu\/at\/anwendung\/kinderwunsch-und-pco-syndrom\/\">PCOS<\/a> <\/strong>hingegen kann der AMH-Wert erh\u00f6ht sein.<\/p>\n<\/div>\n<\/div>\n\n\n\n<div style=\"height:70px\" aria-hidden=\"true\" class=\"wp-block-spacer\"><\/div>\n\n\n\n<div class=\"anchorlink show-for-medium stick-to-bottom\">\n            <a href=\"#buynow\" class=\"has-accent-color\" data-smooth-scroll data-animation-duration=\"750\" data-animation-easing=\"swing\" data-offset=\"-23\">\n            <i class=\"material-icons md-expand_more anchor-pulse\"><\/i>\n        <\/a>\n    <\/div>\n<\/div><\/div>\n\n\n\n<div class=\"wp-block-cover alignfull has-background-medium-background-color has-background-dim no-margin__bottom\" id=\"buynow\"><div class=\"wp-block-cover__inner-container is-layout-flow wp-block-cover-is-layout-flow\">\n<div style=\"height:120px\" aria-hidden=\"true\" class=\"wp-block-spacer\"><\/div>\n\n\n\n<div class=\"wp-block-columns are-vertically-aligned-center max-width__large is-layout-flex wp-container-core-columns-is-layout-4 wp-block-columns-is-layout-flex\">\n<div class=\"wp-block-column is-vertically-aligned-center max-width__large is-layout-flow wp-block-column-is-layout-flow\" style=\"flex-basis:40%\">\n<figure class=\"wp-block-image size-full is-resized\"><img loading=\"lazy\" decoding=\"async\" src=\"https:\/\/profertil-female.eu\/wp-content\/uploads\/2021\/08\/nummer-eins-de.png\" alt=\"\" class=\"wp-image-466\" width=\"536\" height=\"168\" srcset=\"https:\/\/profertil-female.eu\/wp-content\/uploads\/2021\/08\/nummer-eins-de.png 1071w, https:\/\/profertil-female.eu\/wp-content\/uploads\/2021\/08\/nummer-eins-de-300x94.png 300w, https:\/\/profertil-female.eu\/wp-content\/uploads\/2021\/08\/nummer-eins-de-1024x320.png 1024w, https:\/\/profertil-female.eu\/wp-content\/uploads\/2021\/08\/nummer-eins-de-768x240.png 768w\" sizes=\"auto, (max-width: 536px) 100vw, 536px\" \/><\/figure>\n\n\n\n<p><\/p>\n<\/div>\n\n\n\n<div class=\"wp-block-column is-vertically-aligned-center is-layout-flow wp-block-column-is-layout-flow\">\n<div class=\"wp-block-image\"><figure class=\"aligncenter size-full is-resized\"><img loading=\"lazy\" decoding=\"async\" src=\"https:\/\/profertil-female.eu\/wp-content\/uploads\/2021\/08\/packshot-plus-button-de.png\" alt=\"\" class=\"wp-image-467\" width=\"806\" height=\"410\" srcset=\"https:\/\/profertil-female.eu\/wp-content\/uploads\/2021\/08\/packshot-plus-button-de.png 1611w, https:\/\/profertil-female.eu\/wp-content\/uploads\/2021\/08\/packshot-plus-button-de-300x153.png 300w, https:\/\/profertil-female.eu\/wp-content\/uploads\/2021\/08\/packshot-plus-button-de-1024x521.png 1024w, https:\/\/profertil-female.eu\/wp-content\/uploads\/2021\/08\/packshot-plus-button-de-768x390.png 768w, https:\/\/profertil-female.eu\/wp-content\/uploads\/2021\/08\/packshot-plus-button-de-1536x781.png 1536w\" sizes=\"auto, (max-width: 806px) 100vw, 806px\" \/><\/figure><\/div>\n<\/div>\n<\/div>\n\n\n\n<div style=\"height:50px\" aria-hidden=\"true\" class=\"wp-block-spacer\"><\/div>\n\n\n\n<div style=\"height:50px\" aria-hidden=\"true\" class=\"wp-block-spacer\"><\/div>\n\n\n\n<div class=\"wp-block-buttons is-content-justification-center is-layout-flex wp-block-buttons-is-layout-flex\">\n<div class=\"wp-block-button has-custom-font-size has-icon apotheke has-profertil-large-font-size\"><a class=\"wp-block-button__link has-profertil-gradient-from-bottom-gradient-background has-background\" href=\"#\">Kaufen<img loading=\"lazy\" decoding=\"async\" width=\"24\" height=\"24\" class=\"wp-image-189\" style=\"width: 24px;\" src=\"https:\/\/profertil-female.eu\/wp-content\/uploads\/2021\/08\/cart-icon.svg\" alt=\"\"><\/a><\/div>\n<\/div>\n\n\n\n<div style=\"height:50px\" aria-hidden=\"true\" class=\"wp-block-spacer\"><\/div>\n<\/div><\/div>\n","protected":false},"excerpt":{"rendered":"<p>Unterst\u00fctzung einer gesunden Follikelreifung und eines regelm\u00e4\u00dfigen Eisprungs<\/p>\n","protected":false},"author":1,"featured_media":0,"parent":3109,"menu_order":3,"comment_status":"closed","ping_status":"closed","template":"template-full-width-no-title.php","meta":{"_acf_changed":false,"pgc_sgb_lightbox_settings":"","footnotes":""},"categories":[],"tags":[],"class_list":["post-12125","page","type-page","status-publish","hentry"],"acf":[],"yoast_head":"<!-- This site is optimized with the Yoast SEO plugin v24.7 - https:\/\/yoast.com\/wordpress\/plugins\/seo\/ -->\n<title>Altersbedingte Faktoren (AMH) - PROFERTIL\u00ae female<\/title>\n<meta name=\"robots\" content=\"index, follow, max-snippet:-1, max-image-preview:large, max-video-preview:-1\" \/>\n<link rel=\"canonical\" href=\"https:\/\/profertil-female.eu\/at\/fruchtbarkeit-steigern\/altersbedingte-fruchtbarkeitsstoerung\/\" \/>\n<meta property=\"og:locale\" content=\"de_DE\" \/>\n<meta property=\"og:type\" content=\"article\" \/>\n<meta property=\"og:title\" content=\"Altersbedingte Faktoren (AMH) - PROFERTIL\u00ae female\" \/>\n<meta property=\"og:description\" content=\"Unterst\u00fctzung einer gesunden Follikelreifung und eines regelm\u00e4\u00dfigen Eisprungs\" \/>\n<meta property=\"og:url\" content=\"https:\/\/profertil-female.eu\/at\/fruchtbarkeit-steigern\/altersbedingte-fruchtbarkeitsstoerung\/\" \/>\n<meta property=\"og:site_name\" content=\"PROFERTIL\u00ae female\" \/>\n<meta property=\"article:modified_time\" content=\"2024-04-11T13:00:56+00:00\" \/>\n<meta property=\"og:image\" content=\"https:\/\/profertil-female.eu\/wp-content\/uploads\/2023\/12\/header-biological-clock.jpg\" \/>\n<meta name=\"twitter:card\" content=\"summary_large_image\" \/>\n<meta name=\"twitter:label1\" content=\"Gesch\u00e4tzte Lesezeit\" \/>\n\t<meta name=\"twitter:data1\" content=\"3 Minuten\" \/>\n<script type=\"application\/ld+json\" class=\"yoast-schema-graph\">{\"@context\":\"https:\/\/schema.org\",\"@graph\":[{\"@type\":\"WebPage\",\"@id\":\"https:\/\/profertil-female.eu\/at\/fruchtbarkeit-steigern\/altersbedingte-fruchtbarkeitsstoerung\/\",\"url\":\"https:\/\/profertil-female.eu\/at\/fruchtbarkeit-steigern\/altersbedingte-fruchtbarkeitsstoerung\/\",\"name\":\"Altersbedingte Faktoren (AMH) - PROFERTIL\u00ae female\",\"isPartOf\":{\"@id\":\"https:\/\/profertil-female.eu\/at\/#website\"},\"primaryImageOfPage\":{\"@id\":\"https:\/\/profertil-female.eu\/at\/fruchtbarkeit-steigern\/altersbedingte-fruchtbarkeitsstoerung\/#primaryimage\"},\"image\":{\"@id\":\"https:\/\/profertil-female.eu\/at\/fruchtbarkeit-steigern\/altersbedingte-fruchtbarkeitsstoerung\/#primaryimage\"},\"thumbnailUrl\":\"https:\/\/profertil-female.eu\/wp-content\/uploads\/2023\/12\/header-biological-clock.jpg\",\"datePublished\":\"2023-11-29T11:11:21+00:00\",\"dateModified\":\"2024-04-11T13:00:56+00:00\",\"breadcrumb\":{\"@id\":\"https:\/\/profertil-female.eu\/at\/fruchtbarkeit-steigern\/altersbedingte-fruchtbarkeitsstoerung\/#breadcrumb\"},\"inLanguage\":\"de-AT\",\"potentialAction\":[{\"@type\":\"ReadAction\",\"target\":[\"https:\/\/profertil-female.eu\/at\/fruchtbarkeit-steigern\/altersbedingte-fruchtbarkeitsstoerung\/\"]}]},{\"@type\":\"ImageObject\",\"inLanguage\":\"de-AT\",\"@id\":\"https:\/\/profertil-female.eu\/at\/fruchtbarkeit-steigern\/altersbedingte-fruchtbarkeitsstoerung\/#primaryimage\",\"url\":\"https:\/\/profertil-female.eu\/wp-content\/uploads\/2023\/12\/header-biological-clock.jpg\",\"contentUrl\":\"https:\/\/profertil-female.eu\/wp-content\/uploads\/2023\/12\/header-biological-clock.jpg\"},{\"@type\":\"BreadcrumbList\",\"@id\":\"https:\/\/profertil-female.eu\/at\/fruchtbarkeit-steigern\/altersbedingte-fruchtbarkeitsstoerung\/#breadcrumb\",\"itemListElement\":[{\"@type\":\"ListItem\",\"position\":1,\"name\":\"Home\",\"item\":\"https:\/\/profertil-female.eu\/at\/\"},{\"@type\":\"ListItem\",\"position\":2,\"name\":\"Fruchtbarkeit steigern\",\"item\":\"https:\/\/profertil-female.eu\/at\/fruchtbarkeit-steigern\/\"},{\"@type\":\"ListItem\",\"position\":3,\"name\":\"Altersbedingte Faktoren (AMH)\"}]},{\"@type\":\"WebSite\",\"@id\":\"https:\/\/profertil-female.eu\/at\/#website\",\"url\":\"https:\/\/profertil-female.eu\/at\/\",\"name\":\"PROFERTIL\u00ae female\",\"description\":\"Die Fruchtbarkeitspille f\u00fcr die Frau\",\"potentialAction\":[{\"@type\":\"SearchAction\",\"target\":{\"@type\":\"EntryPoint\",\"urlTemplate\":\"https:\/\/profertil-female.eu\/at\/?s={search_term_string}\"},\"query-input\":{\"@type\":\"PropertyValueSpecification\",\"valueRequired\":true,\"valueName\":\"search_term_string\"}}],\"inLanguage\":\"de-AT\"}]}<\/script>\n<!-- \/ Yoast SEO plugin. -->","yoast_head_json":{"title":"Altersbedingte Faktoren (AMH) - PROFERTIL\u00ae female","robots":{"index":"index","follow":"follow","max-snippet":"max-snippet:-1","max-image-preview":"max-image-preview:large","max-video-preview":"max-video-preview:-1"},"canonical":"https:\/\/profertil-female.eu\/at\/fruchtbarkeit-steigern\/altersbedingte-fruchtbarkeitsstoerung\/","og_locale":"de_DE","og_type":"article","og_title":"Altersbedingte Faktoren (AMH) - PROFERTIL\u00ae female","og_description":"Unterst\u00fctzung einer gesunden Follikelreifung und eines regelm\u00e4\u00dfigen Eisprungs","og_url":"https:\/\/profertil-female.eu\/at\/fruchtbarkeit-steigern\/altersbedingte-fruchtbarkeitsstoerung\/","og_site_name":"PROFERTIL\u00ae female","article_modified_time":"2024-04-11T13:00:56+00:00","og_image":[{"url":"https:\/\/profertil-female.eu\/wp-content\/uploads\/2023\/12\/header-biological-clock.jpg","type":"","width":"","height":""}],"twitter_card":"summary_large_image","twitter_misc":{"Gesch\u00e4tzte Lesezeit":"3 Minuten"},"schema":{"@context":"https:\/\/schema.org","@graph":[{"@type":"WebPage","@id":"https:\/\/profertil-female.eu\/at\/fruchtbarkeit-steigern\/altersbedingte-fruchtbarkeitsstoerung\/","url":"https:\/\/profertil-female.eu\/at\/fruchtbarkeit-steigern\/altersbedingte-fruchtbarkeitsstoerung\/","name":"Altersbedingte Faktoren (AMH) - PROFERTIL\u00ae female","isPartOf":{"@id":"https:\/\/profertil-female.eu\/at\/#website"},"primaryImageOfPage":{"@id":"https:\/\/profertil-female.eu\/at\/fruchtbarkeit-steigern\/altersbedingte-fruchtbarkeitsstoerung\/#primaryimage"},"image":{"@id":"https:\/\/profertil-female.eu\/at\/fruchtbarkeit-steigern\/altersbedingte-fruchtbarkeitsstoerung\/#primaryimage"},"thumbnailUrl":"https:\/\/profertil-female.eu\/wp-content\/uploads\/2023\/12\/header-biological-clock.jpg","datePublished":"2023-11-29T11:11:21+00:00","dateModified":"2024-04-11T13:00:56+00:00","breadcrumb":{"@id":"https:\/\/profertil-female.eu\/at\/fruchtbarkeit-steigern\/altersbedingte-fruchtbarkeitsstoerung\/#breadcrumb"},"inLanguage":"de-AT","potentialAction":[{"@type":"ReadAction","target":["https:\/\/profertil-female.eu\/at\/fruchtbarkeit-steigern\/altersbedingte-fruchtbarkeitsstoerung\/"]}]},{"@type":"ImageObject","inLanguage":"de-AT","@id":"https:\/\/profertil-female.eu\/at\/fruchtbarkeit-steigern\/altersbedingte-fruchtbarkeitsstoerung\/#primaryimage","url":"https:\/\/profertil-female.eu\/wp-content\/uploads\/2023\/12\/header-biological-clock.jpg","contentUrl":"https:\/\/profertil-female.eu\/wp-content\/uploads\/2023\/12\/header-biological-clock.jpg"},{"@type":"BreadcrumbList","@id":"https:\/\/profertil-female.eu\/at\/fruchtbarkeit-steigern\/altersbedingte-fruchtbarkeitsstoerung\/#breadcrumb","itemListElement":[{"@type":"ListItem","position":1,"name":"Home","item":"https:\/\/profertil-female.eu\/at\/"},{"@type":"ListItem","position":2,"name":"Fruchtbarkeit steigern","item":"https:\/\/profertil-female.eu\/at\/fruchtbarkeit-steigern\/"},{"@type":"ListItem","position":3,"name":"Altersbedingte Faktoren (AMH)"}]},{"@type":"WebSite","@id":"https:\/\/profertil-female.eu\/at\/#website","url":"https:\/\/profertil-female.eu\/at\/","name":"PROFERTIL\u00ae female","description":"Die Fruchtbarkeitspille f\u00fcr die Frau","potentialAction":[{"@type":"SearchAction","target":{"@type":"EntryPoint","urlTemplate":"https:\/\/profertil-female.eu\/at\/?s={search_term_string}"},"query-input":{"@type":"PropertyValueSpecification","valueRequired":true,"valueName":"search_term_string"}}],"inLanguage":"de-AT"}]}},"_links":{"self":[{"href":"https:\/\/profertil-female.eu\/at\/wp-json\/wp\/v2\/pages\/12125","targetHints":{"allow":["GET"]}}],"collection":[{"href":"https:\/\/profertil-female.eu\/at\/wp-json\/wp\/v2\/pages"}],"about":[{"href":"https:\/\/profertil-female.eu\/at\/wp-json\/wp\/v2\/types\/page"}],"author":[{"embeddable":true,"href":"https:\/\/profertil-female.eu\/at\/wp-json\/wp\/v2\/users\/1"}],"replies":[{"embeddable":true,"href":"https:\/\/profertil-female.eu\/at\/wp-json\/wp\/v2\/comments?post=12125"}],"version-history":[{"count":35,"href":"https:\/\/profertil-female.eu\/at\/wp-json\/wp\/v2\/pages\/12125\/revisions"}],"predecessor-version":[{"id":12339,"href":"https:\/\/profertil-female.eu\/at\/wp-json\/wp\/v2\/pages\/12125\/revisions\/12339"}],"up":[{"embeddable":true,"href":"https:\/\/profertil-female.eu\/at\/wp-json\/wp\/v2\/pages\/3109"}],"wp:attachment":[{"href":"https:\/\/profertil-female.eu\/at\/wp-json\/wp\/v2\/media?parent=12125"}],"wp:term":[{"taxonomy":"category","embeddable":true,"href":"https:\/\/profertil-female.eu\/at\/wp-json\/wp\/v2\/categories?post=12125"},{"taxonomy":"post_tag","embeddable":true,"href":"https:\/\/profertil-female.eu\/at\/wp-json\/wp\/v2\/tags?post=12125"}],"curies":[{"name":"wp","href":"https:\/\/api.w.org\/{rel}","templated":true}]}}